{"id":13006,"date":"2023-06-01T18:13:17","date_gmt":"2023-06-01T18:13:17","guid":{"rendered":"https:\/\/50d306ed0c.nxcli.io\/product\/cube-stereo-hybrid-160-hpc-race-625-27-5-icebluenblack-3\/"},"modified":"2025-01-23T00:00:04","modified_gmt":"2025-01-23T00:00:04","slug":"cube-stereo-hybrid-160-hpc-race-625-27-5-icebluenblack-3","status":"publish","type":"product","link":"https:\/\/cube-bikes.ca\/fr\/produit\/cube-stereo-hybrid-160-hpc-race-625-27-5-icebluenblack-3\/","title":{"rendered":"Cube Stereo Hybrid 160 HPC Race 625 27.5 iceblue&#8217;n&#8217;black"},"content":{"rendered":"<p>L&#8217;enduro vient de recevoir une dose suppl\u00e9mentaire d&#8217;excitation. Le Stereo Hybrid 160 HPC Race vous permet de garder le contr\u00f4le sur la piste, avec 170 mm de d\u00e9battement RockShox gr\u00e2ce \u00e0 la fourche Domain R et \u00e0 l&#8217;amortisseur Deluxe Select. Les freins \u00e0 disque hydrauliques MT Thirty de Magura et les pneus Maxxis Minion DHF 2.5in et DHR II 2.4in vous permettent d&#8217;\u00eatre toujours au top de l&#8217;action, quelles que soient les conditions. Les vitesses Deore 1&#215;12 de Shimano, fiables et souples, sont associ\u00e9es au moteur CX de quatri\u00e8me g\u00e9n\u00e9ration de Bosch et \u00e0 une batterie haute capacit\u00e9 pour faire tourner les roues. Une tige de descente d\u00e9port\u00e9e est \u00e9galement fournie de s\u00e9rie, pour les choix de lignes hors-piste. Apportez. Il. Sur.<\/p>\n","protected":false},"excerpt":{"rendered":"<p>L&#8217;enduro vient de recevoir une dose suppl\u00e9mentaire d&#8217;excitation. Le Stereo Hybrid 160 HPC Race vous permet de garder le contr\u00f4le sur la piste, avec 170&#8230;<\/p>\n","protected":false},"featured_media":11874,"comment_status":"open","ping_status":"closed","template":"","meta":[],"etheme_brands":[],"product_brand":[],"product_cat":[16327],"product_tag":[],"class_list":{"0":"post-13006","1":"product","2":"type-product","3":"status-publish","4":"has-post-thumbnail","6":"product_cat-suspension-totale","7":"pa_battery-bosch-powertube-625-fr","8":"pa_brake_system-magura-mt-thirty-avant-4-pistons-arriere-4-pistons-hydr-frein-a-disque-203-203","9":"pa_cassette-shimano-deore-cs-m6100-10-51t-fr","10":"pa_chain-shimano-cn-m6100-fr","11":"pa_chain_guide-reverse-flip-guide-e-chain-guide-montage-direct-gen4","12":"pa_charger-bosch-4a-fr","13":"pa_crankset-manivelle-acid-165mm-36t","14":"pa_fork-rockshox-domain-r-conique-15x110mm-approuve-emtb-170mm","15":"pa_front_hub-shimano-hb-mt400-b-15mm-boost-centerlock","16":"pa_front_tire-maxxis-minion-dhf-dual-exo-tubeless-ready-2-5-wt","17":"pa_grips-acid-react-pro-fr-2","18":"pa_handlebar-newmen-evolution-sl-318-25-780mm-fr","19":"pa_headset-acros-azf-1035-icr-integrated-cable-routing-blocklock-120-empilage-zero-en-haut-1-1-2-zs-56mm-empilage-zero-en-bas-1-1-2-zs-56mm","20":"pa_lts_display-oui","21":"pa_model_year-2023-fr","22":"pa_motor-bosch-drive-unit-performance-cx-generation-4-85nm-cruise-250watt-smart-system-fr","23":"pa_msrp_product-4799-000000","24":"pa_rear_derailleur-shimano-deore-rd-m6100-sgs-shadowplus-12-vitesses","25":"pa_rear_hub-shimano-fh-mt410-b-12mm-boost-centerlock","26":"pa_rear_tire-maxxis-minion-dhr-ii-dual-exo-tubeless-ready-2-4-wt","27":"pa_rims-cube-ex30-32h-disque-tubeless-ready","28":"pa_rts_display-non","29":"pa_saddle-natural-fit-venec-fr-2","30":"pa_seat_post-cube-dropper-post-levier-de-guidon-passage-de-cable-interne-31-6mm-fr","31":"pa_seatclamp-cube-screwlock-semi-integre-34-9mm-fr","32":"pa_shifters-shimano-deore-sl-m6100-rapidfire-plus-fr","33":"pa_ship_weight-28-9-fr","34":"pa_shock-rockshox-deluxe-select-205x65mm-reglage-du-rebond-montage-par-tourillon","35":"pa_shock_hardware-partie-superieure-54-mm-partie-inferieure-222-x-8-mm","36":"pa_size-22-27-5-xl-fr","37":"pa_stem-tige-cube-performance-e-mtb-31-8mm","38":"pa_sw_featured-non","40":"first","41":"outofstock","42":"sale","43":"shipping-taxable","44":"purchasable","45":"product-type-simple"},"_links":{"self":[{"href":"https:\/\/cube-bikes.ca\/fr\/wp-json\/wp\/v2\/product\/13006","targetHints":{"allow":["GET"]}}],"collection":[{"href":"https:\/\/cube-bikes.ca\/fr\/wp-json\/wp\/v2\/product"}],"about":[{"href":"https:\/\/cube-bikes.ca\/fr\/wp-json\/wp\/v2\/types\/product"}],"replies":[{"embeddable":true,"href":"https:\/\/cube-bikes.ca\/fr\/wp-json\/wp\/v2\/comments?post=13006"}],"version-history":[{"count":0,"href":"https:\/\/cube-bikes.ca\/fr\/wp-json\/wp\/v2\/product\/13006\/revisions"}],"wp:featuredmedia":[{"embeddable":true,"href":"https:\/\/cube-bikes.ca\/fr\/wp-json\/wp\/v2\/media\/11874"}],"wp:attachment":[{"href":"https:\/\/cube-bikes.ca\/fr\/wp-json\/wp\/v2\/media?parent=13006"}],"wp:term":[{"taxonomy":"brand","embeddable":true,"href":"https:\/\/cube-bikes.ca\/fr\/wp-json\/wp\/v2\/etheme_brands?post=13006"},{"taxonomy":"product_brand","embeddable":true,"href":"https:\/\/cube-bikes.ca\/fr\/wp-json\/wp\/v2\/product_brand?post=13006"},{"taxonomy":"product_cat","embeddable":true,"href":"https:\/\/cube-bikes.ca\/fr\/wp-json\/wp\/v2\/product_cat?post=13006"},{"taxonomy":"product_tag","embeddable":true,"href":"https:\/\/cube-bikes.ca\/fr\/wp-json\/wp\/v2\/product_tag?post=13006"}],"curies":[{"name":"wp","href":"https:\/\/api.w.org\/{rel}","templated":true}]}}