{"id":13004,"date":"2023-06-01T18:13:17","date_gmt":"2023-06-01T18:13:17","guid":{"rendered":"https:\/\/50d306ed0c.nxcli.io\/product\/cube-stereo-hybrid-160-hpc-slx-750-27-5-carbonnreflex\/"},"modified":"2024-05-24T18:06:46","modified_gmt":"2024-05-24T18:06:46","slug":"cube-stereo-hybrid-160-hpc-slx-750-27-5-carbonnreflex","status":"publish","type":"product","link":"https:\/\/cube-bikes.ca\/fr\/produit\/cube-stereo-hybrid-160-hpc-slx-750-27-5-carbonnreflex\/","title":{"rendered":"Cube Stereo Hybrid 160 HPC SLX 750 27.5 carbon&#8217;n&#8217;reflex"},"content":{"rendered":"<p>D\u00e9couvrez l&#8217;e-mtb compatible avec l&#8217;enduro qui r\u00e9\u00e9crit les r\u00e8gles. Propuls\u00e9 par la quatri\u00e8me g\u00e9n\u00e9ration d&#8217;entra\u00eenement CX de Bosch et une batterie haute capacit\u00e9 de 750Wh pour la meilleure autonomie possible, le Stereo Hybrid 160 HPC SLX 750 se distingue par son m\u00e9lange de prouesses en mati\u00e8re de gravit\u00e9 et de capacit\u00e9s tout-terrain sur les pistes. Une fourche RockShox Zeb Select travaille avec un amortisseur arri\u00e8re Deluxe Select+ et une cin\u00e9matique CUBE soigneusement r\u00e9gl\u00e9e pour adoucir la piste. La l\u00e9gendaire transmission XT 1&#215;12 de Shimano vous offre l&#8217;autonomie dont vous avez besoin pour affronter n&#8217;importe quelle mont\u00e9e. Les freins \u00e0 disque hydrauliques Shimano, puissants et progressifs, avec des rotors surdimensionn\u00e9s \u00e0 l&#8217;avant et \u00e0 l&#8217;arri\u00e8re, combin\u00e9s \u00e0 une tige de descente \u00e0 distance, vous garantissent un contr\u00f4le total.<\/p>\n","protected":false},"excerpt":{"rendered":"<p>D\u00e9couvrez l&#8217;e-mtb compatible avec l&#8217;enduro qui r\u00e9\u00e9crit les r\u00e8gles. Propuls\u00e9 par la quatri\u00e8me g\u00e9n\u00e9ration d&#8217;entra\u00eenement CX de Bosch et une batterie haute capacit\u00e9 de 750Wh&#8230;<\/p>\n","protected":false},"featured_media":11875,"comment_status":"open","ping_status":"closed","template":"","meta":[],"etheme_brands":[],"product_brand":[],"product_cat":[16327],"product_tag":[],"class_list":{"0":"post-13004","1":"product","2":"type-product","3":"status-publish","4":"has-post-thumbnail","6":"product_cat-suspension-totale","7":"pa_battery-bosch-powertube-750-fr","8":"pa_brake_system-shimano-deore-br-m6120-hydr-frein-a-disque-203-203","9":"pa_cassette-shimano-deore-cs-m6100-10-51t-fr","10":"pa_chain-shimano-cn-m6100-fr","11":"pa_chain_guide-reverse-flip-guide-e-chain-guide-montage-direct-gen4","12":"pa_charger-bosch-4a-fr","13":"pa_crankset-manivelle-acid-165mm-36t","14":"pa_fork-rockshox-zeb-select-charger-rc-15x110mm-conique-approuve-emtb-170mm","15":"pa_front_tire-maxxis-assegai-maxxgrip-exo-tubeless-ready-2-5-wt","16":"pa_grips-acid-disrupt-soft-compound-fr","17":"pa_handlebar-newmen-evolution-sl-318-25-780mm-fr","18":"pa_headset-acros-azf-1035-icr-integrated-cable-routing-blocklock-120-empilage-zero-en-haut-1-1-2-zs-56mm-empilage-zero-en-bas-1-1-2-zs-56mm","19":"pa_lts_display-oui","20":"pa_model_year-2023-fr","21":"pa_motor-bosch-drive-unit-performance-cx-generation-4-85nm-cruise-250watt-smart-system-fr","22":"pa_msrp_product-6759-200000","23":"pa_rear_derailleur-shimano-xt-rd-m8100-sgs-shadowplus-12-vitesses","24":"pa_rear_tire-maxxis-minion-dhr-ii-maxxgrip-doubledown-tubeless-ready-2-4-wt","25":"pa_rts_display-non","26":"pa_saddle-natural-fit-venec-fr-2","27":"pa_seat_post-cube-dropper-post-levier-de-guidon-passage-de-cable-interne-31-6mm-fr","28":"pa_seatclamp-cube-screwlock-semi-integre-34-9mm-fr","29":"pa_shifters-shimano-deore-sl-m6100-ir-attachement-direct-rapidfire-plus","30":"pa_ship_weight-29-6","31":"pa_shock-rockshox-deluxe-select-205x65mm-reglage-du-rebond-montage-par-tourillon-blocage","32":"pa_shock_hardware-partie-superieure-54-mm-partie-inferieure-222-x-8-mm","33":"pa_size-22-27-5-xl-fr","34":"pa_stem-tige-cube-performance-e-mtb-31-8mm","35":"pa_wheelset-newmen-performance-30-28-28-rayons-15x110mm-12x148mm-tubeless-ready","37":"first","38":"outofstock","39":"shipping-taxable","40":"purchasable","41":"product-type-simple"},"_links":{"self":[{"href":"https:\/\/cube-bikes.ca\/fr\/wp-json\/wp\/v2\/product\/13004","targetHints":{"allow":["GET"]}}],"collection":[{"href":"https:\/\/cube-bikes.ca\/fr\/wp-json\/wp\/v2\/product"}],"about":[{"href":"https:\/\/cube-bikes.ca\/fr\/wp-json\/wp\/v2\/types\/product"}],"replies":[{"embeddable":true,"href":"https:\/\/cube-bikes.ca\/fr\/wp-json\/wp\/v2\/comments?post=13004"}],"version-history":[{"count":1,"href":"https:\/\/cube-bikes.ca\/fr\/wp-json\/wp\/v2\/product\/13004\/revisions"}],"predecessor-version":[{"id":13020,"href":"https:\/\/cube-bikes.ca\/fr\/wp-json\/wp\/v2\/product\/13004\/revisions\/13020"}],"wp:featuredmedia":[{"embeddable":true,"href":"https:\/\/cube-bikes.ca\/fr\/wp-json\/wp\/v2\/media\/11875"}],"wp:attachment":[{"href":"https:\/\/cube-bikes.ca\/fr\/wp-json\/wp\/v2\/media?parent=13004"}],"wp:term":[{"taxonomy":"brand","embeddable":true,"href":"https:\/\/cube-bikes.ca\/fr\/wp-json\/wp\/v2\/etheme_brands?post=13004"},{"taxonomy":"product_brand","embeddable":true,"href":"https:\/\/cube-bikes.ca\/fr\/wp-json\/wp\/v2\/product_brand?post=13004"},{"taxonomy":"product_cat","embeddable":true,"href":"https:\/\/cube-bikes.ca\/fr\/wp-json\/wp\/v2\/product_cat?post=13004"},{"taxonomy":"product_tag","embeddable":true,"href":"https:\/\/cube-bikes.ca\/fr\/wp-json\/wp\/v2\/product_tag?post=13004"}],"curies":[{"name":"wp","href":"https:\/\/api.w.org\/{rel}","templated":true}]}}