{"id":12987,"date":"2023-06-01T18:13:17","date_gmt":"2023-06-01T18:13:17","guid":{"rendered":"https:\/\/50d306ed0c.nxcli.io\/product\/cube-hyde-pro-metalgreennblack\/"},"modified":"2023-06-01T18:13:17","modified_gmt":"2023-06-01T18:13:17","slug":"cube-hyde-pro-metalgreennblack","status":"publish","type":"product","link":"https:\/\/cube-bikes.ca\/fr\/produit\/cube-hyde-pro-metalgreennblack\/","title":{"rendered":"Cube Hyde Pro metalgreen&#8217;n&#8217;black"},"content":{"rendered":"<p>Le Hyde Pro est la preuve que moins peut parfois \u00eatre plus. Son allure discr\u00e8te et ses lignes \u00e9pur\u00e9es cachent un v\u00e9lo sophistiqu\u00e9, facile \u00e0 vivre et parfaitement \u00e0 l&#8217;aise dans les rues de la ville. Le robuste et fiable moyeu Nexus \u00e0 8 vitesses de Shimano et la courroie Gates CDX super durable offrent un cyclisme propre et pratique n\u00e9cessitant peu d&#8217;entretien. Les puissants freins \u00e0 disque hydrauliques de Shimano vous permettent de vous arr\u00eater en toute s\u00e9curit\u00e9, quelles que soient les conditions m\u00e9t\u00e9orologiques. Les pneus Schwalbe \u00e0 roulage rapide sont adh\u00e9rents et confortables. R\u00e9appropriez-vous les rues &#8230;<\/p>\n","protected":false},"excerpt":{"rendered":"<p>Le Hyde Pro est la preuve que moins peut parfois \u00eatre plus. Son allure discr\u00e8te et ses lignes \u00e9pur\u00e9es cachent un v\u00e9lo sophistiqu\u00e9, facile \u00e0&#8230;<\/p>\n","protected":false},"featured_media":11880,"comment_status":"open","ping_status":"closed","template":"","meta":[],"etheme_brands":[],"product_brand":[],"product_cat":[16552],"product_tag":[],"class_list":{"0":"post-12987","1":"product","2":"type-product","3":"status-publish","4":"has-post-thumbnail","6":"product_cat-urbain-fr","7":"pa_bell-knog-oi-fr","8":"pa_brake_system-shimano-br-mt200-hydr-frein-a-disque-160-160","9":"pa_cassette-pignon-arriere-gates-cdn-22t","10":"pa_crankset-gates-s150-cdn-46t-170mm-bb-thun-zumba-fr","11":"pa_fork-fourche-rigide-en-aluminium-29-conique","12":"pa_frame-aluminium-superlite-urban-29-taper-double-butted-fr","13":"pa_front_hub-joytech-d761dse-centerlock","14":"pa_grips-voyages-acid","15":"pa_handlebar-barre-de-course-plate-cube-660mm","16":"pa_headset-cube-fph868-semi-integre","17":"pa_lts_display-oui","18":"pa_model_year-2023-fr","19":"pa_msrp_product-1999-000000","20":"pa_pedals-trekking-acid-pp-fr","21":"pa_rear_hub-shimano-nexus-sg-c6001-8d-8-vitesses","22":"pa_rims-cube-ux24-32h-disque-tubeless-ready","23":"pa_rts_display-non","24":"pa_saddle-natural-fit-nuance-lite-fr","25":"pa_seat_post-poteau-cube-performance-27-2mm","26":"pa_seatclamp-cube-screwlock-31-8mm-fr","27":"pa_shifters-shimano-alfine-sl-s503-fr","28":"pa_ship_weight-16-4","29":"pa_size-46-cm-xs-fr","30":"pa_stem-tige-cube-performance-pro-31-8mm","32":"first","33":"outofstock","34":"shipping-taxable","35":"purchasable","36":"product-type-simple"},"_links":{"self":[{"href":"https:\/\/cube-bikes.ca\/fr\/wp-json\/wp\/v2\/product\/12987","targetHints":{"allow":["GET"]}}],"collection":[{"href":"https:\/\/cube-bikes.ca\/fr\/wp-json\/wp\/v2\/product"}],"about":[{"href":"https:\/\/cube-bikes.ca\/fr\/wp-json\/wp\/v2\/types\/product"}],"replies":[{"embeddable":true,"href":"https:\/\/cube-bikes.ca\/fr\/wp-json\/wp\/v2\/comments?post=12987"}],"version-history":[{"count":0,"href":"https:\/\/cube-bikes.ca\/fr\/wp-json\/wp\/v2\/product\/12987\/revisions"}],"wp:featuredmedia":[{"embeddable":true,"href":"https:\/\/cube-bikes.ca\/fr\/wp-json\/wp\/v2\/media\/11880"}],"wp:attachment":[{"href":"https:\/\/cube-bikes.ca\/fr\/wp-json\/wp\/v2\/media?parent=12987"}],"wp:term":[{"taxonomy":"brand","embeddable":true,"href":"https:\/\/cube-bikes.ca\/fr\/wp-json\/wp\/v2\/etheme_brands?post=12987"},{"taxonomy":"product_brand","embeddable":true,"href":"https:\/\/cube-bikes.ca\/fr\/wp-json\/wp\/v2\/product_brand?post=12987"},{"taxonomy":"product_cat","embeddable":true,"href":"https:\/\/cube-bikes.ca\/fr\/wp-json\/wp\/v2\/product_cat?post=12987"},{"taxonomy":"product_tag","embeddable":true,"href":"https:\/\/cube-bikes.ca\/fr\/wp-json\/wp\/v2\/product_tag?post=12987"}],"curies":[{"name":"wp","href":"https:\/\/api.w.org\/{rel}","templated":true}]}}