{"id":12976,"date":"2023-06-01T18:13:18","date_gmt":"2023-06-01T18:13:18","guid":{"rendered":"https:\/\/50d306ed0c.nxcli.io\/product\/cube-ams-one11-c68x-pro-29-liquidredncarbon-8\/"},"modified":"2023-06-01T18:13:18","modified_gmt":"2023-06-01T18:13:18","slug":"cube-ams-one11-c68x-pro-29-liquidredncarbon-8","status":"publish","type":"product","link":"https:\/\/cube-bikes.ca\/fr\/produit\/cube-ams-one11-c68x-pro-29-liquidredncarbon-8\/","title":{"rendered":"Cube AMS ONE11 C:68X Pro 29 liquidred&#8217;n&#8217;carbon"},"content":{"rendered":"<p>Le sentier ne saura pas ce qui l&#8217;a frapp\u00e9. Le ch\u00e2ssis carbone ultral\u00e9ger du AMS ONE11 C:68X Pro 29, avec un d\u00e9battement de 110 mm \u00e0 l&#8217;arri\u00e8re et de 120 mm \u00e0 l&#8217;avant, vous permet de garder le contr\u00f4le. La fourche RockShox Recon Gold et l&#8217;amortisseur Deluxe Select+ s&#8217;occupent des bosses. Les vitesses GX Eagle 1&#215;12 de Sram, qui offrent un large \u00e9ventail de possibilit\u00e9s de changement de vitesse, transmettent votre puissance au sentier via les pneus Maxxis Forekaster 2,35 pouces mont\u00e9s sur les roues Fulcrum Red77. Les freins \u00e0 disque hydrauliques Magura MT Thirty vous permettent de contr\u00f4ler votre vitesse, car la puissance n&#8217;est rien sans le contr\u00f4le, n&#8217;est-ce pas ?<\/p>\n","protected":false},"excerpt":{"rendered":"<p>Le sentier ne saura pas ce qui l&#8217;a frapp\u00e9. Le ch\u00e2ssis carbone ultral\u00e9ger du AMS ONE11 C:68X Pro 29, avec un d\u00e9battement de 110 mm&#8230;<\/p>\n","protected":false},"featured_media":11887,"comment_status":"open","ping_status":"closed","template":"","meta":[],"etheme_brands":[],"product_brand":[],"product_cat":[16617],"product_tag":[],"class_list":{"0":"post-12976","1":"product","2":"type-product","3":"status-publish","4":"has-post-thumbnail","6":"product_cat-suspension-totale-fr","7":"pa_brake_system-magura-mt-thirty-avant-arriere-2-pistons-hydr-frein-a-disque-180-180","8":"pa_cassette-sram-xg-1275-eagle-10-52t-fr","9":"pa_chain-sram-sx-eagle-fr","10":"pa_crankset-sram-gx-eagle-boost-dub-30t-fr","11":"pa_fork-rockshox-recon-gold-rl-air-conique-15x110mm-120mm","12":"pa_frame-c68x-monocoque-advanced-twin-mold-technology-fsp-4-link-boost-148-udh-fr","13":"pa_grips-sdg-trois-fois","14":"pa_handlebar-newmen-evolution-318-20-760mm-fr","15":"pa_headset-acros-integre-haut-1-1-8-bas-1-1-2-inserts-en-fibre-pour-un-reglage-de-langle-de-06","16":"pa_lts_display-oui","17":"pa_model_year-2023-fr","18":"pa_msrp_product-7249-000000","19":"pa_rear_derailleur-sram-gx-eagle-12-vitesses","20":"pa_rts_display-non","21":"pa_saddle-natural-fit-nuance-fr","22":"pa_seat_post-tige-tombante-cube-levier-de-guidon-passage-de-cable-interne-30-9mm","23":"pa_seatclamp-screwlock-cube-34-9mm","24":"pa_shifters-declencheur-sram-gx-eagle","25":"pa_ship_weight-16-9","26":"pa_shock-rockshox-deluxe-select-190x42-5mm-fr","27":"pa_shock_hardware-avant-26x8mm-arriere-30x8mm","28":"pa_size-s-fr","29":"pa_stem-newmen-evolution-sl-318-4-31-8mm-fr","30":"pa_wheelset-fulcrum-red-77-28-28-rayons-15x110mm-12x148mm-tubeless-ready-fr","32":"first","33":"outofstock","34":"shipping-taxable","35":"purchasable","36":"product-type-simple"},"_links":{"self":[{"href":"https:\/\/cube-bikes.ca\/fr\/wp-json\/wp\/v2\/product\/12976","targetHints":{"allow":["GET"]}}],"collection":[{"href":"https:\/\/cube-bikes.ca\/fr\/wp-json\/wp\/v2\/product"}],"about":[{"href":"https:\/\/cube-bikes.ca\/fr\/wp-json\/wp\/v2\/types\/product"}],"replies":[{"embeddable":true,"href":"https:\/\/cube-bikes.ca\/fr\/wp-json\/wp\/v2\/comments?post=12976"}],"version-history":[{"count":0,"href":"https:\/\/cube-bikes.ca\/fr\/wp-json\/wp\/v2\/product\/12976\/revisions"}],"wp:featuredmedia":[{"embeddable":true,"href":"https:\/\/cube-bikes.ca\/fr\/wp-json\/wp\/v2\/media\/11887"}],"wp:attachment":[{"href":"https:\/\/cube-bikes.ca\/fr\/wp-json\/wp\/v2\/media?parent=12976"}],"wp:term":[{"taxonomy":"brand","embeddable":true,"href":"https:\/\/cube-bikes.ca\/fr\/wp-json\/wp\/v2\/etheme_brands?post=12976"},{"taxonomy":"product_brand","embeddable":true,"href":"https:\/\/cube-bikes.ca\/fr\/wp-json\/wp\/v2\/product_brand?post=12976"},{"taxonomy":"product_cat","embeddable":true,"href":"https:\/\/cube-bikes.ca\/fr\/wp-json\/wp\/v2\/product_cat?post=12976"},{"taxonomy":"product_tag","embeddable":true,"href":"https:\/\/cube-bikes.ca\/fr\/wp-json\/wp\/v2\/product_tag?post=12976"}],"curies":[{"name":"wp","href":"https:\/\/api.w.org\/{rel}","templated":true}]}}