{"id":12964,"date":"2023-06-01T18:13:18","date_gmt":"2023-06-01T18:13:18","guid":{"rendered":"https:\/\/50d306ed0c.nxcli.io\/product\/cube-nulane-pro-gris-et-noir-3\/"},"modified":"2024-05-24T18:02:30","modified_gmt":"2024-05-24T18:02:30","slug":"cube-nulane-pro-gris-et-noir-3","status":"publish","type":"product","link":"https:\/\/cube-bikes.ca\/fr\/produit\/cube-nulane-pro-gris-et-noir-3\/","title":{"rendered":"Cube Nulane Pro gris et noir"},"content":{"rendered":"<p>Restez simple, mais gardez aussi vos options ouvertes. La combinaison du poids l\u00e9ger et de la praticit\u00e9 du Nulane Pro en fait une force avec laquelle il faut compter dans les rues de la ville et sur les chemins de campagne. La transmission GRX 2&#215;10 de Shimano offre une large gamme de rapports et un d\u00e9raillage propre dans un ensemble durable et l\u00e9ger. Les puissants freins \u00e0 disque hydrauliques Tektro \u00e0 montage plat vous garantissent toujours une puissance suffisante pour vous arr\u00eater en toute s\u00e9curit\u00e9, m\u00eame si le temps vous joue des tours. La fourche confortable en carbone, les pneus Schwalbe G-One Allround et la facilit\u00e9 d&#8217;\u00e9volution des accessoires sont autant d&#8217;atouts pour ce v\u00e9lo.<\/p>\n","protected":false},"excerpt":{"rendered":"<p>Restez simple, mais gardez aussi vos options ouvertes. La combinaison du poids l\u00e9ger et de la praticit\u00e9 du Nulane Pro en fait une force avec&#8230;<\/p>\n","protected":false},"featured_media":11885,"comment_status":"open","ping_status":"closed","template":"","meta":[],"etheme_brands":[],"product_brand":[],"product_cat":[16552],"product_tag":[],"class_list":{"0":"post-12964","1":"product","2":"type-product","3":"status-publish","4":"has-post-thumbnail","6":"product_cat-urbain-fr","7":"pa_brake_system-tektro-hd-r280-hydr-disque-montage-plat-160-160","8":"pa_cassette-shimano-cs-hg500-11-34t-fr","9":"pa_chain-kmc-x10-fr","10":"pa_crankset-shimano-grx-fc-rx600-46x30t-fr","11":"pa_fork-cube-ts-disc-full-carbon-conique-montage-plat-12x100mm","12":"pa_frame-aluminium-superlite-trekking-sport-disque-plat-12x142mm-axh","13":"pa_front_derailleur-shimano-grx-fd-rx400","14":"pa_grips-voyages-acid","15":"pa_handlebar-barre-de-course-plate-cube-660mm","16":"pa_headset-vp-semi-integre-1-1-8-inferieur-integre-1-1-4","17":"pa_lts_display-oui","18":"pa_model_year-2023-fr","19":"pa_msrp_product-1500-000000","20":"pa_pedals-trekking-acid-pp-fr","21":"pa_rear_derailleur-shimano-grx-rd-rx400-10-vitesses","22":"pa_rts_display-non","23":"pa_saddle-natural-fit-nuacne-lite-fr","24":"pa_seat_post-poteau-cube-performance-27-2mm","25":"pa_seatclamp-cube-screwlock-31-8mm-fr","26":"pa_shifters-shimano-tiagra-sl-4700-fr","27":"pa_ship_weight-13-28","28":"pa_size-62-cm-xl-fr","29":"pa_stem-tige-cube-performance-pro-31-8mm","30":"pa_wheelset-cube-ra-1-9-aero-disc-tubeless-ready-fr","32":"first","33":"outofstock","34":"sale","35":"shipping-taxable","36":"purchasable","37":"product-type-simple"},"_links":{"self":[{"href":"https:\/\/cube-bikes.ca\/fr\/wp-json\/wp\/v2\/product\/12964","targetHints":{"allow":["GET"]}}],"collection":[{"href":"https:\/\/cube-bikes.ca\/fr\/wp-json\/wp\/v2\/product"}],"about":[{"href":"https:\/\/cube-bikes.ca\/fr\/wp-json\/wp\/v2\/types\/product"}],"replies":[{"embeddable":true,"href":"https:\/\/cube-bikes.ca\/fr\/wp-json\/wp\/v2\/comments?post=12964"}],"version-history":[{"count":1,"href":"https:\/\/cube-bikes.ca\/fr\/wp-json\/wp\/v2\/product\/12964\/revisions"}],"predecessor-version":[{"id":12983,"href":"https:\/\/cube-bikes.ca\/fr\/wp-json\/wp\/v2\/product\/12964\/revisions\/12983"}],"wp:featuredmedia":[{"embeddable":true,"href":"https:\/\/cube-bikes.ca\/fr\/wp-json\/wp\/v2\/media\/11885"}],"wp:attachment":[{"href":"https:\/\/cube-bikes.ca\/fr\/wp-json\/wp\/v2\/media?parent=12964"}],"wp:term":[{"taxonomy":"brand","embeddable":true,"href":"https:\/\/cube-bikes.ca\/fr\/wp-json\/wp\/v2\/etheme_brands?post=12964"},{"taxonomy":"product_brand","embeddable":true,"href":"https:\/\/cube-bikes.ca\/fr\/wp-json\/wp\/v2\/product_brand?post=12964"},{"taxonomy":"product_cat","embeddable":true,"href":"https:\/\/cube-bikes.ca\/fr\/wp-json\/wp\/v2\/product_cat?post=12964"},{"taxonomy":"product_tag","embeddable":true,"href":"https:\/\/cube-bikes.ca\/fr\/wp-json\/wp\/v2\/product_tag?post=12964"}],"curies":[{"name":"wp","href":"https:\/\/api.w.org\/{rel}","templated":true}]}}