{"id":12956,"date":"2023-06-01T18:13:19","date_gmt":"2023-06-01T18:13:19","guid":{"rendered":"https:\/\/50d306ed0c.nxcli.io\/product\/cube-stereo-one55-c62-slt-29-carbonnblack-8\/"},"modified":"2023-06-01T18:13:19","modified_gmt":"2023-06-01T18:13:19","slug":"cube-stereo-one55-c62-slt-29-carbonnblack-8","status":"publish","type":"product","link":"https:\/\/cube-bikes.ca\/fr\/produit\/cube-stereo-one55-c62-slt-29-carbonnblack-8\/","title":{"rendered":"Cube Stereo ONE55 C:62 SLT 29 carbon&#8217;n&#8217;black"},"content":{"rendered":"<p>Le nouveau Stereo ONE55 C:62 SLT 29 est l&#8217;ultime machine de course all mountain et enduro, capable d&#8217;aller partout et de rouler n&#8217;importe o\u00f9. L&#8217;objectif \u00e9tant de ne faire aucun compromis, nous avons commenc\u00e9 par une potence et un guidon en carbone d&#8217;une seule pi\u00e8ce pour un poids r\u00e9duit et une direction pr\u00e9cise. Associ\u00e9 \u00e0 la fourche Fox 36 Factory Grip2 et \u00e0 l&#8217;amortisseur Float X2 Factory, c&#8217;est le moyen id\u00e9al de montrer aux sentiers difficiles et rocailleux qui est le patron. Les freins \u00e0 disques hydrauliques Sram Code Ultimate permettent de contr\u00f4ler de pr\u00e8s une paire de roues en carbone Newmen Advanced chauss\u00e9es de pneus Schwalbe Nobby Nic de 2,4 pouces. Les vitesses sans fil XX1 Eagle 1&#215;12 AXS de Sram, pr\u00e9cises et lisses, vous aideront \u00e0 franchir les c\u00f4tes les plus difficiles. Ajoutez \u00e0 cela une tige de descente d\u00e9port\u00e9e et les touches de design soign\u00e9es de notre nouveau cadre en carbone C:62\u00ae, et vous avez tout ce qu&#8217;il faut pour dompter n&#8217;importe quel itin\u00e9raire alpin.<\/p>\n","protected":false},"excerpt":{"rendered":"<p>Le nouveau Stereo ONE55 C:62 SLT 29 est l&#8217;ultime machine de course all mountain et enduro, capable d&#8217;aller partout et de rouler n&#8217;importe o\u00f9. L&#8217;objectif&#8230;<\/p>\n","protected":false},"featured_media":18175,"comment_status":"open","ping_status":"closed","template":"","meta":[],"etheme_brands":[],"product_brand":[],"product_cat":[16617],"product_tag":[],"class_list":{"0":"post-12956","1":"product","2":"type-product","3":"status-publish","4":"has-post-thumbnail","6":"product_cat-suspension-totale-fr","7":"pa_brake_system-sram-code-ultimate-hydr-frein-a-disque-200-180","8":"pa_cassette-sram-xg-1299-eagle-rainbow-10-52t-fr","9":"pa_chain-sram-pc-xx1-eagle-rainbow-fr","10":"pa_chain_guide-guide-de-chaine-mrp-1x","11":"pa_crankset-sram-x01-eagle-carbon-32t-boost-fr","12":"pa_fork-fox-36-float-factory-fit-grip2-conique-15x110mm-160mm-kashima-coated","13":"pa_frame-c62-monocoque-advanced-twin-mold-technology-iscg05-boost-148-udh-fr","14":"pa_front_tire-schwalbe-nobby-nic-super-ground-addix-soft-kevlar-2-4","15":"pa_grips-acid-disrupt-soft-compound-fr","16":"pa_headset-acros-azf-675-icr-integrated-cable-routing-empilage-zero-superieur-1-1-2-zs-56mm-empilage-zero-inferieur-1-1-2-zs-56mm-insertions-de-fibres-pour-un-reglage-de-langle-de-04","17":"pa_lts_display-oui","18":"pa_model_year-2023-fr","19":"pa_rear_derailleur-sram-xx1-eagle-axs-12-vitesses","20":"pa_rear_tire-schwalbe-wicked-will-super-ground-addix-speedgrip-kevlar-2-4","21":"pa_rts_display-non","22":"pa_saddle-natural-fit-nuance-slt-carbon-fr","23":"pa_seat_post-fox-transfer-factory-30-9mm-kashima-coated","24":"pa_shifters-controleur-sram-eagle-axs","25":"pa_ship_weight-19-fr","26":"pa_shock-fox-float-x2-factory-205x60mm-rebond-et-compression-haute-basse-vitesse-avec-2-pos-levier-revetement-kashima","27":"pa_shock_hardware-haut-54mm-montage-a-tourillon-bas-22x8mm","28":"pa_size-m-fr","29":"pa_wheelset-newmen-advanced-sl-a-30-28-28-rayons-15x110mm-12x148mm-tubeless-ready","31":"first","32":"outofstock","33":"sale","34":"shipping-taxable","35":"purchasable","36":"product-type-simple"},"_links":{"self":[{"href":"https:\/\/cube-bikes.ca\/fr\/wp-json\/wp\/v2\/product\/12956","targetHints":{"allow":["GET"]}}],"collection":[{"href":"https:\/\/cube-bikes.ca\/fr\/wp-json\/wp\/v2\/product"}],"about":[{"href":"https:\/\/cube-bikes.ca\/fr\/wp-json\/wp\/v2\/types\/product"}],"replies":[{"embeddable":true,"href":"https:\/\/cube-bikes.ca\/fr\/wp-json\/wp\/v2\/comments?post=12956"}],"version-history":[{"count":0,"href":"https:\/\/cube-bikes.ca\/fr\/wp-json\/wp\/v2\/product\/12956\/revisions"}],"wp:featuredmedia":[{"embeddable":true,"href":"https:\/\/cube-bikes.ca\/fr\/wp-json\/wp\/v2\/media\/18175"}],"wp:attachment":[{"href":"https:\/\/cube-bikes.ca\/fr\/wp-json\/wp\/v2\/media?parent=12956"}],"wp:term":[{"taxonomy":"brand","embeddable":true,"href":"https:\/\/cube-bikes.ca\/fr\/wp-json\/wp\/v2\/etheme_brands?post=12956"},{"taxonomy":"product_brand","embeddable":true,"href":"https:\/\/cube-bikes.ca\/fr\/wp-json\/wp\/v2\/product_brand?post=12956"},{"taxonomy":"product_cat","embeddable":true,"href":"https:\/\/cube-bikes.ca\/fr\/wp-json\/wp\/v2\/product_cat?post=12956"},{"taxonomy":"product_tag","embeddable":true,"href":"https:\/\/cube-bikes.ca\/fr\/wp-json\/wp\/v2\/product_tag?post=12956"}],"curies":[{"name":"wp","href":"https:\/\/api.w.org\/{rel}","templated":true}]}}