{"id":12948,"date":"2023-06-01T18:13:19","date_gmt":"2023-06-01T18:13:19","guid":{"rendered":"https:\/\/50d306ed0c.nxcli.io\/product\/cube-stereo-one55-c62-slx-29-bondibluengrey-6\/"},"modified":"2023-06-01T18:13:19","modified_gmt":"2023-06-01T18:13:19","slug":"cube-stereo-one55-c62-slx-29-bondibluengrey-6","status":"publish","type":"product","link":"https:\/\/cube-bikes.ca\/fr\/produit\/cube-stereo-one55-c62-slx-29-bondibluengrey-6\/","title":{"rendered":"Cube Stereo ONE55 C:62 SLX 29 bondiblue&#8217;n&#8217;grey"},"content":{"rendered":"<p>Les sentiers difficiles exigent un v\u00e9lo sur lequel vous pouvez compter. C&#8217;est pourquoi, pour le nouveau Stereo ONE55 C:62 SLX 29, nous avons commenc\u00e9 par la superbe fourche Fox 36 Performance Elite GRIP2 et l&#8217;amortisseur Float X2 Performance, qui compl\u00e8tent parfaitement la cin\u00e9matique progressive du cadre en carbone. Une manivelle en carbone Praxis Girder HD transmet votre puissance au sentier via les vitesses XT 1&#215;12 fiables et vari\u00e9es de Shimano et une paire de roues Newmen Evolution dot\u00e9e d&#8217;une roue libre \u00e0 trois griffes pour un meilleur engagement. Les pneus Maxxis tr\u00e8s accrocheurs et les freins \u00e0 disque hydrauliques Shimano XT vous accrochent et vous permettent de garder le contr\u00f4le. Ajoutez \u00e0 cela une tige de descente d\u00e9port\u00e9e, et le tour est jou\u00e9. La v\u00f4tre ne fait que commencer&#8230;<\/p>\n","protected":false},"excerpt":{"rendered":"<p>Les sentiers difficiles exigent un v\u00e9lo sur lequel vous pouvez compter. C&#8217;est pourquoi, pour le nouveau Stereo ONE55 C:62 SLX 29, nous avons commenc\u00e9 par&#8230;<\/p>\n","protected":false},"featured_media":11892,"comment_status":"open","ping_status":"closed","template":"","meta":[],"etheme_brands":[],"product_brand":[],"product_cat":[16617],"product_tag":[],"class_list":{"0":"post-12948","1":"product","2":"type-product","3":"status-publish","4":"has-post-thumbnail","6":"product_cat-suspension-totale-fr","7":"pa_brake_system-shimano-xt-br-m8120-hydr-frein-a-disque-203-180","8":"pa_cassette-shimano-xt-cs-m8100-10-51t-fr","9":"pa_chain-shimano-cn-m6100-fr","10":"pa_chain_guide-guide-de-chaine-mrp-1x","11":"pa_crankset-praxis-girder-hd-carbon-boost-32t-fr","12":"pa_fork-fox-36-float-performance-elite-fit-grip2-conique-15x110mm-160mm","13":"pa_frame-c62-monocoque-advanced-twin-mold-technology-iscg05-boost-148-udh-fr","14":"pa_front_tire-maxxis-assegai-maxxgrip-exo-tubeless-ready-2-5-wt","15":"pa_grips-sdg-trois-fois","16":"pa_handlebar-race-face-turbine-r-35-800mm-fr","17":"pa_headset-acros-azf-675-icr-integrated-cable-routing-empilage-zero-superieur-1-1-2-zs-56mm-empilage-zero-inferieur-1-1-2-zs-56mm-insertions-de-fibres-pour-un-reglage-de-langle-de-04","18":"pa_lts_display-oui","19":"pa_model_year-2023-fr","20":"pa_msrp_product-7199-000000","21":"pa_rear_derailleur-shimano-xt-rd-m8100-sgs-shadowplus-12-vitesses","22":"pa_rear_tire-maxxis-minion-dhr-ii-maxxterra-exo-tubeless-ready-2-4-wt-fr","23":"pa_rts_display-non","24":"pa_saddle-sdg-bel-air-v3-lux-alloy-fr","25":"pa_seat_post-tige-tombante-cube-levier-de-guidon-passage-de-cable-interne-30-9mm","26":"pa_shifters-shimano-xt-sl-m8100-ir-fixation-directe","27":"pa_ship_weight-19-fr","28":"pa_shock-fox-float-x2-205x60mm-montage-sur-tourillon-compression-et-rebond-a-basse-vitesse-avec-levier-a-2-positions","29":"pa_shock_hardware-haut-54mm-montage-a-tourillon-bas-22x8mm","30":"pa_size-xl-fr","31":"pa_stem-race-face-turbine-r-35-fr-2","32":"pa_wheelset-newmen-evolution-sl-a-30-28-28-rayons-15x110mm-12x148mm-tubeless-ready","34":"first","35":"outofstock","36":"shipping-taxable","37":"purchasable","38":"product-type-simple"},"_links":{"self":[{"href":"https:\/\/cube-bikes.ca\/fr\/wp-json\/wp\/v2\/product\/12948","targetHints":{"allow":["GET"]}}],"collection":[{"href":"https:\/\/cube-bikes.ca\/fr\/wp-json\/wp\/v2\/product"}],"about":[{"href":"https:\/\/cube-bikes.ca\/fr\/wp-json\/wp\/v2\/types\/product"}],"replies":[{"embeddable":true,"href":"https:\/\/cube-bikes.ca\/fr\/wp-json\/wp\/v2\/comments?post=12948"}],"version-history":[{"count":0,"href":"https:\/\/cube-bikes.ca\/fr\/wp-json\/wp\/v2\/product\/12948\/revisions"}],"wp:featuredmedia":[{"embeddable":true,"href":"https:\/\/cube-bikes.ca\/fr\/wp-json\/wp\/v2\/media\/11892"}],"wp:attachment":[{"href":"https:\/\/cube-bikes.ca\/fr\/wp-json\/wp\/v2\/media?parent=12948"}],"wp:term":[{"taxonomy":"brand","embeddable":true,"href":"https:\/\/cube-bikes.ca\/fr\/wp-json\/wp\/v2\/etheme_brands?post=12948"},{"taxonomy":"product_brand","embeddable":true,"href":"https:\/\/cube-bikes.ca\/fr\/wp-json\/wp\/v2\/product_brand?post=12948"},{"taxonomy":"product_cat","embeddable":true,"href":"https:\/\/cube-bikes.ca\/fr\/wp-json\/wp\/v2\/product_cat?post=12948"},{"taxonomy":"product_tag","embeddable":true,"href":"https:\/\/cube-bikes.ca\/fr\/wp-json\/wp\/v2\/product_tag?post=12948"}],"curies":[{"name":"wp","href":"https:\/\/api.w.org\/{rel}","templated":true}]}}