{"id":12944,"date":"2023-06-01T18:13:19","date_gmt":"2023-06-01T18:13:19","guid":{"rendered":"https:\/\/50d306ed0c.nxcli.io\/product\/cube-stereo-one55-c62-race-29-lightgreyngrey\/"},"modified":"2023-06-01T18:13:19","modified_gmt":"2023-06-01T18:13:19","slug":"cube-stereo-one55-c62-race-29-lightgreyngrey","status":"publish","type":"product","link":"https:\/\/cube-bikes.ca\/fr\/produit\/cube-stereo-one55-c62-race-29-lightgreyngrey\/","title":{"rendered":"Cube Stereo ONE55 C:62 Race 29 lightgrey&#8217;n&#8217;grey"},"content":{"rendered":"<p>Il s&#8217;agit d&#8217;un v\u00e9lo qui est aussi solide comme le roc et fiable dans la descente d&#8217;un alpage \u00e0 vitesse \u00e9lev\u00e9e qu&#8217;agile et s\u00fbr de lui dans une longue mont\u00e9e. Comment avons-nous fait ? Tout d&#8217;abord, il y a le nouveau cadre en carbone C:62\u00ae avec un jeu de direction dot\u00e9 d&#8217;inserts de r\u00e9glage de l&#8217;angle. Nous avons ensuite choisi une fourche RockShox Lyrik Select+ et un amortisseur Super Deluxe Select+ pour leur capacit\u00e9 \u00e0 avaler les bosses. Les roues Newmen Evolution, les pneus Maxxis et les freins \u00e0 disque hydrauliques Magura MT5 vous permettent de garder le contr\u00f4le. Et les vitesses GX Eagle 1&#215;12 de Sram vous offrent l&#8217;autonomie dont vous avez besoin pour parcourir les routes de montagne en toute s\u00e9r\u00e9nit\u00e9. Il s&#8217;agit d&#8217;un ensemble complet.<\/p>\n","protected":false},"excerpt":{"rendered":"<p>Il s&#8217;agit d&#8217;un v\u00e9lo qui est aussi solide comme le roc et fiable dans la descente d&#8217;un alpage \u00e0 vitesse \u00e9lev\u00e9e qu&#8217;agile et s\u00fbr de&#8230;<\/p>\n","protected":false},"featured_media":11891,"comment_status":"open","ping_status":"closed","template":"","meta":[],"etheme_brands":[],"product_brand":[],"product_cat":[16617],"product_tag":[],"class_list":{"0":"post-12944","1":"product","2":"type-product","3":"status-publish","4":"has-post-thumbnail","6":"product_cat-suspension-totale-fr","7":"pa_brake_system-magura-mt-thirty-avant-4-pistons-arriere-4-pistons-hydr-frein-a-disque-203-180","8":"pa_cassette-sram-xg-1275-eagle-10-52t-fr","9":"pa_chain-sram-sx-eagle-fr","10":"pa_crankset-sram-gx-eagle-boost-dub-30t-fr","11":"pa_fork-rockshox-lyrik-select-conique-15x110mm-160mm","12":"pa_frame-c62-monocoque-advanced-twin-mold-technology-iscg05-boost-148-udh-fr","13":"pa_front_tire-maxxis-assegai-maxxgrip-exo-tubeless-ready-2-5-wt","14":"pa_grips-acid-disrupt-soft-compound-fr","15":"pa_handlebar-race-face-chester-35-780mm-fr","16":"pa_headset-acros-azf-675-icr-integrated-cable-routing-empilage-zero-superieur-1-1-2-zs-56mm-empilage-zero-inferieur-1-1-2-zs-56mm-insertions-de-fibres-pour-un-reglage-de-langle-de-04","17":"pa_lts_display-oui","18":"pa_model_year-2023-fr","19":"pa_rear_derailleur-sram-gx-eagle-12-vitesses","20":"pa_rear_tire-maxxis-minion-dhr-ii-maxxterra-exo-tubeless-ready-2-4-wt-fr","21":"pa_rts_display-non","22":"pa_saddle-natural-fit-venec-fr-2","23":"pa_seat_post-tige-tombante-cube-levier-de-guidon-passage-de-cable-interne-30-9mm","24":"pa_shifters-declencheur-sram-nx-eagle","25":"pa_ship_weight-19-fr","26":"pa_shock-rockshox-super-deluxe-select-debonair-205x65mm-reglage-de-la-compression-et-du-rebond-a-basse-vitesse-blocage","27":"pa_shock_hardware-haut-54mm-montage-a-tourillon-bas-22x8mm","28":"pa_size-m-fr","29":"pa_stem-race-face-aeffect-r-35-fr","30":"pa_wheelset-newmen-evolution-sl-a-30-28-28-rayons-15x110mm-12x148mm-tubeless-ready","32":"first","33":"outofstock","34":"sale","35":"shipping-taxable","36":"purchasable","37":"product-type-simple"},"_links":{"self":[{"href":"https:\/\/cube-bikes.ca\/fr\/wp-json\/wp\/v2\/product\/12944","targetHints":{"allow":["GET"]}}],"collection":[{"href":"https:\/\/cube-bikes.ca\/fr\/wp-json\/wp\/v2\/product"}],"about":[{"href":"https:\/\/cube-bikes.ca\/fr\/wp-json\/wp\/v2\/types\/product"}],"replies":[{"embeddable":true,"href":"https:\/\/cube-bikes.ca\/fr\/wp-json\/wp\/v2\/comments?post=12944"}],"version-history":[{"count":0,"href":"https:\/\/cube-bikes.ca\/fr\/wp-json\/wp\/v2\/product\/12944\/revisions"}],"wp:featuredmedia":[{"embeddable":true,"href":"https:\/\/cube-bikes.ca\/fr\/wp-json\/wp\/v2\/media\/11891"}],"wp:attachment":[{"href":"https:\/\/cube-bikes.ca\/fr\/wp-json\/wp\/v2\/media?parent=12944"}],"wp:term":[{"taxonomy":"brand","embeddable":true,"href":"https:\/\/cube-bikes.ca\/fr\/wp-json\/wp\/v2\/etheme_brands?post=12944"},{"taxonomy":"product_brand","embeddable":true,"href":"https:\/\/cube-bikes.ca\/fr\/wp-json\/wp\/v2\/product_brand?post=12944"},{"taxonomy":"product_cat","embeddable":true,"href":"https:\/\/cube-bikes.ca\/fr\/wp-json\/wp\/v2\/product_cat?post=12944"},{"taxonomy":"product_tag","embeddable":true,"href":"https:\/\/cube-bikes.ca\/fr\/wp-json\/wp\/v2\/product_tag?post=12944"}],"curies":[{"name":"wp","href":"https:\/\/api.w.org\/{rel}","templated":true}]}}