{"id":12907,"date":"2023-06-01T18:13:21","date_gmt":"2023-06-01T18:13:21","guid":{"rendered":"https:\/\/50d306ed0c.nxcli.io\/product\/cube-two15-race-27-5-lightolivenblack-2\/"},"modified":"2023-06-01T18:13:21","modified_gmt":"2023-06-01T18:13:21","slug":"cube-two15-race-27-5-lightolivenblack-2","status":"publish","type":"product","link":"https:\/\/cube-bikes.ca\/fr\/produit\/cube-two15-race-27-5-lightolivenblack-2\/","title":{"rendered":"Cube TWO15 Race 27.5 lightolive&#8217;n&#8217;black"},"content":{"rendered":"<p>Dans les milieux de la descente, le nom l\u00e9gendaire de Bomber est synonyme de construction et de performance sans compromis. C&#8217;est pourquoi nous avons associ\u00e9 l&#8217;amortisseur arri\u00e8re Marzocchi Bomber CR du Two15 Race \u00e0 une fourche Bomber 58 FIT GRIP \u00e0 l&#8217;avant &#8211; parce que c&#8217;est une combinaison imbattable pour un contr\u00f4le doux et progressif sur la colline. Les vitesses GX DH de Sram, qui passent avec pr\u00e9cision, fournissent la force motrice, entra\u00eenant une paire de roues Answer Atac DH. Les freins \u00e0 disque hydrauliques MT5 de Magura, puissants et faciles \u00e0 contr\u00f4ler, vous permettent de freiner votre vitesse.<\/p>\n","protected":false},"excerpt":{"rendered":"<p>Dans les milieux de la descente, le nom l\u00e9gendaire de Bomber est synonyme de construction et de performance sans compromis. C&#8217;est pourquoi nous avons associ\u00e9&#8230;<\/p>\n","protected":false},"featured_media":11899,"comment_status":"open","ping_status":"closed","template":"","meta":[],"etheme_brands":[],"product_brand":[],"product_cat":[16617],"product_tag":[],"class_list":{"0":"post-12907","1":"product","2":"type-product","3":"status-publish","4":"has-post-thumbnail","6":"product_cat-suspension-totale-fr","7":"pa_brake_system-magura-mt5-hydr-frein-a-disque-203-203","8":"pa_cassette-sram-pg-720-11-25t-fr","9":"pa_chain-sram-pc-1110-fr","10":"pa_crankset-race-face-atlas-34t-165mm-fr","11":"pa_fork-marzocchi-bomber-58-fit-grip-low-speed-compression-rebound-20x110mm-203mm-fr","12":"pa_frame-hpa-ultralight-advanced-hydroform-triple-butted-carbon-rocker-arm-etc-4-link-iscg-mount-200mm-travel-fr","13":"pa_front_tire-schwalbe-magic-mary-addix-soft-super-gravity-tubeless-easy-2-4","14":"pa_grips-sdg-trois-fois","15":"pa_handlebar-race-face-atlas-35-820mm-fr","16":"pa_headset-acros-integre-haut-et-bas-1-1-8-inserts-en-fibre-pour-le-reglage-de-langle","17":"pa_lts_display-oui","18":"pa_model_year-2023-fr","19":"pa_msrp_product-5000-000000","20":"pa_rear_derailleur-sram-gx-dh-7-vitesses","21":"pa_rear_tire-schwalbe-big-betty-addix-soft-super-gravity-tubeless-easy-2-4","22":"pa_rts_display-non","23":"pa_saddle-natural-fit-venec-lite-fr","24":"pa_seat_post-poteau-cube-performance-31-6mm","25":"pa_seatclamp-screwlock-cube-34-9mm","26":"pa_shifters-declencheur-sram-gx","27":"pa_ship_weight-21-6","28":"pa_shock-marzocchi-bomber-cr-250x75mm-reglage-du-rebond-et-de-la-compression-a-basse-vitesse","29":"pa_shock_hardware-haut-30x8mm-bas-20x8mm","30":"pa_size-l-fr","31":"pa_stem-race-face-chester-35-direct-mount-fr","32":"pa_wheelset-answer-atac-dh-tr29-20x110mm-12x157mm-tubeless-ready-fr","34":"first","35":"outofstock","36":"sale","37":"shipping-taxable","38":"purchasable","39":"product-type-simple"},"_links":{"self":[{"href":"https:\/\/cube-bikes.ca\/fr\/wp-json\/wp\/v2\/product\/12907","targetHints":{"allow":["GET"]}}],"collection":[{"href":"https:\/\/cube-bikes.ca\/fr\/wp-json\/wp\/v2\/product"}],"about":[{"href":"https:\/\/cube-bikes.ca\/fr\/wp-json\/wp\/v2\/types\/product"}],"replies":[{"embeddable":true,"href":"https:\/\/cube-bikes.ca\/fr\/wp-json\/wp\/v2\/comments?post=12907"}],"version-history":[{"count":0,"href":"https:\/\/cube-bikes.ca\/fr\/wp-json\/wp\/v2\/product\/12907\/revisions"}],"wp:featuredmedia":[{"embeddable":true,"href":"https:\/\/cube-bikes.ca\/fr\/wp-json\/wp\/v2\/media\/11899"}],"wp:attachment":[{"href":"https:\/\/cube-bikes.ca\/fr\/wp-json\/wp\/v2\/media?parent=12907"}],"wp:term":[{"taxonomy":"brand","embeddable":true,"href":"https:\/\/cube-bikes.ca\/fr\/wp-json\/wp\/v2\/etheme_brands?post=12907"},{"taxonomy":"product_brand","embeddable":true,"href":"https:\/\/cube-bikes.ca\/fr\/wp-json\/wp\/v2\/product_brand?post=12907"},{"taxonomy":"product_cat","embeddable":true,"href":"https:\/\/cube-bikes.ca\/fr\/wp-json\/wp\/v2\/product_cat?post=12907"},{"taxonomy":"product_tag","embeddable":true,"href":"https:\/\/cube-bikes.ca\/fr\/wp-json\/wp\/v2\/product_tag?post=12907"}],"curies":[{"name":"wp","href":"https:\/\/api.w.org\/{rel}","templated":true}]}}