{"id":12857,"date":"2023-06-01T18:13:23","date_gmt":"2023-06-01T18:13:23","guid":{"rendered":"https:\/\/50d306ed0c.nxcli.io\/product\/cube-agree-c62-slx-liquidbluenblue-5\/"},"modified":"2023-06-01T18:13:23","modified_gmt":"2023-06-01T18:13:23","slug":"cube-agree-c62-slx-liquidbluenblue-5","status":"publish","type":"product","link":"https:\/\/cube-bikes.ca\/fr\/produit\/cube-agree-c62-slx-liquidbluenblue-5\/","title":{"rendered":"Cube Agree C:62 SLX liquidblue&#8217;n&#8217;blue"},"content":{"rendered":"<p>Si vous connaissez ce sentiment de transpirer dans les moindres d\u00e9tails pour gagner quelques secondes, vous appr\u00e9cierez l&#8217;Accord C:62 SLX. C&#8217;est parce qu&#8217;il est con\u00e7u pour glisser dans l&#8217;air comme un couteau chaud dans du beurre, tout en conservant le confort et le faible poids dont vous avez besoin pour de longues journ\u00e9es en selle. Nous avons donc mont\u00e9 des roues en carbone Advanced SL R.38 de Newmen avec des pneus Continental Grand Prix 5000 et des chambres \u00e0 air ultral\u00e9g\u00e8res Schwalbe Aerothan, pour compl\u00e9ter les caract\u00e9ristiques a\u00e9rodynamiques du cadre. Associ\u00e9 \u00e0 la fourche enti\u00e8rement en carbone, au guidon et \u00e0 la potence int\u00e9gr\u00e9s en carbone, ainsi qu&#8217;au d\u00e9raillage ultra-pr\u00e9cis et au freinage puissant des composants Force 2&#215;12 de Sram, il red\u00e9finira vos attentes quant \u00e0 la capacit\u00e9 d&#8217;un v\u00e9lo de course.<\/p>\n","protected":false},"excerpt":{"rendered":"<p>Si vous connaissez ce sentiment de transpirer dans les moindres d\u00e9tails pour gagner quelques secondes, vous appr\u00e9cierez l&#8217;Accord C:62 SLX. C&#8217;est parce qu&#8217;il est con\u00e7u&#8230;<\/p>\n","protected":false},"featured_media":11911,"comment_status":"open","ping_status":"closed","template":"","meta":[],"etheme_brands":[],"product_brand":[],"product_cat":[16474],"product_tag":[],"class_list":{"0":"post-12857","1":"product","2":"type-product","3":"status-publish","4":"has-post-thumbnail","6":"product_cat-route","7":"pa_brake_system-sram-force-etap-axs-160-160","8":"pa_brand-cube-fr","9":"pa_cassette-sram-force-xg-1270-10-33t-fr","10":"pa_category_2-course-sur-route","11":"pa_chain-sram-force-d1-fr","12":"pa_class-velos","13":"pa_crankset-sram-force-dub-carbon-48x35t-fr","14":"pa_filter_frame_style-easyentry","15":"pa_fork-cube-csl-evo-aero-c62-technology-1-1-8-1-1-4-conique-montage-plat-12x100mm","16":"pa_frame-c62-advanced-twin-mold-technology-passage-de-cables-interne-collier-de-tige-de-selle-integre-disque-a-montage-plat-option-boite-de-rangement-axh-12x142mm","17":"pa_front_derailleur-sram-force-etap-axs","18":"pa_headset-acros-integre-en-haut-1-1-2-avec-passage-de-cables-integre-integre-en-bas-1-1-4","19":"pa_lts_display-non","20":"pa_model-accepter-c62","21":"pa_model_year-2023-fr","22":"pa_msrp_product-7749-000000","23":"pa_rear_derailleur-sram-force-etap-axs-12-vitesses","24":"pa_rts_display-non","25":"pa_saddle-natural-fit-nuance-slt-road-carbon-fr","26":"pa_seat_post-agree-c62-aero-comfort-flex","27":"pa_ship_weight-11-7","28":"pa_type-route","29":"pa_wheelset-newmen-advanced-sl-r-38-carbone","31":"first","32":"outofstock","33":"sale","34":"shipping-taxable","35":"product-type-grouped"},"_links":{"self":[{"href":"https:\/\/cube-bikes.ca\/fr\/wp-json\/wp\/v2\/product\/12857","targetHints":{"allow":["GET"]}}],"collection":[{"href":"https:\/\/cube-bikes.ca\/fr\/wp-json\/wp\/v2\/product"}],"about":[{"href":"https:\/\/cube-bikes.ca\/fr\/wp-json\/wp\/v2\/types\/product"}],"replies":[{"embeddable":true,"href":"https:\/\/cube-bikes.ca\/fr\/wp-json\/wp\/v2\/comments?post=12857"}],"version-history":[{"count":0,"href":"https:\/\/cube-bikes.ca\/fr\/wp-json\/wp\/v2\/product\/12857\/revisions"}],"wp:featuredmedia":[{"embeddable":true,"href":"https:\/\/cube-bikes.ca\/fr\/wp-json\/wp\/v2\/media\/11911"}],"wp:attachment":[{"href":"https:\/\/cube-bikes.ca\/fr\/wp-json\/wp\/v2\/media?parent=12857"}],"wp:term":[{"taxonomy":"brand","embeddable":true,"href":"https:\/\/cube-bikes.ca\/fr\/wp-json\/wp\/v2\/etheme_brands?post=12857"},{"taxonomy":"product_brand","embeddable":true,"href":"https:\/\/cube-bikes.ca\/fr\/wp-json\/wp\/v2\/product_brand?post=12857"},{"taxonomy":"product_cat","embeddable":true,"href":"https:\/\/cube-bikes.ca\/fr\/wp-json\/wp\/v2\/product_cat?post=12857"},{"taxonomy":"product_tag","embeddable":true,"href":"https:\/\/cube-bikes.ca\/fr\/wp-json\/wp\/v2\/product_tag?post=12857"}],"curies":[{"name":"wp","href":"https:\/\/api.w.org\/{rel}","templated":true}]}}