{"id":12847,"date":"2023-06-01T18:13:23","date_gmt":"2023-06-01T18:13:23","guid":{"rendered":"https:\/\/50d306ed0c.nxcli.io\/product\/cube-agree-c62-pro-whitenorange\/"},"modified":"2023-06-01T18:13:23","modified_gmt":"2023-06-01T18:13:23","slug":"cube-agree-c62-pro-whitenorange","status":"publish","type":"product","link":"https:\/\/cube-bikes.ca\/fr\/produit\/cube-agree-c62-pro-whitenorange\/","title":{"rendered":"Cube Agree C:62 Pro white&#8217;n&#8217;orange"},"content":{"rendered":"<p>Un vieux dicton dit que le c\u0153ur d&#8217;une bicyclette est son cadre. Nous sommes d&#8217;accord. C&#8217;est pourquoi les performances raffin\u00e9es de l&#8217;Agree C:62 Pro et sa construction sophistiqu\u00e9e C:62\u00ae donnent \u00e0 son pilote un avantage instantan\u00e9 sur la route. Ajoutez la gamme \u00e9tendue et le d\u00e9raillage pr\u00e9cis des vitesses sans fil 2&#215;12 Rival AXS de Sram, ajoutez les freins \u00e0 disque hydrauliques Rival correspondants et faites rouler le tout sur une paire de roues l\u00e9g\u00e8res et rapides Newmen Evolution SL R.32 et vous obtenez ce que vous voulez. Une machine con\u00e7ue pour la vitesse.<\/p>\n","protected":false},"excerpt":{"rendered":"<p>Un vieux dicton dit que le c\u0153ur d&#8217;une bicyclette est son cadre. Nous sommes d&#8217;accord. C&#8217;est pourquoi les performances raffin\u00e9es de l&#8217;Agree C:62 Pro et&#8230;<\/p>\n","protected":false},"featured_media":11910,"comment_status":"open","ping_status":"closed","template":"","meta":[],"etheme_brands":[],"product_brand":[],"product_cat":[16474],"product_tag":[],"class_list":{"0":"post-12847","1":"product","2":"type-product","3":"status-publish","4":"has-post-thumbnail","6":"product_cat-route","7":"pa_brake_system-sram-rival-hrd-hydr-frein-a-disque-160-160","8":"pa_brand-cube-fr","9":"pa_cassette-sram-xg-1250-10-36t-fr","10":"pa_category_2-course-sur-route","11":"pa_chain-sram-rival-d1-fr","12":"pa_class-velos","13":"pa_crankset-sram-rival-dub-48x35t-fr","14":"pa_filter_frame_style-easyentry","15":"pa_fork-cube-csl-evo-aero-c62-technology-1-1-8-1-1-4-conique-montage-plat-12x100mm","16":"pa_frame-c62-advanced-twin-mold-technology-passage-de-cables-interne-collier-de-serrage-de-tige-de-selle-integre-disque-a-montage-plat-option-boite-de-rangement-axh-12x142mm","17":"pa_front_derailleur-sram-rival-etap-axs","18":"pa_handlebar-newmen-evolution-wing-bar-fr","19":"pa_headset-acros-integre-en-haut-1-1-2-avec-passage-de-cables-integre-integre-en-bas-1-1-4","20":"pa_lts_display-non","21":"pa_model-accepter-c62","22":"pa_model_year-2023-fr","23":"pa_msrp_product-5499-000000","24":"pa_rear_derailleur-sram-rival-etap-axs-12-vitesses","25":"pa_rts_display-non","26":"pa_saddle-natural-fit-nuance-fr","27":"pa_seat_post-agree-c62-aero-comfort-flex","28":"pa_ship_weight-13-fr","29":"pa_stem-tige-cube-aero-avec-passage-de-cables","30":"pa_type-route","31":"pa_wheelset-newmen-evolution-sl-r-33","33":"first","34":"outofstock","35":"shipping-taxable","36":"product-type-grouped"},"_links":{"self":[{"href":"https:\/\/cube-bikes.ca\/fr\/wp-json\/wp\/v2\/product\/12847","targetHints":{"allow":["GET"]}}],"collection":[{"href":"https:\/\/cube-bikes.ca\/fr\/wp-json\/wp\/v2\/product"}],"about":[{"href":"https:\/\/cube-bikes.ca\/fr\/wp-json\/wp\/v2\/types\/product"}],"replies":[{"embeddable":true,"href":"https:\/\/cube-bikes.ca\/fr\/wp-json\/wp\/v2\/comments?post=12847"}],"version-history":[{"count":0,"href":"https:\/\/cube-bikes.ca\/fr\/wp-json\/wp\/v2\/product\/12847\/revisions"}],"wp:featuredmedia":[{"embeddable":true,"href":"https:\/\/cube-bikes.ca\/fr\/wp-json\/wp\/v2\/media\/11910"}],"wp:attachment":[{"href":"https:\/\/cube-bikes.ca\/fr\/wp-json\/wp\/v2\/media?parent=12847"}],"wp:term":[{"taxonomy":"brand","embeddable":true,"href":"https:\/\/cube-bikes.ca\/fr\/wp-json\/wp\/v2\/etheme_brands?post=12847"},{"taxonomy":"product_brand","embeddable":true,"href":"https:\/\/cube-bikes.ca\/fr\/wp-json\/wp\/v2\/product_brand?post=12847"},{"taxonomy":"product_cat","embeddable":true,"href":"https:\/\/cube-bikes.ca\/fr\/wp-json\/wp\/v2\/product_cat?post=12847"},{"taxonomy":"product_tag","embeddable":true,"href":"https:\/\/cube-bikes.ca\/fr\/wp-json\/wp\/v2\/product_tag?post=12847"}],"curies":[{"name":"wp","href":"https:\/\/api.w.org\/{rel}","templated":true}]}}