{"id":12827,"date":"2023-06-01T18:13:24","date_gmt":"2023-06-01T18:13:24","guid":{"rendered":"https:\/\/50d306ed0c.nxcli.io\/product\/cube-litening-aero-c68x-slx-goblinnyellow-6\/"},"modified":"2023-06-01T18:13:24","modified_gmt":"2023-06-01T18:13:24","slug":"cube-litening-aero-c68x-slx-goblinnyellow-6","status":"publish","type":"product","link":"https:\/\/cube-bikes.ca\/fr\/produit\/cube-litening-aero-c68x-slx-goblinnyellow-6\/","title":{"rendered":"Cube Litening AERO C:68X SLX goblin&#8217;n&#8217;yellow"},"content":{"rendered":"<p>Tous les v\u00e9los de course ne sont pas identiques. Le Litening C:68X SLX est un m\u00e9lange de poids l\u00e9ger, de confort sur de longues distances et d&#8217;a\u00e9rodynamisme vous donnant une longueur d&#8217;avance qui est enti\u00e8rement conforme aux normes de l&#8217;UCI. La paire de roues Mavic Cosmic SLR 45 allie design et l\u00e9g\u00e8ret\u00e9, tandis que le groupe Red 2&#215;12 sans fil AXS de Sram met \u00e0 votre disposition une large gamme de vitesses et une puissance de freinage impressionnante. Le confort du carbone, la tra\u00een\u00e9e du cadre r\u00e9duite de 30 % et l&#8217;attention port\u00e9e aux d\u00e9tails signifient qu&#8217;il n&#8217;y a pas de meilleur moyen de se lib\u00e9rer du peloton&#8230;<\/p>\n","protected":false},"excerpt":{"rendered":"<p>Tous les v\u00e9los de course ne sont pas identiques. Le Litening C:68X SLX est un m\u00e9lange de poids l\u00e9ger, de confort sur de longues distances&#8230;<\/p>\n","protected":false},"featured_media":11915,"comment_status":"open","ping_status":"closed","template":"","meta":[],"etheme_brands":[],"product_brand":[],"product_cat":[16474],"product_tag":[],"class_list":{"0":"post-12827","1":"product","2":"type-product","3":"status-publish","4":"has-post-thumbnail","6":"product_cat-route","7":"pa_brake_system-sram-red-etap-axs-160-160","8":"pa_brand-cube-fr","9":"pa_cassette-sram-red-xg-1290-10-33t-fr","10":"pa_category_2-course-sur-route","11":"pa_chain-sram-red-d1-fr","12":"pa_class-velos","13":"pa_crankset-sram-red-carbon-48x35t-fr","14":"pa_filter_frame_style-easyentry","15":"pa_fork-litening-c68x-aero-passage-de-cables-integre-disque-plat","16":"pa_frame-monocoque-aerodynamique-litening-c68x-technologie-avancee-de-double-moulage-tubes-optimises-pour-laerodynamique-acheminement-interne-complet-des-cables-disque-a-montage-plat","17":"pa_front_derailleur-sram-red-etap-axs","18":"pa_headset-acros-integre-en-haut-1-1-8-integre-en-bas-1-1-4","19":"pa_lts_display-non","20":"pa_model_year-2023-fr","21":"pa_msrp_product-12999-000000","22":"pa_rear_derailleur-sram-red-etap-axs-12-vitesses","23":"pa_rts_display-non","24":"pa_saddle-natural-fit-nuance-slt-road-carbon-fr","25":"pa_seat_post-litening-c68x-aero-comfort-flex","26":"pa_seatclamp-pince-aerodynamique-integree-cube","27":"pa_ship_weight-11-7","28":"pa_type-route","29":"pa_wheelset-mavic-cosmic-slr-45-carbon-fr","31":"first","32":"outofstock","33":"shipping-taxable","34":"product-type-grouped"},"_links":{"self":[{"href":"https:\/\/cube-bikes.ca\/fr\/wp-json\/wp\/v2\/product\/12827","targetHints":{"allow":["GET"]}}],"collection":[{"href":"https:\/\/cube-bikes.ca\/fr\/wp-json\/wp\/v2\/product"}],"about":[{"href":"https:\/\/cube-bikes.ca\/fr\/wp-json\/wp\/v2\/types\/product"}],"replies":[{"embeddable":true,"href":"https:\/\/cube-bikes.ca\/fr\/wp-json\/wp\/v2\/comments?post=12827"}],"version-history":[{"count":0,"href":"https:\/\/cube-bikes.ca\/fr\/wp-json\/wp\/v2\/product\/12827\/revisions"}],"wp:featuredmedia":[{"embeddable":true,"href":"https:\/\/cube-bikes.ca\/fr\/wp-json\/wp\/v2\/media\/11915"}],"wp:attachment":[{"href":"https:\/\/cube-bikes.ca\/fr\/wp-json\/wp\/v2\/media?parent=12827"}],"wp:term":[{"taxonomy":"brand","embeddable":true,"href":"https:\/\/cube-bikes.ca\/fr\/wp-json\/wp\/v2\/etheme_brands?post=12827"},{"taxonomy":"product_brand","embeddable":true,"href":"https:\/\/cube-bikes.ca\/fr\/wp-json\/wp\/v2\/product_brand?post=12827"},{"taxonomy":"product_cat","embeddable":true,"href":"https:\/\/cube-bikes.ca\/fr\/wp-json\/wp\/v2\/product_cat?post=12827"},{"taxonomy":"product_tag","embeddable":true,"href":"https:\/\/cube-bikes.ca\/fr\/wp-json\/wp\/v2\/product_tag?post=12827"}],"curies":[{"name":"wp","href":"https:\/\/api.w.org\/{rel}","templated":true}]}}