{"id":12822,"date":"2023-06-01T18:13:24","date_gmt":"2023-06-01T18:13:24","guid":{"rendered":"https:\/\/50d306ed0c.nxcli.io\/product\/cube-litening-air-c68x-slx-electricbluenblue-8\/"},"modified":"2023-06-01T18:13:24","modified_gmt":"2023-06-01T18:13:24","slug":"cube-litening-air-c68x-slx-electricbluenblue-8","status":"publish","type":"product","link":"https:\/\/cube-bikes.ca\/fr\/produit\/cube-litening-air-c68x-slx-electricbluenblue-8\/","title":{"rendered":"Cube Litening AIR C:68X SLX electricblue&#8217;n&#8217;blue"},"content":{"rendered":"<p>Lorsque nous avons entrepris de d\u00e9velopper un nouveau v\u00e9lo de course ultral\u00e9ger avec l&#8217;\u00e9quipe Wanty, le Litening AIR C:68\u00ae SLX \u00e9tait ce que nous avions \u00e0 l&#8217;esprit. Glissant dans l&#8217;air, suffisamment confortable pour courir toute la journ\u00e9e et pesant environ 799 g pour un cadre de taille moyenne, c&#8217;est la machine de vitesse conforme aux normes UCI que vous recherchiez. Le Shimano Ultegra Di2 avec compteur de puissance int\u00e9gr\u00e9 g\u00e8re les arr\u00eats et les d\u00e9parts, tandis que les roues a\u00e9rodynamiques Newmen Advanced en carbone, \u00e9quip\u00e9es de pneus Continental et de chambres \u00e0 air ultral\u00e9g\u00e8res Schwalbe Aerothan, aident \u00e0 garder le c\u00f4t\u00e9 caoutchouc au sol, m\u00eame lorsque la vitesse augmente. La machine de course par excellence ? C&#8217;est vous qui d\u00e9cidez.<\/p>\n","protected":false},"excerpt":{"rendered":"<p>Lorsque nous avons entrepris de d\u00e9velopper un nouveau v\u00e9lo de course ultral\u00e9ger avec l&#8217;\u00e9quipe Wanty, le Litening AIR C:68\u00ae SLX \u00e9tait ce que nous avions&#8230;<\/p>\n","protected":false},"featured_media":11918,"comment_status":"open","ping_status":"closed","template":"","meta":[],"etheme_brands":[],"product_brand":[],"product_cat":[16474],"product_tag":[],"class_list":{"0":"post-12822","1":"product","2":"type-product","3":"status-publish","4":"has-post-thumbnail","6":"product_cat-route","7":"pa_bottom_bracket-shimano-sm-bb71-41b-86mm-pressfit","8":"pa_brake_system-shimano-ultegra-br-r8170-hydr-frein-a-disque-montage-plat-160-160","9":"pa_brand-cube-fr","10":"pa_cassette-shimano-ultegra-cs-r8100-12-11-30t-fr","11":"pa_category_2-course-sur-route","12":"pa_chain-shimano-cn-m8100-fr","13":"pa_class-velos","14":"pa_crankset-shimano-ultegra-fc-r8100-p-powermeter-hollowtech-ll-52x36t-fr","15":"pa_filter_frame_style-easyentry","16":"pa_fork-litening-c68x-air-passage-de-cables-integre-disque-a-montage-plat","17":"pa_frame-monocoque-c68x-air-de-litening-technologie-avancee-de-double-moulage-tubes-optimises-pour-le-poids-acheminement-interne-des-cables-disque-a-montage-plat","18":"pa_front_derailleur-shimano-ultegra-di2-fd-r8150-f","19":"pa_headset-acros-integre-en-haut-1-1-2-integre-en-bas-1-1-4","20":"pa_lts_display-non","21":"pa_model_year-2023-fr","22":"pa_msrp_product-11999-000000","23":"pa_rear_derailleur-shimano-ultegra-di2-rd-r8150-dgs-12-vitesses","24":"pa_rts_display-non","25":"pa_saddle-natural-fit-nuance-slt-road-carbon-fr","26":"pa_seat_post-litening-c68x-aero-comfort-flex","27":"pa_seatclamp-cube-integre-complet","28":"pa_ship_weight-11-fr","29":"pa_type-route","30":"pa_wheelset-newmen-advanced-sl-r-50-cs-streem-rayons-carbone-aerodynamiques","32":"first","33":"outofstock","34":"shipping-taxable","35":"product-type-grouped"},"_links":{"self":[{"href":"https:\/\/cube-bikes.ca\/fr\/wp-json\/wp\/v2\/product\/12822","targetHints":{"allow":["GET"]}}],"collection":[{"href":"https:\/\/cube-bikes.ca\/fr\/wp-json\/wp\/v2\/product"}],"about":[{"href":"https:\/\/cube-bikes.ca\/fr\/wp-json\/wp\/v2\/types\/product"}],"replies":[{"embeddable":true,"href":"https:\/\/cube-bikes.ca\/fr\/wp-json\/wp\/v2\/comments?post=12822"}],"version-history":[{"count":0,"href":"https:\/\/cube-bikes.ca\/fr\/wp-json\/wp\/v2\/product\/12822\/revisions"}],"wp:featuredmedia":[{"embeddable":true,"href":"https:\/\/cube-bikes.ca\/fr\/wp-json\/wp\/v2\/media\/11918"}],"wp:attachment":[{"href":"https:\/\/cube-bikes.ca\/fr\/wp-json\/wp\/v2\/media?parent=12822"}],"wp:term":[{"taxonomy":"brand","embeddable":true,"href":"https:\/\/cube-bikes.ca\/fr\/wp-json\/wp\/v2\/etheme_brands?post=12822"},{"taxonomy":"product_brand","embeddable":true,"href":"https:\/\/cube-bikes.ca\/fr\/wp-json\/wp\/v2\/product_brand?post=12822"},{"taxonomy":"product_cat","embeddable":true,"href":"https:\/\/cube-bikes.ca\/fr\/wp-json\/wp\/v2\/product_cat?post=12822"},{"taxonomy":"product_tag","embeddable":true,"href":"https:\/\/cube-bikes.ca\/fr\/wp-json\/wp\/v2\/product_tag?post=12822"}],"curies":[{"name":"wp","href":"https:\/\/api.w.org\/{rel}","templated":true}]}}