{"id":12819,"date":"2023-06-01T18:13:24","date_gmt":"2023-06-01T18:13:24","guid":{"rendered":"https:\/\/50d306ed0c.nxcli.io\/product\/cube-litening-air-c68x-race-liquidredncarbon-3\/"},"modified":"2023-06-01T18:13:24","modified_gmt":"2023-06-01T18:13:24","slug":"cube-litening-air-c68x-race-liquidredncarbon-3","status":"publish","type":"product","link":"https:\/\/cube-bikes.ca\/fr\/produit\/cube-litening-air-c68x-race-liquidredncarbon-3\/","title":{"rendered":"Cube Litening AIR C:68X Race liquidred&#8217;n&#8217;carbon"},"content":{"rendered":"<p>Aussi a\u00e9ro que possible, aussi l\u00e9ger que possible et enti\u00e8rement conforme aux normes UCI : c&#8217;est le Litening AIR C:68X Race. Construit autour de notre tout nouveau cadre en carbone ultra-l\u00e9ger, nous avons commenc\u00e9 avec les composants Ultegra Di2 de Shimano et un p\u00e9dalier compact. Les roues Newmen Advanced, \u00e9quip\u00e9es de pneus Continental Grand Prix et de chambres \u00e0 air Schwalbe Aerothan ultral\u00e9g\u00e8res, transmettent votre puissance \u00e0 la route. La fourche l\u00e9g\u00e8re et confortable en carbone compl\u00e8te les performances exceptionnelles du cadre en carbone C:68X\u00ae. Il est pr\u00eat \u00e0 courir. \u00cates-vous ?<\/p>\n","protected":false},"excerpt":{"rendered":"<p>Aussi a\u00e9ro que possible, aussi l\u00e9ger que possible et enti\u00e8rement conforme aux normes UCI : c&#8217;est le Litening AIR C:68X Race. Construit autour de notre&#8230;<\/p>\n","protected":false},"featured_media":11917,"comment_status":"open","ping_status":"closed","template":"","meta":[],"etheme_brands":[],"product_brand":[],"product_cat":[16474],"product_tag":[],"class_list":{"0":"post-12819","1":"product","2":"type-product","3":"status-publish","4":"has-post-thumbnail","6":"product_cat-route","7":"pa_bottom_bracket-shimano-sm-bb71-41b-86mm-pressfit","8":"pa_brake_system-shimano-ultegra-br-r8170-hydr-frein-a-disque-montage-plat-160-160","9":"pa_brand-cube-fr","10":"pa_cassette-shimano-ultegra-cs-r8100-11-34t-fr","11":"pa_category_2-course-sur-route","12":"pa_chain-shimano-cn-m8100-fr","13":"pa_class-velos","14":"pa_crankset-shimano-ultegra-fc-r8100-hollowtech-ii-50x34t-fr","15":"pa_filter_frame_style-easyentry","16":"pa_fork-litening-c68x-air-passage-de-cables-integre-disque-a-montage-plat","17":"pa_frame-monocoque-c68x-air-de-litening-technologie-avancee-de-double-moulage-tubes-optimises-pour-le-poids-acheminement-interne-des-cables-disque-a-montage-plat","18":"pa_front_derailleur-shimano-ultegra-di2-fd-r8150-f","19":"pa_headset-acros-integre-en-haut-1-1-2-integre-en-bas-1-1-4","20":"pa_lts_display-non","21":"pa_model_year-2023-fr","22":"pa_msrp_product-9499-000000","23":"pa_rear_derailleur-shimano-ultegra-di2-rd-r8150-dgs-12-vitesses","24":"pa_rts_display-non","25":"pa_saddle-natural-fit-nuance-slt-road-carbon-fr","26":"pa_seat_post-litening-c68x-aero-comfort-flex","27":"pa_seatclamp-cube-integre-complet","28":"pa_ship_weight-11-2","29":"pa_type-route","30":"pa_wheelset-newmen-advanced-sl-r-50-streem-carbon-fr","32":"first","33":"outofstock","34":"shipping-taxable","35":"product-type-grouped"},"_links":{"self":[{"href":"https:\/\/cube-bikes.ca\/fr\/wp-json\/wp\/v2\/product\/12819","targetHints":{"allow":["GET"]}}],"collection":[{"href":"https:\/\/cube-bikes.ca\/fr\/wp-json\/wp\/v2\/product"}],"about":[{"href":"https:\/\/cube-bikes.ca\/fr\/wp-json\/wp\/v2\/types\/product"}],"replies":[{"embeddable":true,"href":"https:\/\/cube-bikes.ca\/fr\/wp-json\/wp\/v2\/comments?post=12819"}],"version-history":[{"count":0,"href":"https:\/\/cube-bikes.ca\/fr\/wp-json\/wp\/v2\/product\/12819\/revisions"}],"wp:featuredmedia":[{"embeddable":true,"href":"https:\/\/cube-bikes.ca\/fr\/wp-json\/wp\/v2\/media\/11917"}],"wp:attachment":[{"href":"https:\/\/cube-bikes.ca\/fr\/wp-json\/wp\/v2\/media?parent=12819"}],"wp:term":[{"taxonomy":"brand","embeddable":true,"href":"https:\/\/cube-bikes.ca\/fr\/wp-json\/wp\/v2\/etheme_brands?post=12819"},{"taxonomy":"product_brand","embeddable":true,"href":"https:\/\/cube-bikes.ca\/fr\/wp-json\/wp\/v2\/product_brand?post=12819"},{"taxonomy":"product_cat","embeddable":true,"href":"https:\/\/cube-bikes.ca\/fr\/wp-json\/wp\/v2\/product_cat?post=12819"},{"taxonomy":"product_tag","embeddable":true,"href":"https:\/\/cube-bikes.ca\/fr\/wp-json\/wp\/v2\/product_tag?post=12819"}],"curies":[{"name":"wp","href":"https:\/\/api.w.org\/{rel}","templated":true}]}}