{"id":12816,"date":"2023-06-01T18:13:24","date_gmt":"2023-06-01T18:13:24","guid":{"rendered":"https:\/\/50d306ed0c.nxcli.io\/product\/cube-litening-aero-c68x-slt-prizmbluenblack\/"},"modified":"2023-06-01T18:13:24","modified_gmt":"2023-06-01T18:13:24","slug":"cube-litening-aero-c68x-slt-prizmbluenblack","status":"publish","type":"product","link":"https:\/\/cube-bikes.ca\/fr\/produit\/cube-litening-aero-c68x-slt-prizmbluenblack\/","title":{"rendered":"Cube Litening AERO C:68X SLT prizmblue&#8217;n&#8217;black"},"content":{"rendered":"<p>Vous avez parcouru des kilom\u00e8tres, perfectionn\u00e9 votre programme d&#8217;entra\u00eenement et il est maintenant temps de courir. Le Litening C:68X SLT est le v\u00e9lo qu&#8217;il vous faut. Construit autour de notre ch\u00e2ssis a\u00e9rodynamique en carbone de haute technologie avec une r\u00e9duction de la tra\u00een\u00e9e de 30 %, nous avons mont\u00e9 le groupe Dura Ace 2&#215;12 Di2 de Shimano &#8211; avec un compteur de puissance &#8211; pour que vous ayez des changements de vitesse pr\u00e9cis et un freinage puissant litt\u00e9ralement au bout de vos doigts. Une paire de roues Newmen Advanced STREEM avec un profil plus bas \u00e0 l&#8217;avant offre une superbe maniabilit\u00e9, m\u00eame dans des conditions venteuses. De plus, le faible poids total du v\u00e9lo et son confort tout au long de la journ\u00e9e vous garantissent des performances optimales, heure apr\u00e8s heure.<\/p>\n","protected":false},"excerpt":{"rendered":"<p>Vous avez parcouru des kilom\u00e8tres, perfectionn\u00e9 votre programme d&#8217;entra\u00eenement et il est maintenant temps de courir. Le Litening C:68X SLT est le v\u00e9lo qu&#8217;il vous&#8230;<\/p>\n","protected":false},"featured_media":11916,"comment_status":"open","ping_status":"closed","template":"","meta":[],"etheme_brands":[],"product_brand":[],"product_cat":[16474],"product_tag":[],"class_list":{"0":"post-12816","1":"product","2":"type-product","3":"status-publish","4":"has-post-thumbnail","6":"product_cat-route","7":"pa_brake_system-shimano-dura-ace-br-r9270-hydr-frein-a-disque-montage-plat-160-160","8":"pa_cassette-shimano-dura-ace-cs-r9200-11-30t","9":"pa_chain-shimano-cn-m9100","10":"pa_crankset-shimano-dura-ace-fc-r9200-p-powermeter-hollowtech-ll-52x36t","11":"pa_filter_frame_style-easyentry","12":"pa_fork-litening-c68x-aero-passage-de-cables-integre-disque-plat","13":"pa_frame-monocoque-aerodynamique-litening-c68x-technologie-avancee-de-double-moulage-tubes-optimises-pour-laerodynamique-acheminement-interne-complet-des-cables-disque-a-montage-plat","14":"pa_front_derailleur-shimano-dura-ace-di2-fd-r9250-f-braze-on","15":"pa_headset-acros-integre-en-haut-1-1-8-integre-en-bas-1-1-4","16":"pa_lts_display-oui","17":"pa_model_year-2023-fr","18":"pa_msrp_product-13399-000000","19":"pa_rear_derailleur-shimano-dura-ace-di2-rd-r9250-d-12-vitesses","20":"pa_rts_display-non","21":"pa_saddle-natural-fit-nuance-slt-road-carbon-fr","22":"pa_seat_post-litening-c68x-aero-comfort-flex","23":"pa_seatclamp-pince-aerodynamique-integree-cube","24":"pa_ship_weight-11-5","25":"pa_size-56-cm-fr","26":"pa_wheelset-newmen-advanced-sl-r-50-65-streem-carbone-fr","28":"first","29":"outofstock","30":"shipping-taxable","31":"purchasable","32":"product-type-simple"},"_links":{"self":[{"href":"https:\/\/cube-bikes.ca\/fr\/wp-json\/wp\/v2\/product\/12816","targetHints":{"allow":["GET"]}}],"collection":[{"href":"https:\/\/cube-bikes.ca\/fr\/wp-json\/wp\/v2\/product"}],"about":[{"href":"https:\/\/cube-bikes.ca\/fr\/wp-json\/wp\/v2\/types\/product"}],"replies":[{"embeddable":true,"href":"https:\/\/cube-bikes.ca\/fr\/wp-json\/wp\/v2\/comments?post=12816"}],"version-history":[{"count":0,"href":"https:\/\/cube-bikes.ca\/fr\/wp-json\/wp\/v2\/product\/12816\/revisions"}],"wp:featuredmedia":[{"embeddable":true,"href":"https:\/\/cube-bikes.ca\/fr\/wp-json\/wp\/v2\/media\/11916"}],"wp:attachment":[{"href":"https:\/\/cube-bikes.ca\/fr\/wp-json\/wp\/v2\/media?parent=12816"}],"wp:term":[{"taxonomy":"brand","embeddable":true,"href":"https:\/\/cube-bikes.ca\/fr\/wp-json\/wp\/v2\/etheme_brands?post=12816"},{"taxonomy":"product_brand","embeddable":true,"href":"https:\/\/cube-bikes.ca\/fr\/wp-json\/wp\/v2\/product_brand?post=12816"},{"taxonomy":"product_cat","embeddable":true,"href":"https:\/\/cube-bikes.ca\/fr\/wp-json\/wp\/v2\/product_cat?post=12816"},{"taxonomy":"product_tag","embeddable":true,"href":"https:\/\/cube-bikes.ca\/fr\/wp-json\/wp\/v2\/product_tag?post=12816"}],"curies":[{"name":"wp","href":"https:\/\/api.w.org\/{rel}","templated":true}]}}