{"id":12815,"date":"2023-06-01T18:13:24","date_gmt":"2023-06-01T18:13:24","guid":{"rendered":"https:\/\/50d306ed0c.nxcli.io\/product\/cube-litening-aero-c68x-race-teamline-11\/"},"modified":"2024-05-24T17:45:06","modified_gmt":"2024-05-24T17:45:06","slug":"cube-litening-aero-c68x-race-teamline-11","status":"publish","type":"product","link":"https:\/\/cube-bikes.ca\/fr\/produit\/cube-litening-aero-c68x-race-teamline-11\/","title":{"rendered":"Cube Litening AERO C:68X Race teamline"},"content":{"rendered":"<p>Chez CUBE, nous savons que chaque seconde compte. C&#8217;est pourquoi, avec le Litening AERO C:68X Race, nous avons construit un v\u00e9lo de course conforme aux normes UCI autour d&#8217;un cadre qui a r\u00e9duit la tra\u00een\u00e9e de 30 % &#8211; et \u00e9quip\u00e9 un p\u00e9dalier d&#8217;un compteur de puissance. Les roues Newmen Advanced pr\u00e9sentent des profils a\u00e9rodynamiques avec un profil moins profond \u00e0 l&#8217;avant pour r\u00e9duire l&#8217;effet des vents lat\u00e9raux. La transmission Ultegra Di2 2&#215;12 de Shimano est \u00e9l\u00e9gante, vari\u00e9e et incroyablement fiable. Les freins \u00e0 disque hydrauliques Ultegra assortis vous permettent d&#8217;aller encore plus vite, car vous pouvez freiner plus tard. Il ne fait aucun doute qu&#8217;il est rapide.<\/p>\n","protected":false},"excerpt":{"rendered":"<p>Chez CUBE, nous savons que chaque seconde compte. C&#8217;est pourquoi, avec le Litening AERO C:68X Race, nous avons construit un v\u00e9lo de course conforme aux&#8230;<\/p>\n","protected":false},"featured_media":11914,"comment_status":"open","ping_status":"closed","template":"","meta":[],"etheme_brands":[],"product_brand":[],"product_cat":[16474],"product_tag":[],"class_list":{"0":"post-12815","1":"product","2":"type-product","3":"status-publish","4":"has-post-thumbnail","6":"product_cat-route","7":"pa_brake_system-shimano-ultegra-br-r8170-hydr-frein-a-disque-montage-plat-160-160","8":"pa_brand-cube-fr","9":"pa_cassette-shimano-ultegra-cs-r8100-11-34t-fr","10":"pa_category_2-course-sur-route","11":"pa_chain-shimano-cn-m8100-fr","12":"pa_class-velos","13":"pa_crankset-shimano-ultegra-fc-r8100-p-powermeter-hollowtech-ll-52x36t-fr","14":"pa_filter_frame_style-easyentry","15":"pa_fork-litening-c68x-aero-passage-de-cables-integre-disque-plat","16":"pa_frame-monocoque-aerodynamique-litening-c68x-technologie-avancee-de-double-moulage-tubes-optimises-pour-laerodynamique-acheminement-interne-complet-des-cables-disque-a-montage-plat","17":"pa_front_derailleur-shimano-ultegra-di2-fd-r8150-f","18":"pa_headset-acros-integre-en-haut-1-1-8-integre-en-bas-1-1-4","19":"pa_lts_display-non","20":"pa_model_year-2023-fr","21":"pa_msrp_product-9699-000000","22":"pa_rear_derailleur-shimano-ultegra-di2-rd-r8150-dgs-12-vitesses","23":"pa_rts_display-non","24":"pa_saddle-natural-fit-nuance-slt-road-carbon-fr","25":"pa_seat_post-litening-c68x-aero-comfort-flex","26":"pa_seatclamp-pince-aerodynamique-integree-cube","27":"pa_ship_weight-11-9","28":"pa_type-route","29":"pa_wheelset-newmen-advanced-sl-r-50-65-streem-carbone","31":"first","32":"outofstock","33":"shipping-taxable","34":"product-type-grouped"},"_links":{"self":[{"href":"https:\/\/cube-bikes.ca\/fr\/wp-json\/wp\/v2\/product\/12815","targetHints":{"allow":["GET"]}}],"collection":[{"href":"https:\/\/cube-bikes.ca\/fr\/wp-json\/wp\/v2\/product"}],"about":[{"href":"https:\/\/cube-bikes.ca\/fr\/wp-json\/wp\/v2\/types\/product"}],"replies":[{"embeddable":true,"href":"https:\/\/cube-bikes.ca\/fr\/wp-json\/wp\/v2\/comments?post=12815"}],"version-history":[{"count":1,"href":"https:\/\/cube-bikes.ca\/fr\/wp-json\/wp\/v2\/product\/12815\/revisions"}],"predecessor-version":[{"id":12818,"href":"https:\/\/cube-bikes.ca\/fr\/wp-json\/wp\/v2\/product\/12815\/revisions\/12818"}],"wp:featuredmedia":[{"embeddable":true,"href":"https:\/\/cube-bikes.ca\/fr\/wp-json\/wp\/v2\/media\/11914"}],"wp:attachment":[{"href":"https:\/\/cube-bikes.ca\/fr\/wp-json\/wp\/v2\/media?parent=12815"}],"wp:term":[{"taxonomy":"brand","embeddable":true,"href":"https:\/\/cube-bikes.ca\/fr\/wp-json\/wp\/v2\/etheme_brands?post=12815"},{"taxonomy":"product_brand","embeddable":true,"href":"https:\/\/cube-bikes.ca\/fr\/wp-json\/wp\/v2\/product_brand?post=12815"},{"taxonomy":"product_cat","embeddable":true,"href":"https:\/\/cube-bikes.ca\/fr\/wp-json\/wp\/v2\/product_cat?post=12815"},{"taxonomy":"product_tag","embeddable":true,"href":"https:\/\/cube-bikes.ca\/fr\/wp-json\/wp\/v2\/product_tag?post=12815"}],"curies":[{"name":"wp","href":"https:\/\/api.w.org\/{rel}","templated":true}]}}