{"id":12800,"date":"2023-06-01T18:13:26","date_gmt":"2023-06-01T18:13:26","guid":{"rendered":"https:\/\/50d306ed0c.nxcli.io\/product\/cube-nuroad-c62-race-frozentealnblack-6\/"},"modified":"2023-06-01T18:13:26","modified_gmt":"2023-06-01T18:13:26","slug":"cube-nuroad-c62-race-frozentealnblack-6","status":"publish","type":"product","link":"https:\/\/cube-bikes.ca\/fr\/produit\/cube-nuroad-c62-race-frozentealnblack-6\/","title":{"rendered":"Cube Nuroad C:62 Race frozenteal&#8217;n&#8217;black"},"content":{"rendered":"<p>Empruntez la route la moins fr\u00e9quent\u00e9e, avec style et confort. Le Nuroad C:62 Race allie le faible poids et le confort d&#8217;amortissement des vibrations d&#8217;un cadre et d&#8217;une fourche enti\u00e8rement en carbone \u00e0 des composants fiables con\u00e7us pour vous aider \u00e0 aller plus loin. La paire de roues Newmen Evolution et les pneus Schwalbe larges et accrocheurs s&#8217;associent \u00e0 la large gamme de vitesses de la transmission GRX 2&#215;11 de Shimano pour transmettre votre puissance sur le sentier. Les freins \u00e0 disque hydrauliques Shimano GRX, progressifs et puissants, vous garantissent un contr\u00f4le total. De plus, avec un d\u00e9gagement important pour les pneus et des supports pour les porte-bagages avant et arri\u00e8re et les garde-boue, c&#8217;est \u00e0 vous de choisir votre prochaine aventure.<\/p>\n","protected":false},"excerpt":{"rendered":"<p>Empruntez la route la moins fr\u00e9quent\u00e9e, avec style et confort. Le Nuroad C:62 Race allie le faible poids et le confort d&#8217;amortissement des vibrations d&#8217;un&#8230;<\/p>\n","protected":false},"featured_media":11927,"comment_status":"open","ping_status":"closed","template":"","meta":[],"etheme_brands":[],"product_brand":[],"product_cat":[16984],"product_tag":[],"class_list":{"0":"post-12800","1":"product","2":"type-product","3":"status-publish","4":"has-post-thumbnail","6":"product_cat-gravier","7":"pa_brake_system-shimano-br-rx810-hydr-frein-a-disque-montage-plat-160-160","8":"pa_brand-cube-fr","9":"pa_cassette-shimano-ultegra-cs-hg800-11-34t-fr","10":"pa_chain-shimano-cn-hg701-fr","11":"pa_class-velos","12":"pa_crankset-shimano-grx-fc-rx810-11-vitesses-48x31t","13":"pa_filter_frame_style-easyentry","14":"pa_fork-technologie-cube-c62-1-1-8-1-1-4-conique-disque-a-montage-plat-montages-sur-ailes-et-lowrider-cable-declairage-interne-en-option-12x100mm-fr","15":"pa_frame-c62-advanced-twin-mold-passage-interne-des-cables-disque-plat-option-garde-boue-support-et-bequille-12x142mm-axh","16":"pa_front_derailleur-shimano-grx-fd-r810","17":"pa_handlebar-easton-ec70-ax-gravel-carbon-fr","18":"pa_headset-vp-integre-en-haut-1-1-8-integre-en-bas-1-1-4","19":"pa_lts_display-non","20":"pa_model_year-2023-fr","21":"pa_msrp_product-4799-000000","22":"pa_rear_derailleur-shimano-grx-rd-rx810-montage-direct-11-vitesses","23":"pa_rts_display-non","24":"pa_saddle-natural-fit-venec-fr-2","25":"pa_seat_post-newmen-advanced-carbone-27-2mm","26":"pa_seatclamp-cube-semi-integre","27":"pa_ship_weight-11-92","28":"pa_stem-tige-cube-performance-slx-31-8mm","29":"pa_type-route","30":"pa_wheelset-newmen-evolution-sl-x-r-26","32":"first","33":"outofstock","34":"sale","35":"shipping-taxable","36":"product-type-grouped"},"_links":{"self":[{"href":"https:\/\/cube-bikes.ca\/fr\/wp-json\/wp\/v2\/product\/12800","targetHints":{"allow":["GET"]}}],"collection":[{"href":"https:\/\/cube-bikes.ca\/fr\/wp-json\/wp\/v2\/product"}],"about":[{"href":"https:\/\/cube-bikes.ca\/fr\/wp-json\/wp\/v2\/types\/product"}],"replies":[{"embeddable":true,"href":"https:\/\/cube-bikes.ca\/fr\/wp-json\/wp\/v2\/comments?post=12800"}],"version-history":[{"count":0,"href":"https:\/\/cube-bikes.ca\/fr\/wp-json\/wp\/v2\/product\/12800\/revisions"}],"wp:featuredmedia":[{"embeddable":true,"href":"https:\/\/cube-bikes.ca\/fr\/wp-json\/wp\/v2\/media\/11927"}],"wp:attachment":[{"href":"https:\/\/cube-bikes.ca\/fr\/wp-json\/wp\/v2\/media?parent=12800"}],"wp:term":[{"taxonomy":"brand","embeddable":true,"href":"https:\/\/cube-bikes.ca\/fr\/wp-json\/wp\/v2\/etheme_brands?post=12800"},{"taxonomy":"product_brand","embeddable":true,"href":"https:\/\/cube-bikes.ca\/fr\/wp-json\/wp\/v2\/product_brand?post=12800"},{"taxonomy":"product_cat","embeddable":true,"href":"https:\/\/cube-bikes.ca\/fr\/wp-json\/wp\/v2\/product_cat?post=12800"},{"taxonomy":"product_tag","embeddable":true,"href":"https:\/\/cube-bikes.ca\/fr\/wp-json\/wp\/v2\/product_tag?post=12800"}],"curies":[{"name":"wp","href":"https:\/\/api.w.org\/{rel}","templated":true}]}}