{"id":12795,"date":"2023-06-01T18:13:25","date_gmt":"2023-06-01T18:13:25","guid":{"rendered":"https:\/\/50d306ed0c.nxcli.io\/product\/cube-nuroad-pro-metalmossnblack-2\/"},"modified":"2024-05-24T17:44:36","modified_gmt":"2024-05-24T17:44:36","slug":"cube-nuroad-pro-metalmossnblack-2-2","status":"publish","type":"product","link":"https:\/\/cube-bikes.ca\/fr\/produit\/cube-nuroad-pro-metalmossnblack-2-2\/","title":{"rendered":"Cube Nuroad Pro metalmoss&#8217;n&#8217;black"},"content":{"rendered":"<p>Votre v\u00e9lo ne doit pas vous limiter. C&#8217;est pourquoi nous avons con\u00e7u le Nuroad Pro : pour vous aider \u00e0 aller plus loin. Avec un large d\u00e9gagement pour ses pneus Schwalbe larges et adh\u00e9rents, il a la capacit\u00e9 de continuer \u00e0 avancer l\u00e0 o\u00f9 d&#8217;autres v\u00e9los ont depuis longtemps fait demi-tour. Les vitesses fiables GRX et Tiagra 2&#215;10 de Shimano mettent \u00e0 votre port\u00e9e le bon rapport pour n&#8217;importe quelle route. Des freins \u00e0 disque m\u00e9caniques puissants et durables vous garantissent une puissance de freinage suffisante. La fourche confortable en carbone contribue \u00e0 r\u00e9duire les vibrations, ce qui vous permet de rouler plus longtemps en tout confort. Avec son cadre pr\u00eat \u00e0 recevoir un garde-boue, un porte-bagages et une potence, il ne manque plus que votre esprit d&#8217;aventure.<\/p>\n","protected":false},"excerpt":{"rendered":"<p>Votre v\u00e9lo ne doit pas vous limiter. C&#8217;est pourquoi nous avons con\u00e7u le Nuroad Pro : pour vous aider \u00e0 aller plus loin. Avec un&#8230;<\/p>\n","protected":false},"featured_media":11921,"comment_status":"open","ping_status":"closed","template":"","meta":[],"etheme_brands":[],"product_brand":[],"product_cat":[16984],"product_tag":[],"class_list":{"0":"post-12795","1":"product","2":"type-product","3":"status-publish","4":"has-post-thumbnail","6":"product_cat-gravier","7":"pa_brake_system-trp-spyre-md-c610c-monture-plate-160-160","8":"pa_brand-cube-fr","9":"pa_cassette-shimano-cs-hg50-11-36t-fr","10":"pa_chain-kmc-x10-fr","11":"pa_class-velos","12":"pa_crankset-shimano-grx-fc-rx600-46x30t-fr","13":"pa_filter_frame_style-easyentry","14":"pa_fork-cube-disque-nuroad-a-montage-plat-tout-carbone-1-1-8-1-1-4-conique-montage-sur-garde-boue-et-lowrider-12x100mm","15":"pa_frame-aluminium-6061-t6-superlite-geometrie-gravel-comfort-disque-plat-garde-boue-et-porte-bagages-en-option-12x142mm-axh","16":"pa_front_derailleur-shimano-grx-fd-rx400","17":"pa_handlebar-cube-gravel-race-bar-fr","18":"pa_headset-vp-z-t-sommet-zero-stack-1-1-8-od-44mm-fond-integre-1-1-4","19":"pa_lts_display-non","20":"pa_model_year-2023-fr","21":"pa_msrp_product-2049-000000","22":"pa_rear_derailleur-shimano-grx-rd-rx400-10-vitesses","23":"pa_rts_display-non","24":"pa_saddle-natural-fit-venec-lite-fr","25":"pa_seat_post-poteau-cube-performance-27-2mm","26":"pa_seatclamp-collier-de-selle-integre-cube-nuroad","27":"pa_ship_weight-13-32","28":"pa_stem-tige-cube-performance-slx-31-8mm","29":"pa_type-route","30":"pa_wheelset-cube-gr-2-3-disc-fr","32":"first","33":"outofstock","34":"shipping-taxable","35":"product-type-grouped"},"_links":{"self":[{"href":"https:\/\/cube-bikes.ca\/fr\/wp-json\/wp\/v2\/product\/12795","targetHints":{"allow":["GET"]}}],"collection":[{"href":"https:\/\/cube-bikes.ca\/fr\/wp-json\/wp\/v2\/product"}],"about":[{"href":"https:\/\/cube-bikes.ca\/fr\/wp-json\/wp\/v2\/types\/product"}],"replies":[{"embeddable":true,"href":"https:\/\/cube-bikes.ca\/fr\/wp-json\/wp\/v2\/comments?post=12795"}],"version-history":[{"count":1,"href":"https:\/\/cube-bikes.ca\/fr\/wp-json\/wp\/v2\/product\/12795\/revisions"}],"predecessor-version":[{"id":12804,"href":"https:\/\/cube-bikes.ca\/fr\/wp-json\/wp\/v2\/product\/12795\/revisions\/12804"}],"wp:featuredmedia":[{"embeddable":true,"href":"https:\/\/cube-bikes.ca\/fr\/wp-json\/wp\/v2\/media\/11921"}],"wp:attachment":[{"href":"https:\/\/cube-bikes.ca\/fr\/wp-json\/wp\/v2\/media?parent=12795"}],"wp:term":[{"taxonomy":"brand","embeddable":true,"href":"https:\/\/cube-bikes.ca\/fr\/wp-json\/wp\/v2\/etheme_brands?post=12795"},{"taxonomy":"product_brand","embeddable":true,"href":"https:\/\/cube-bikes.ca\/fr\/wp-json\/wp\/v2\/product_brand?post=12795"},{"taxonomy":"product_cat","embeddable":true,"href":"https:\/\/cube-bikes.ca\/fr\/wp-json\/wp\/v2\/product_cat?post=12795"},{"taxonomy":"product_tag","embeddable":true,"href":"https:\/\/cube-bikes.ca\/fr\/wp-json\/wp\/v2\/product_tag?post=12795"}],"curies":[{"name":"wp","href":"https:\/\/api.w.org\/{rel}","templated":true}]}}