{"id":12787,"date":"2023-06-01T18:13:26","date_gmt":"2023-06-01T18:13:26","guid":{"rendered":"https:\/\/50d306ed0c.nxcli.io\/product\/cube-nuroad-c62-pro-swampgreynblack\/"},"modified":"2023-06-01T18:13:26","modified_gmt":"2023-06-01T18:13:26","slug":"cube-nuroad-c62-pro-swampgreynblack","status":"publish","type":"product","link":"https:\/\/cube-bikes.ca\/fr\/produit\/cube-nuroad-c62-pro-swampgreynblack\/","title":{"rendered":"Cube Nuroad C:62 Pro swampgrey&#8217;n&#8217;black"},"content":{"rendered":"<p>Le Nuroad C:62 Pro combine le confort et le faible poids d&#8217;un ch\u00e2ssis gravel en carbone avec le groupe GRX 1&#215;11 de Shimano, sp\u00e9cifique au gravel, vous donnant tout ce dont vous avez besoin pour explorer plus loin. La paire de roues Newmen, con\u00e7ue sp\u00e9cialement pour le gravier, est le support id\u00e9al pour une paire de pneus Schwalbe tr\u00e8s adh\u00e9rents. Ajoutez la puissance des freins \u00e0 disque hydrauliques et le confort d&#8217;une fourche enti\u00e8rement en carbone et d&#8217;une tige de selle en carbone Newmen, et vous n&#8217;aurez plus d&#8217;excuses. O\u00f9 cela vous m\u00e8nera-t-il le week-end prochain ?<\/p>\n","protected":false},"excerpt":{"rendered":"<p>Le Nuroad C:62 Pro combine le confort et le faible poids d&#8217;un ch\u00e2ssis gravel en carbone avec le groupe GRX 1&#215;11 de Shimano, sp\u00e9cifique au&#8230;<\/p>\n","protected":false},"featured_media":11926,"comment_status":"open","ping_status":"closed","template":"","meta":[],"etheme_brands":[],"product_brand":[],"product_cat":[16984],"product_tag":[],"class_list":{"0":"post-12787","1":"product","2":"type-product","3":"status-publish","4":"has-post-thumbnail","6":"product_cat-gravier","7":"pa_brake_system-shimano-grx-br-rx400-hydr-frein-a-disque-montage-plat-160-160","8":"pa_brand-cube-fr","9":"pa_cassette-shimano-xt-cs-m8000-11-42t-fr","10":"pa_chain-shimano-cn-hg601-11-fr","11":"pa_class-velos","12":"pa_crankset-shimano-grx-fc-rx600-40t-fr","13":"pa_filter_frame_style-easyentry","14":"pa_fork-technologie-cube-c62-1-1-8-1-1-4-conique-disque-a-montage-plat-montages-sur-ailes-et-lowrider-cable-declairage-interne-en-option-12x100mm-fr","15":"pa_frame-c62-advanced-twin-mold-passage-interne-des-cables-disque-plat-option-garde-boue-support-et-bequille-12x142mm-axh","16":"pa_handlebar-cube-gravel-race-bar-fr","17":"pa_headset-vp-integre-en-haut-1-1-8-integre-en-bas-1-1-4","18":"pa_lts_display-non","19":"pa_model_year-2023-fr","20":"pa_msrp_product-3899-000000","21":"pa_rear_derailleur-shimano-grx-rd-rx812-montage-direct-11-vitesses","22":"pa_rts_display-non","23":"pa_saddle-natural-fit-venec-fr-2","24":"pa_seat_post-newmen-advanced-carbone-27-2mm","25":"pa_seatclamp-cube-semi-integre","26":"pa_ship_weight-11-92","27":"pa_stem-newmen-evolution-318-4-31-8mm-fr","28":"pa_type-route","29":"pa_wheelset-newmen-performance-x-r-26","31":"first","32":"outofstock","33":"shipping-taxable","34":"product-type-grouped"},"_links":{"self":[{"href":"https:\/\/cube-bikes.ca\/fr\/wp-json\/wp\/v2\/product\/12787","targetHints":{"allow":["GET"]}}],"collection":[{"href":"https:\/\/cube-bikes.ca\/fr\/wp-json\/wp\/v2\/product"}],"about":[{"href":"https:\/\/cube-bikes.ca\/fr\/wp-json\/wp\/v2\/types\/product"}],"replies":[{"embeddable":true,"href":"https:\/\/cube-bikes.ca\/fr\/wp-json\/wp\/v2\/comments?post=12787"}],"version-history":[{"count":0,"href":"https:\/\/cube-bikes.ca\/fr\/wp-json\/wp\/v2\/product\/12787\/revisions"}],"wp:featuredmedia":[{"embeddable":true,"href":"https:\/\/cube-bikes.ca\/fr\/wp-json\/wp\/v2\/media\/11926"}],"wp:attachment":[{"href":"https:\/\/cube-bikes.ca\/fr\/wp-json\/wp\/v2\/media?parent=12787"}],"wp:term":[{"taxonomy":"brand","embeddable":true,"href":"https:\/\/cube-bikes.ca\/fr\/wp-json\/wp\/v2\/etheme_brands?post=12787"},{"taxonomy":"product_brand","embeddable":true,"href":"https:\/\/cube-bikes.ca\/fr\/wp-json\/wp\/v2\/product_brand?post=12787"},{"taxonomy":"product_cat","embeddable":true,"href":"https:\/\/cube-bikes.ca\/fr\/wp-json\/wp\/v2\/product_cat?post=12787"},{"taxonomy":"product_tag","embeddable":true,"href":"https:\/\/cube-bikes.ca\/fr\/wp-json\/wp\/v2\/product_tag?post=12787"}],"curies":[{"name":"wp","href":"https:\/\/api.w.org\/{rel}","templated":true}]}}