{"id":12773,"date":"2023-06-01T18:13:26","date_gmt":"2023-06-01T18:13:26","guid":{"rendered":"https:\/\/50d306ed0c.nxcli.io\/product\/cube-nuroad-race-bleu-et-noir\/"},"modified":"2023-06-01T18:13:26","modified_gmt":"2023-06-01T18:13:26","slug":"cube-nuroad-race-bleu-et-noir","status":"publish","type":"product","link":"https:\/\/cube-bikes.ca\/fr\/produit\/cube-nuroad-race-bleu-et-noir\/","title":{"rendered":"Cube Nuroad Race bleu et noir"},"content":{"rendered":"<p>Dot\u00e9 des composants GRX 2&#215;11 de Shimano, le Nuroad Race combine toutes les meilleures qualit\u00e9s de nos s\u00e9ries de course sur route et de cyclocross dans un v\u00e9lo robuste, polyvalent et vivant. Le d\u00e9gagement important du cadre nous a permis de monter des pneus pliants larges, l\u00e9gers et confortables avec une paire de roues CUBE \u00e9quip\u00e9e de moyeux Newmen. Associ\u00e9s \u00e0 de puissants freins \u00e0 disque hydrauliques, ils vous offrent l&#8217;adh\u00e9rence et le contr\u00f4le dont vous avez besoin par tous les temps. La fourche en carbone, qui amortit les vibrations, rend les longs trajets agr\u00e9ables, pour que vous puissiez explorer tous les endroits o\u00f9 votre curiosit\u00e9 vous m\u00e8ne.<\/p>\n","protected":false},"excerpt":{"rendered":"<p>Dot\u00e9 des composants GRX 2&#215;11 de Shimano, le Nuroad Race combine toutes les meilleures qualit\u00e9s de nos s\u00e9ries de course sur route et de cyclocross&#8230;<\/p>\n","protected":false},"featured_media":11925,"comment_status":"open","ping_status":"closed","template":"","meta":[],"etheme_brands":[],"product_brand":[],"product_cat":[16984],"product_tag":[],"class_list":{"0":"post-12773","1":"product","2":"type-product","3":"status-publish","4":"has-post-thumbnail","6":"product_cat-gravier","7":"pa_brake_system-shimano-br-rx400-hydr-frein-a-disque-montage-plat-160-160","8":"pa_brand-cube-fr","9":"pa_cassette-shimano-105-cs-hg700-11-34t-fr","10":"pa_chain-shimano-cn-hg601-11-fr","11":"pa_class-velos","12":"pa_crankset-shimano-grx-fc-rx600-46x30t-fr","13":"pa_filter_frame_style-easyentry","14":"pa_fork-cube-disque-nuroad-a-montage-plat-tout-carbone-1-1-8-1-1-4-conique-montage-sur-garde-boue-et-lowrider-12x100mm","15":"pa_frame-aluminium-6061-t6-superlite-geometrie-gravel-comfort-disque-plat-garde-boue-et-porte-bagages-en-option-12x142mm-axh","16":"pa_front_derailleur-shimano-grx-fd-r810","17":"pa_handlebar-cube-gravel-race-bar-fr","18":"pa_headset-vp-z-t-sommet-zero-stack-1-1-8-od-44mm-fond-integre-1-1-4","19":"pa_lts_display-non","20":"pa_model_year-2023-fr","21":"pa_msrp_product-2999-000000","22":"pa_rear_derailleur-shimano-grx-rd-rx810-montage-direct-11-vitesses","23":"pa_rts_display-non","24":"pa_saddle-natural-fit-venec-fr-2","25":"pa_seat_post-poteau-cube-performance-27-2mm","26":"pa_seatclamp-collier-de-selle-integre-cube-nuroad","27":"pa_ship_weight-13-32","28":"pa_stem-tige-cube-performance-slx-31-8mm","29":"pa_type-route","30":"pa_wheelset-cube-gr-2-3-disc-fr","32":"first","33":"outofstock","34":"shipping-taxable","35":"product-type-grouped"},"_links":{"self":[{"href":"https:\/\/cube-bikes.ca\/fr\/wp-json\/wp\/v2\/product\/12773","targetHints":{"allow":["GET"]}}],"collection":[{"href":"https:\/\/cube-bikes.ca\/fr\/wp-json\/wp\/v2\/product"}],"about":[{"href":"https:\/\/cube-bikes.ca\/fr\/wp-json\/wp\/v2\/types\/product"}],"replies":[{"embeddable":true,"href":"https:\/\/cube-bikes.ca\/fr\/wp-json\/wp\/v2\/comments?post=12773"}],"version-history":[{"count":0,"href":"https:\/\/cube-bikes.ca\/fr\/wp-json\/wp\/v2\/product\/12773\/revisions"}],"wp:featuredmedia":[{"embeddable":true,"href":"https:\/\/cube-bikes.ca\/fr\/wp-json\/wp\/v2\/media\/11925"}],"wp:attachment":[{"href":"https:\/\/cube-bikes.ca\/fr\/wp-json\/wp\/v2\/media?parent=12773"}],"wp:term":[{"taxonomy":"brand","embeddable":true,"href":"https:\/\/cube-bikes.ca\/fr\/wp-json\/wp\/v2\/etheme_brands?post=12773"},{"taxonomy":"product_brand","embeddable":true,"href":"https:\/\/cube-bikes.ca\/fr\/wp-json\/wp\/v2\/product_brand?post=12773"},{"taxonomy":"product_cat","embeddable":true,"href":"https:\/\/cube-bikes.ca\/fr\/wp-json\/wp\/v2\/product_cat?post=12773"},{"taxonomy":"product_tag","embeddable":true,"href":"https:\/\/cube-bikes.ca\/fr\/wp-json\/wp\/v2\/product_tag?post=12773"}],"curies":[{"name":"wp","href":"https:\/\/api.w.org\/{rel}","templated":true}]}}