{"id":12763,"date":"2023-06-01T18:13:26","date_gmt":"2023-06-01T18:13:26","guid":{"rendered":"https:\/\/50d306ed0c.nxcli.io\/product\/cube-nuroad-ex-caramelnblack-4\/"},"modified":"2023-06-01T18:13:26","modified_gmt":"2023-06-01T18:13:26","slug":"cube-nuroad-ex-caramelnblack-4","status":"publish","type":"product","link":"https:\/\/cube-bikes.ca\/fr\/produit\/cube-nuroad-ex-caramelnblack-4\/","title":{"rendered":"Cube Nuroad EX caramel&#8217;n&#8217;black"},"content":{"rendered":"<p>Moins, c&#8217;est parfois plus. C&#8217;est pourquoi, pour le Nuroad EX, nous avons choisi les composants GRX de Shimano, sp\u00e9cifiques au gravier, en version 1&#215;11 &#8211; pour une large gamme de vitesses avec un minimum d&#8217;efforts. Une paire de roues CUBE avec des moyeux Newmen chauss\u00e9s de pneus WTB Riddler 45 mm l\u00e9gers, r\u00e9sistants et accrocheurs &#8211; et des freins \u00e0 disque hydrauliques Shimano GRX &#8211; vous permettent de garder le contr\u00f4le, tout le temps. La fourche enti\u00e8rement en carbone, qui filtre les vibrations, assure un confort de conduite tout au long de la journ\u00e9e. De plus, une gamme compl\u00e8te de porte-bagages &#8211; \u00e0 l&#8217;avant et \u00e0 l&#8217;arri\u00e8re &#8211; permet d&#8217;\u00e9quiper facilement votre Nuroad EX pour vos trajets quotidiens et vos aventures du week-end.<\/p>\n","protected":false},"excerpt":{"rendered":"<p>Moins, c&#8217;est parfois plus. C&#8217;est pourquoi, pour le Nuroad EX, nous avons choisi les composants GRX de Shimano, sp\u00e9cifiques au gravier, en version 1&#215;11 &#8211;&#8230;<\/p>\n","protected":false},"featured_media":11923,"comment_status":"open","ping_status":"closed","template":"","meta":[],"etheme_brands":[],"product_brand":[],"product_cat":[16984],"product_tag":[],"class_list":{"0":"post-12763","1":"product","2":"type-product","3":"status-publish","4":"has-post-thumbnail","6":"product_cat-gravier","7":"pa_brake_system-shimano-grx-br-rx400-hydr-frein-a-disque-montage-plat-160-160","8":"pa_brand-cube-fr","9":"pa_cassette-shimano-cs-m5100-11-42t-fr","10":"pa_chain-shimano-cn-hg601-11-fr","11":"pa_class-velos","12":"pa_crankset-shimano-grx-fc-rx600-40t-fr","13":"pa_fork-cube-disque-nuroad-a-montage-plat-tout-carbone-1-1-8-1-1-4-conique-montage-sur-garde-boue-et-lowrider-12x100mm","14":"pa_frame-aluminium-6061-t6-superlite-geometrie-gravel-comfort-disque-plat-garde-boue-et-porte-bagages-en-option-12x142mm-axh","15":"pa_handlebar-cube-gravel-race-bar-fr","16":"pa_headset-vp-z-t-sommet-zero-stack-1-1-8-od-44mm-fond-integre-1-1-4","17":"pa_lts_display-non","18":"pa_model_year-2023-fr","19":"pa_msrp_product-2799-000000","20":"pa_rear_derailleur-shimano-grx-rd-rx812-montage-direct-11-vitesses","21":"pa_rts_display-non","22":"pa_saddle-natural-fit-venec-fr-2","23":"pa_seat_post-poteau-cube-performance-27-2mm","24":"pa_seatclamp-collier-de-selle-integre-cube-nuroad","25":"pa_ship_weight-13-2","26":"pa_stem-tige-cube-performance-slx-31-8mm","27":"pa_type-route","28":"pa_wheelset-cube-gr-2-3-disc-fr","30":"first","31":"outofstock","32":"shipping-taxable","33":"product-type-grouped"},"_links":{"self":[{"href":"https:\/\/cube-bikes.ca\/fr\/wp-json\/wp\/v2\/product\/12763","targetHints":{"allow":["GET"]}}],"collection":[{"href":"https:\/\/cube-bikes.ca\/fr\/wp-json\/wp\/v2\/product"}],"about":[{"href":"https:\/\/cube-bikes.ca\/fr\/wp-json\/wp\/v2\/types\/product"}],"replies":[{"embeddable":true,"href":"https:\/\/cube-bikes.ca\/fr\/wp-json\/wp\/v2\/comments?post=12763"}],"version-history":[{"count":0,"href":"https:\/\/cube-bikes.ca\/fr\/wp-json\/wp\/v2\/product\/12763\/revisions"}],"wp:featuredmedia":[{"embeddable":true,"href":"https:\/\/cube-bikes.ca\/fr\/wp-json\/wp\/v2\/media\/11923"}],"wp:attachment":[{"href":"https:\/\/cube-bikes.ca\/fr\/wp-json\/wp\/v2\/media?parent=12763"}],"wp:term":[{"taxonomy":"brand","embeddable":true,"href":"https:\/\/cube-bikes.ca\/fr\/wp-json\/wp\/v2\/etheme_brands?post=12763"},{"taxonomy":"product_brand","embeddable":true,"href":"https:\/\/cube-bikes.ca\/fr\/wp-json\/wp\/v2\/product_brand?post=12763"},{"taxonomy":"product_cat","embeddable":true,"href":"https:\/\/cube-bikes.ca\/fr\/wp-json\/wp\/v2\/product_cat?post=12763"},{"taxonomy":"product_tag","embeddable":true,"href":"https:\/\/cube-bikes.ca\/fr\/wp-json\/wp\/v2\/product_tag?post=12763"}],"curies":[{"name":"wp","href":"https:\/\/api.w.org\/{rel}","templated":true}]}}