{"id":12760,"date":"2023-06-01T18:13:26","date_gmt":"2023-06-01T18:13:26","guid":{"rendered":"https:\/\/50d306ed0c.nxcli.io\/product\/cube-nuroad-pro-fe-metalblackngrey-4\/"},"modified":"2024-05-24T17:44:08","modified_gmt":"2024-05-24T17:44:08","slug":"cube-nuroad-pro-fe-metalblackngrey-4","status":"publish","type":"product","link":"https:\/\/cube-bikes.ca\/fr\/produit\/cube-nuroad-pro-fe-metalblackngrey-4\/","title":{"rendered":"Cube Nuroad Pro FE metalblack&#8217;n&#8217;grey"},"content":{"rendered":"<p>Le Nuroad Pro FE reprend tous les avantages du Nuroad Pro &#8211; maniabilit\u00e9 stable, conception robuste, capacit\u00e9 tout-terrain &#8211; et y ajoute un ensemble complet d&#8217;accessoires pour le rendre pr\u00eat pour le tourisme ou les d\u00e9placements quotidiens. Il y a donc un solide porte-bagages, des garde-boue sur toute la longueur et un kit d&#8217;\u00e9clairage. Les larges pneus de 40 mm et la fourche enti\u00e8rement en carbone facilitent le travail sur les routes accident\u00e9es, les vitesses 2&#215;10 fiables de Shimano vous permettent d&#8217;avancer et les puissants freins \u00e0 disque vous offrent une puissance de freinage par tous les temps. Il s&#8217;agit d&#8217;un ensemble complet.<\/p>\n","protected":false},"excerpt":{"rendered":"<p>Le Nuroad Pro FE reprend tous les avantages du Nuroad Pro &#8211; maniabilit\u00e9 stable, conception robuste, capacit\u00e9 tout-terrain &#8211; et y ajoute un ensemble complet&#8230;<\/p>\n","protected":false},"featured_media":11922,"comment_status":"open","ping_status":"closed","template":"","meta":[],"etheme_brands":[],"product_brand":[],"product_cat":[16984],"product_tag":[],"class_list":{"0":"post-12760","1":"product","2":"type-product","3":"status-publish","4":"has-post-thumbnail","6":"product_cat-gravier","7":"pa_back_light-feu-arriere-de-garde-boue-acid-pro-e-6v-dc","8":"pa_bell-knog-oi-fr","9":"pa_brake_system-trp-spyre-md-c610c-monture-plate-160-160","10":"pa_brand-cube-fr","11":"pa_carrier-gravier-acid","12":"pa_cassette-shimano-cs-hg50-11-36t-fr","13":"pa_chain-kmc-x10-fr","14":"pa_class-velos","15":"pa_crankset-shimano-grx-fc-rx600-46x30t-fr","16":"pa_filter_frame_style-easyentry","17":"pa_fork-cube-disque-nuroad-a-montage-plat-tout-carbone-1-1-8-1-1-4-conique-montage-sur-garde-boue-et-lowrider-12x100mm","18":"pa_frame-aluminium-6061-t6-superlite-geometrie-gravel-comfort-disque-plat-12x142mm-axh","19":"pa_front_derailleur-shimano-grx-fd-rx400","20":"pa_handlebar-cube-gravel-race-bar-fr","21":"pa_headset-vp-z-t-sommet-zero-stack-1-1-8-od-44mm-fond-integre-1-1-4","22":"pa_kickstand-acid-fm-pure-kickstand-fr","23":"pa_lts_display-non","24":"pa_model_year-2023-fr","25":"pa_msrp_product-2399-000000","26":"pa_mudguard-acid-50-bb-mount-fr","27":"pa_rear_derailleur-shimano-grx-rd-rx400-10-vitesses","28":"pa_rts_display-non","29":"pa_saddle-natural-fit-venec-lite-fr","30":"pa_seat_post-poteau-cube-performance-27-2mm","31":"pa_seatclamp-collier-de-selle-integre-cube-nuroad","32":"pa_ship_weight-14-3","33":"pa_stem-tige-cube-performance-pro-31-8mm","34":"pa_type-route","35":"pa_wheelset-cube-gr-2-3-disc-moyeu-avant-dynamo","37":"first","38":"outofstock","39":"shipping-taxable","40":"product-type-grouped"},"_links":{"self":[{"href":"https:\/\/cube-bikes.ca\/fr\/wp-json\/wp\/v2\/product\/12760","targetHints":{"allow":["GET"]}}],"collection":[{"href":"https:\/\/cube-bikes.ca\/fr\/wp-json\/wp\/v2\/product"}],"about":[{"href":"https:\/\/cube-bikes.ca\/fr\/wp-json\/wp\/v2\/types\/product"}],"replies":[{"embeddable":true,"href":"https:\/\/cube-bikes.ca\/fr\/wp-json\/wp\/v2\/comments?post=12760"}],"version-history":[{"count":1,"href":"https:\/\/cube-bikes.ca\/fr\/wp-json\/wp\/v2\/product\/12760\/revisions"}],"predecessor-version":[{"id":12764,"href":"https:\/\/cube-bikes.ca\/fr\/wp-json\/wp\/v2\/product\/12760\/revisions\/12764"}],"wp:featuredmedia":[{"embeddable":true,"href":"https:\/\/cube-bikes.ca\/fr\/wp-json\/wp\/v2\/media\/11922"}],"wp:attachment":[{"href":"https:\/\/cube-bikes.ca\/fr\/wp-json\/wp\/v2\/media?parent=12760"}],"wp:term":[{"taxonomy":"brand","embeddable":true,"href":"https:\/\/cube-bikes.ca\/fr\/wp-json\/wp\/v2\/etheme_brands?post=12760"},{"taxonomy":"product_brand","embeddable":true,"href":"https:\/\/cube-bikes.ca\/fr\/wp-json\/wp\/v2\/product_brand?post=12760"},{"taxonomy":"product_cat","embeddable":true,"href":"https:\/\/cube-bikes.ca\/fr\/wp-json\/wp\/v2\/product_cat?post=12760"},{"taxonomy":"product_tag","embeddable":true,"href":"https:\/\/cube-bikes.ca\/fr\/wp-json\/wp\/v2\/product_tag?post=12760"}],"curies":[{"name":"wp","href":"https:\/\/api.w.org\/{rel}","templated":true}]}}