{"id":12747,"date":"2023-06-01T18:13:27","date_gmt":"2023-06-01T18:13:27","guid":{"rendered":"https:\/\/50d306ed0c.nxcli.io\/product\/cube-cargo-sport-hybrid-500-flashgreynblack\/"},"modified":"2025-05-27T13:45:18","modified_gmt":"2025-05-27T13:45:18","slug":"cube-cargo-sport-hybrid-500-flashgreynblack","status":"publish","type":"product","link":"https:\/\/cube-bikes.ca\/fr\/produit\/cube-cargo-sport-hybrid-500-flashgreynblack\/","title":{"rendered":"Cube Cargo Sport Hybrid 500 flashgrey&#8217;n&#8217;black"},"content":{"rendered":"<p>Gr\u00e2ce \u00e0 son design intelligent et \u00e0 la puissance du syst\u00e8me d&#8217;entra\u00eenement Cargo Line de quatri\u00e8me g\u00e9n\u00e9ration de Bosch, le Cargo Sport Hybrid r\u00e9\u00e9crit le livre des r\u00e8gles de la bicyclette. Vous voulez transporter vos enfants en toute s\u00e9curit\u00e9 et dans le confort ? Il suffit d&#8217;ajouter le si\u00e8ge enfant optionnel avec ceintures de s\u00e9curit\u00e9 int\u00e9gr\u00e9es. Le temps n&#8217;est pas au beau fixe ? Fixez la housse de pluie optionnelle pour garder votre chargement &#8211; ou vos enfants &#8211; au sec. Les feux LED avant et arri\u00e8re vous permettent de voir et d&#8217;\u00eatre vu, les garde-boue et les pneus accrocheurs facilitent le travail sur les routes mouill\u00e9es, et les puissants freins \u00e0 disque hydrauliques Magura vous permettent de toujours garder le contr\u00f4le, quel que soit le temps. Ajoutez \u00e0 cela la fiabilit\u00e9 et l&#8217;\u00e9tendue de la gamme des 10 vitesses Deore de Shimano et le confort d&#8217;une fourche suspendue, et vous comprendrez ais\u00e9ment pourquoi de plus en plus de personnes choisissent d&#8217;abandonner la voiture.<\/p>\n","protected":false},"excerpt":{"rendered":"<p>Gr\u00e2ce \u00e0 son design intelligent et \u00e0 la puissance du syst\u00e8me d&#8217;entra\u00eenement Cargo Line de quatri\u00e8me g\u00e9n\u00e9ration de Bosch, le Cargo Sport Hybrid r\u00e9\u00e9crit le&#8230;<\/p>\n","protected":false},"featured_media":11931,"comment_status":"open","ping_status":"closed","template":"","meta":[],"etheme_brands":[],"product_brand":[],"product_cat":[16011],"product_tag":[],"class_list":{"0":"post-12747","1":"product","2":"type-product","3":"status-publish","4":"has-post-thumbnail","6":"product_cat-default-category","7":"pa_back_light-feu-arriere-de-garde-boue-acid-pro-e-12v-dc","8":"pa_battery-bosch-powerpack-500","9":"pa_bell-humpert-fr","10":"pa_brake_system-magura-cme-hydr-frein-a-disque-180-203","11":"pa_cassette-shimano-deore-cs-m4100-11-46t-fr","12":"pa_chain-kmc-x10-fr","13":"pa_charger-bosch-2a-fr-2","14":"pa_crankset-manivelle-acid-170mm-38t","15":"pa_filter_frame_style-easyentry","16":"pa_fork-sr-suntour-mobie-cargo-80mm","17":"pa_front_hub-shimano-hb-mt400-15x100mm-centerlock","18":"pa_front_light-feu-avant-acid-pro-e-110-5-16v-dc","19":"pa_front_tire-schwalbe-pick-up-super-defense-60-406","20":"pa_grips-acid-travel-comfort-fr","21":"pa_handlebar-barre-de-traction-cube-comfort-680mm","22":"pa_headset-cube-h835d3-semi-integree-avec-roulements-scelles-et-cane-creek-viscoset","23":"pa_kickstand-bequille-cargo","24":"pa_lts_display-oui","25":"pa_m_year-17342","26":"pa_model_year-2023-fr","27":"pa_motor-bosch-drive-unit-cargo-line-generation-4-85nm-cruise-250watt","28":"pa_msrp_product-6399-000000","29":"pa_mudguard-acide-75","30":"pa_pedals-cube-pp-mtb-fr","31":"pa_rear_hub-shimano-deore-fh-m6000-qr-centerlock-fr","32":"pa_rear_tire-schwalbe-pick-up-super-defense-65-584","33":"pa_rims-cube-ex30-32h-disque-tubeless-ready","34":"pa_rts_display-non","35":"pa_saddle-natural-fit-sequence-comfort-fr","36":"pa_seat_post-newmen-evolution-30-9mm","37":"pa_seatclamp-cube-varioclose-34-9mm","38":"pa_shifters-shimano-deore-sl-m4100","39":"pa_ship_weight-56-6","40":"pa_size-20-27-5-taille-unique","41":"pa_stem-parschulz-speedlifter-classic","42":"pa_sw_featured-non","44":"first","45":"instock","46":"shipping-taxable","47":"purchasable","48":"product-type-simple"},"_links":{"self":[{"href":"https:\/\/cube-bikes.ca\/fr\/wp-json\/wp\/v2\/product\/12747","targetHints":{"allow":["GET"]}}],"collection":[{"href":"https:\/\/cube-bikes.ca\/fr\/wp-json\/wp\/v2\/product"}],"about":[{"href":"https:\/\/cube-bikes.ca\/fr\/wp-json\/wp\/v2\/types\/product"}],"replies":[{"embeddable":true,"href":"https:\/\/cube-bikes.ca\/fr\/wp-json\/wp\/v2\/comments?post=12747"}],"version-history":[{"count":0,"href":"https:\/\/cube-bikes.ca\/fr\/wp-json\/wp\/v2\/product\/12747\/revisions"}],"wp:featuredmedia":[{"embeddable":true,"href":"https:\/\/cube-bikes.ca\/fr\/wp-json\/wp\/v2\/media\/11931"}],"wp:attachment":[{"href":"https:\/\/cube-bikes.ca\/fr\/wp-json\/wp\/v2\/media?parent=12747"}],"wp:term":[{"taxonomy":"brand","embeddable":true,"href":"https:\/\/cube-bikes.ca\/fr\/wp-json\/wp\/v2\/etheme_brands?post=12747"},{"taxonomy":"product_brand","embeddable":true,"href":"https:\/\/cube-bikes.ca\/fr\/wp-json\/wp\/v2\/product_brand?post=12747"},{"taxonomy":"product_cat","embeddable":true,"href":"https:\/\/cube-bikes.ca\/fr\/wp-json\/wp\/v2\/product_cat?post=12747"},{"taxonomy":"product_tag","embeddable":true,"href":"https:\/\/cube-bikes.ca\/fr\/wp-json\/wp\/v2\/product_tag?post=12747"}],"curies":[{"name":"wp","href":"https:\/\/api.w.org\/{rel}","templated":true}]}}