{"id":12734,"date":"2023-06-01T18:13:28","date_gmt":"2023-06-01T18:13:28","guid":{"rendered":"https:\/\/50d306ed0c.nxcli.io\/product\/cube-cargo-sport-dual-hybrid-1000-flashwhitenblack\/"},"modified":"2025-05-27T13:45:17","modified_gmt":"2025-05-27T13:45:17","slug":"cube-cargo-sport-dual-hybrid-1000-flashwhitenblack","status":"publish","type":"product","link":"https:\/\/cube-bikes.ca\/fr\/produit\/cube-cargo-sport-dual-hybrid-1000-flashwhitenblack\/","title":{"rendered":"Cube Cargo Sport Dual Hybrid 1000 flashwhite&#8217;n&#8217;black"},"content":{"rendered":"<p>Peu importe ce que vous devez transporter en ville, le Cargo Sport Dual Hybrid est l\u00e0 pour vous faciliter la vie. Avec deux batteries de 500 Wh et une puissante unit\u00e9 d&#8217;entra\u00eenement Bosch de quatri\u00e8me g\u00e9n\u00e9ration fonctionnant avec les vitesses Deore de Shimano, fluides et fiables, il vous permettra d&#8217;accomplir n&#8217;importe quelle t\u00e2che. Ajoutez la housse de pluie en option pour une meilleure protection contre les intemp\u00e9ries, ou transportez vos enfants en toute s\u00e9curit\u00e9 et avec style gr\u00e2ce au si\u00e8ge enfant en option &#8211; la bo\u00eete de chargement de grande capacit\u00e9 est pr\u00eate \u00e0 recevoir pratiquement n&#8217;importe quelle charge. Les freins \u00e0 disque hydrauliques Magura, les pneus Schwalbe et les garde-boue vous prot\u00e8gent, vous et votre chargement, par tous les temps. L&#8217;\u00e9clairage LED \u00e0 l&#8217;avant et \u00e0 l&#8217;arri\u00e8re vous permet de voir et d&#8217;\u00eatre vu, et la fourche suspendue apporte un confort suppl\u00e9mentaire. O\u00f9 que vous alliez, quoi que vous transportiez, il vous soutient.<\/p>\n","protected":false},"excerpt":{"rendered":"<p>Peu importe ce que vous devez transporter en ville, le Cargo Sport Dual Hybrid est l\u00e0 pour vous faciliter la vie. Avec deux batteries de&#8230;<\/p>\n","protected":false},"featured_media":11935,"comment_status":"open","ping_status":"closed","template":"","meta":[],"etheme_brands":[],"product_brand":[],"product_cat":[16011],"product_tag":[],"class_list":{"0":"post-12734","1":"product","2":"type-product","3":"status-publish","4":"has-post-thumbnail","6":"product_cat-default-category","7":"pa_back_light-feu-arriere-de-garde-boue-acid-pro-e-12v-dc","8":"pa_battery-bosch-dualbattery-1000","9":"pa_bell-humpert-fr","10":"pa_brake_system-magura-cme-hydr-frein-a-disque-180-203","11":"pa_cassette-shimano-deore-cs-m4100-11-46t-fr","12":"pa_chain-kmc-x10-fr","13":"pa_charger-bosch-4a-fr","14":"pa_crankset-manivelle-acid-170mm-38t","15":"pa_filter_frame_style-easyentry","16":"pa_fork-sr-suntour-mobie-cargo-80mm","17":"pa_front_hub-shimano-hb-mt400-15x100mm-centerlock","18":"pa_front_light-feu-avant-acid-pro-e-110-5-16v-dc","19":"pa_front_tire-schwalbe-pick-up-super-defense-60-406","20":"pa_grips-acid-travel-comfort-fr","21":"pa_handlebar-barre-de-traction-cube-comfort-680mm","22":"pa_headset-cube-h835d3-semi-integree-avec-roulements-scelles-et-cane-creek-viscoset","23":"pa_kickstand-bequille-cargo","24":"pa_lts_display-oui","25":"pa_m_year-17342","26":"pa_model_year-2023-fr","27":"pa_motor-bosch-drive-unit-cargo-line-generation-4-85nm-cruise-250watt","28":"pa_msrp_product-6999-000000","29":"pa_mudguard-acide-75","30":"pa_pedals-cube-pp-mtb-fr","31":"pa_rear_hub-shimano-deore-fh-m6000-qr-centerlock-fr","32":"pa_rear_tire-schwalbe-pick-up-super-defense-65-584","33":"pa_rims-cube-ex30-32h-disque-tubeless-ready","34":"pa_rts_display-non","35":"pa_saddle-natural-fit-sequence-comfort-fr","36":"pa_seat_post-newmen-evolution-30-9mm","37":"pa_seatclamp-cube-varioclose-34-9mm","38":"pa_shifters-shimano-deore-sl-m4100","39":"pa_ship_weight-59-5","40":"pa_size-20-27-5-taille-unique","41":"pa_stem-parschulz-speedlifter-classic","42":"pa_sw_featured-non","44":"first","45":"instock","46":"shipping-taxable","47":"purchasable","48":"product-type-simple"},"_links":{"self":[{"href":"https:\/\/cube-bikes.ca\/fr\/wp-json\/wp\/v2\/product\/12734","targetHints":{"allow":["GET"]}}],"collection":[{"href":"https:\/\/cube-bikes.ca\/fr\/wp-json\/wp\/v2\/product"}],"about":[{"href":"https:\/\/cube-bikes.ca\/fr\/wp-json\/wp\/v2\/types\/product"}],"replies":[{"embeddable":true,"href":"https:\/\/cube-bikes.ca\/fr\/wp-json\/wp\/v2\/comments?post=12734"}],"version-history":[{"count":1,"href":"https:\/\/cube-bikes.ca\/fr\/wp-json\/wp\/v2\/product\/12734\/revisions"}],"predecessor-version":[{"id":12745,"href":"https:\/\/cube-bikes.ca\/fr\/wp-json\/wp\/v2\/product\/12734\/revisions\/12745"}],"wp:featuredmedia":[{"embeddable":true,"href":"https:\/\/cube-bikes.ca\/fr\/wp-json\/wp\/v2\/media\/11935"}],"wp:attachment":[{"href":"https:\/\/cube-bikes.ca\/fr\/wp-json\/wp\/v2\/media?parent=12734"}],"wp:term":[{"taxonomy":"brand","embeddable":true,"href":"https:\/\/cube-bikes.ca\/fr\/wp-json\/wp\/v2\/etheme_brands?post=12734"},{"taxonomy":"product_brand","embeddable":true,"href":"https:\/\/cube-bikes.ca\/fr\/wp-json\/wp\/v2\/product_brand?post=12734"},{"taxonomy":"product_cat","embeddable":true,"href":"https:\/\/cube-bikes.ca\/fr\/wp-json\/wp\/v2\/product_cat?post=12734"},{"taxonomy":"product_tag","embeddable":true,"href":"https:\/\/cube-bikes.ca\/fr\/wp-json\/wp\/v2\/product_tag?post=12734"}],"curies":[{"name":"wp","href":"https:\/\/api.w.org\/{rel}","templated":true}]}}