{"id":12732,"date":"2023-06-01T18:13:27","date_gmt":"2023-06-01T18:13:27","guid":{"rendered":"https:\/\/50d306ed0c.nxcli.io\/product\/cube-compact-sport-hybrid-500-blacknpolarsilver\/"},"modified":"2024-05-24T17:43:25","modified_gmt":"2024-05-24T17:43:25","slug":"cube-compact-sport-hybrid-500-blacknpolarsilver","status":"publish","type":"product","link":"https:\/\/cube-bikes.ca\/fr\/produit\/cube-compact-sport-hybrid-500-blacknpolarsilver\/","title":{"rendered":"Cube Compact Sport Hybrid 500 black&#8217;n&#8217;polarsilver"},"content":{"rendered":"<p>Se rendre d&#8217;un point A \u00e0 un point B n&#8217;implique pas n\u00e9cessairement de s&#8217;asseoir dans une bo\u00eete en fer-blanc &#8211; et en voici la preuve. La conception robuste et facile \u00e0 franchir du Compact Sport Hybrid convient aux cyclistes de toutes tailles et est facile \u00e0 ranger et \u00e0 transporter. La puissante unit\u00e9 d&#8217;entra\u00eenement Performance de Bosch \u00e9limine la sueur de la conduite quotidienne, tandis que les 10 vitesses Tiagra de Shimano, fiables et vari\u00e9es, facilitent le travail sur tous les itin\u00e9raires. Les puissants freins \u00e0 disque hydrauliques vous permettent de vous arr\u00eater en toute s\u00e9curit\u00e9 par tous les temps. Le syst\u00e8me d&#8217;\u00e9clairage, les garde-boue, le porte-bagages et la b\u00e9quille garantissent que la Compact Sport Hybrid s&#8217;int\u00e9grera facilement dans votre vie. Pour le travail, pour les loisirs, pour n&#8217;importe quelle raison.<\/p>\n","protected":false},"excerpt":{"rendered":"<p>Se rendre d&#8217;un point A \u00e0 un point B n&#8217;implique pas n\u00e9cessairement de s&#8217;asseoir dans une bo\u00eete en fer-blanc &#8211; et en voici la preuve&#8230;.<\/p>\n","protected":false},"featured_media":14160,"comment_status":"open","ping_status":"closed","template":"","meta":[],"etheme_brands":[],"product_brand":[],"product_cat":[16011],"product_tag":[],"class_list":{"0":"post-12732","1":"product","2":"type-product","3":"status-publish","4":"has-post-thumbnail","6":"product_cat-default-category","7":"pa_back_light-feu-arriere-de-garde-boue-acid-pro-e-12v-dc","8":"pa_battery-bosch-powerpack-500","9":"pa_bell-sonnerie-de-cloche","10":"pa_brake_system-shimano-br-mt200-hydr-frein-a-disque-180-160","11":"pa_carrier-support-semi-integre-acid-20-compatible-avec-ladaptateur-acid-rilink","12":"pa_cassette-shimano-cs-hg500-11-34t-fr","13":"pa_chain-kmc-x10-fr","14":"pa_charger-bosch-2a-fr-2","15":"pa_crankset-manivelle-acid-165mm-44t","16":"pa_filter_frame_style-easyentry","17":"pa_fork-aluminium-20","18":"pa_frame-aluminium-superlite-geometrie-comfort-ride-porteurs-semi-integres-double-butted-pret-pour-porte-bagages-avant-dropout-slider","19":"pa_front_hub-shimano-hb-tx505-qr-centerlock","20":"pa_front_light-cube-shiny-50-lux-12v-dc-fr","21":"pa_grips-acid-travel-comfort-fr","22":"pa_handlebar-barre-de-traction-cube-comfort-680mm","23":"pa_headset-cube-h835d3-semi-integre-roulement-scelle","24":"pa_kickstand-cube-centerstand","25":"pa_lts_display-oui","26":"pa_model_year-2023-fr","27":"pa_motor-bosch-drive-unit-performance-generation-3-65nm-cruise-250watt-fr","28":"pa_mudguard-acide-75-406","29":"pa_pedals-cube-pp-mtb-fr","30":"pa_rear_derailleur-shimano-tiagra-rd-4700gs-10-vitesses","31":"pa_rear_hub-shimano-fh-tx505-qr-centerlock","32":"pa_rims-cube-ex30-32h-disque-tubeless-ready","33":"pa_rts_display-non","34":"pa_saddle-sequence-dajustement-naturel","35":"pa_seat_post-newmen-evolution-27-2mm","36":"pa_seatclamp-cube-varioclose-31-8mm-fr","37":"pa_shifters-shimano-tiagra-sl-4700-fr","38":"pa_ship_weight-28-4","39":"pa_size-20-taille-unique","40":"pa_stem-byschulz-speedlifter-twist-pro-sds-t15","41":"pa_sw_featured-non","43":"first","44":"outofstock","45":"shipping-taxable","46":"purchasable","47":"product-type-simple"},"_links":{"self":[{"href":"https:\/\/cube-bikes.ca\/fr\/wp-json\/wp\/v2\/product\/12732","targetHints":{"allow":["GET"]}}],"collection":[{"href":"https:\/\/cube-bikes.ca\/fr\/wp-json\/wp\/v2\/product"}],"about":[{"href":"https:\/\/cube-bikes.ca\/fr\/wp-json\/wp\/v2\/types\/product"}],"replies":[{"embeddable":true,"href":"https:\/\/cube-bikes.ca\/fr\/wp-json\/wp\/v2\/comments?post=12732"}],"version-history":[{"count":1,"href":"https:\/\/cube-bikes.ca\/fr\/wp-json\/wp\/v2\/product\/12732\/revisions"}],"predecessor-version":[{"id":12741,"href":"https:\/\/cube-bikes.ca\/fr\/wp-json\/wp\/v2\/product\/12732\/revisions\/12741"}],"wp:featuredmedia":[{"embeddable":true,"href":"https:\/\/cube-bikes.ca\/fr\/wp-json\/wp\/v2\/media\/14160"}],"wp:attachment":[{"href":"https:\/\/cube-bikes.ca\/fr\/wp-json\/wp\/v2\/media?parent=12732"}],"wp:term":[{"taxonomy":"brand","embeddable":true,"href":"https:\/\/cube-bikes.ca\/fr\/wp-json\/wp\/v2\/etheme_brands?post=12732"},{"taxonomy":"product_brand","embeddable":true,"href":"https:\/\/cube-bikes.ca\/fr\/wp-json\/wp\/v2\/product_brand?post=12732"},{"taxonomy":"product_cat","embeddable":true,"href":"https:\/\/cube-bikes.ca\/fr\/wp-json\/wp\/v2\/product_cat?post=12732"},{"taxonomy":"product_tag","embeddable":true,"href":"https:\/\/cube-bikes.ca\/fr\/wp-json\/wp\/v2\/product_tag?post=12732"}],"curies":[{"name":"wp","href":"https:\/\/api.w.org\/{rel}","templated":true}]}}