{"id":12729,"date":"2023-06-01T18:13:28","date_gmt":"2023-06-01T18:13:28","guid":{"rendered":"https:\/\/50d306ed0c.nxcli.io\/product\/cube-fold-sport-hybrid-500-flashgreynblack\/"},"modified":"2025-05-27T13:45:17","modified_gmt":"2025-05-27T13:45:17","slug":"cube-fold-sport-hybrid-500-flashgreynblack","status":"publish","type":"product","link":"https:\/\/cube-bikes.ca\/fr\/produit\/cube-fold-sport-hybrid-500-flashgreynblack\/","title":{"rendered":"Cube Fold Sport Hybrid 500 flashgrey&#8217;n&#8217;black"},"content":{"rendered":"<p>Con\u00e7u pour s&#8217;int\u00e9grer \u00e0 votre vie aussi facilement qu&#8217;il se plie pour le rangement ou le transport, le tout nouveau Fold Sport Hybrid 500 est le compagnon \u00e0 deux roues que vous souhaiterez avoir toujours eu. Gr\u00e2ce \u00e0 la puissance du moteur Active Plus de Bosch, \u00e0 la large gamme de vitesses Shimano \u00e0 10 rapports faciles \u00e0 utiliser et \u00e0 une batterie de 500 Wh de s\u00e9rie, il vous permet d&#8217;effectuer n&#8217;importe quel trajet en toute l\u00e9g\u00e8ret\u00e9 et vous am\u00e8ne \u00e0 destination frais et dispos pour le reste de votre journ\u00e9e. Le porte-bagages arri\u00e8re inclus &#8211; et le porte-bagages avant en option &#8211; vous permettent d&#8217;emporter facilement tout ce dont vous avez besoin. Avec des garde-boue, une b\u00e9quille solide et une poign\u00e9e de transport robuste, il a tout ce qu&#8217;il vous faut.<\/p>\n","protected":false},"excerpt":{"rendered":"<p>Con\u00e7u pour s&#8217;int\u00e9grer \u00e0 votre vie aussi facilement qu&#8217;il se plie pour le rangement ou le transport, le tout nouveau Fold Sport Hybrid 500 est&#8230;<\/p>\n","protected":false},"featured_media":11936,"comment_status":"open","ping_status":"closed","template":"","meta":[],"etheme_brands":[],"product_brand":[],"product_cat":[16011],"product_tag":[],"class_list":{"0":"post-12729","1":"product","2":"type-product","3":"status-publish","4":"has-post-thumbnail","6":"product_cat-default-category","7":"pa_back_light-feu-arriere-de-garde-boue-acid-pro-e-12v-dc","8":"pa_battery-bosch-powerpack-500","9":"pa_bell-sonnerie-de-cloche","10":"pa_brake_system-shimano-br-mt200-hydr-frein-a-disque-180-180","11":"pa_carrier-support-semi-integre-acid-20-compatible-avec-ladaptateur-acid-rilink","12":"pa_cassette-shimano-cs-hg500-11-34t-fr","13":"pa_chain-kmc-x10-fr","14":"pa_charger-bosch-2a-fr-2","15":"pa_crankset-manivelle-acid-165mm-42t","16":"pa_filter_frame_style-easyentry","17":"pa_fork-aluminium-20","18":"pa_frame-aluminium-superlite-geometrie-comfort-ride-porte-bagages-semi-integre-pret-pour-le-porte-bagages-avant-dropout-slider-technologie-de-pliage-integree-guidon-de-transport","19":"pa_front_hub-shimano-hb-tx505-qr-centerlock","20":"pa_front_light-cube-shiny-50-lux-12v-dc-fr","21":"pa_grips-acid-travel-comfort-fr","22":"pa_handlebar-cube-comfort-trail-bar-680mm-254mm","23":"pa_headset-acros-azf-1038-pile-zero-superieure-1-1-8-zs-44mm-pile-zero-inferieure-1-1-2-zs-56mm","24":"pa_kickstand-bequille-a-deux-jambes","25":"pa_lts_display-oui","26":"pa_m_year-17342","27":"pa_model_year-2023-fr","28":"pa_motor-bosch-drive-unit-active-plus-generation-3-50nm-cruise-250watt-fr","29":"pa_msrp_product-4999-000000","30":"pa_mudguard-acide-75-406","31":"pa_pedals-trekking-acid-pp-fr","32":"pa_rear_hub-shimano-fh-tx505-qr-centerlock","33":"pa_rims-cube-ex30-32h-disque-tubeless-ready","34":"pa_rts_display-non","35":"pa_saddle-sequence-dajustement-naturel","36":"pa_seat_post-satori-sorata-349mm-280mm-440mm-tige-de-selle-telescopique","37":"pa_seatclamp-cube-varioclose-40mm","38":"pa_shifters-shimano-tiagra-sl-4700-fr","39":"pa_ship_weight-30-2","40":"pa_size-20-taille-unique","41":"pa_stem-potence-pliante-cube-longueur-reglable-collier-254mm","42":"pa_sw_featured-non","44":"first","45":"instock","46":"shipping-taxable","47":"purchasable","48":"product-type-simple"},"_links":{"self":[{"href":"https:\/\/cube-bikes.ca\/fr\/wp-json\/wp\/v2\/product\/12729","targetHints":{"allow":["GET"]}}],"collection":[{"href":"https:\/\/cube-bikes.ca\/fr\/wp-json\/wp\/v2\/product"}],"about":[{"href":"https:\/\/cube-bikes.ca\/fr\/wp-json\/wp\/v2\/types\/product"}],"replies":[{"embeddable":true,"href":"https:\/\/cube-bikes.ca\/fr\/wp-json\/wp\/v2\/comments?post=12729"}],"version-history":[{"count":1,"href":"https:\/\/cube-bikes.ca\/fr\/wp-json\/wp\/v2\/product\/12729\/revisions"}],"predecessor-version":[{"id":12748,"href":"https:\/\/cube-bikes.ca\/fr\/wp-json\/wp\/v2\/product\/12729\/revisions\/12748"}],"wp:featuredmedia":[{"embeddable":true,"href":"https:\/\/cube-bikes.ca\/fr\/wp-json\/wp\/v2\/media\/11936"}],"wp:attachment":[{"href":"https:\/\/cube-bikes.ca\/fr\/wp-json\/wp\/v2\/media?parent=12729"}],"wp:term":[{"taxonomy":"brand","embeddable":true,"href":"https:\/\/cube-bikes.ca\/fr\/wp-json\/wp\/v2\/etheme_brands?post=12729"},{"taxonomy":"product_brand","embeddable":true,"href":"https:\/\/cube-bikes.ca\/fr\/wp-json\/wp\/v2\/product_brand?post=12729"},{"taxonomy":"product_cat","embeddable":true,"href":"https:\/\/cube-bikes.ca\/fr\/wp-json\/wp\/v2\/product_cat?post=12729"},{"taxonomy":"product_tag","embeddable":true,"href":"https:\/\/cube-bikes.ca\/fr\/wp-json\/wp\/v2\/product_tag?post=12729"}],"curies":[{"name":"wp","href":"https:\/\/api.w.org\/{rel}","templated":true}]}}