{"id":12728,"date":"2023-06-01T18:13:27","date_gmt":"2023-06-01T18:13:27","guid":{"rendered":"https:\/\/50d306ed0c.nxcli.io\/product\/cube-nuroad-c62-slt-liquidrednred-2\/"},"modified":"2023-06-01T18:13:27","modified_gmt":"2023-06-01T18:13:27","slug":"cube-nuroad-c62-slt-liquidrednred-2","status":"publish","type":"product","link":"https:\/\/cube-bikes.ca\/fr\/produit\/cube-nuroad-c62-slt-liquidrednred-2\/","title":{"rendered":"Cube Nuroad C:62 SLT liquidred&#8217;n&#8217;red"},"content":{"rendered":"<p>L&#8217;\u00e9tiquette SLT n&#8217;est attribu\u00e9e qu&#8217;\u00e0 certains de nos meilleurs v\u00e9los. Dans le cas du Nuroad C:62 SLT, il s&#8217;agit d&#8217;une machine tout-terrain exceptionnellement rapide, l\u00e9g\u00e8re et polyvalente qui combine un cadre et une fourche enti\u00e8rement en carbone avec les derni\u00e8res technologies en mati\u00e8re de composants. Les vitesses XX1 Eagle AXS 1&#215;12 de Sram assurent un d\u00e9raillage sans faille sur une large plage. Les roues Newmen Advanced en carbone, sp\u00e9cifiques au gravier, sont chauss\u00e9es de pneus Schwalbe qui doivent leur d\u00e9veloppement \u00e0 la course de v\u00e9lo de montagne &#8211; vous savez donc qu&#8217;ils sont accrocheurs et r\u00e9sistants. Les puissants freins \u00e0 disque hydrauliques vous permettent de garder le contr\u00f4le, quelle que soit la situation. Enti\u00e8rement \u00e9quip\u00e9 pour le tourisme ou d\u00e9pouill\u00e9 pour l&#8217;exploration &#8211; faites-le \u00e0 votre guise.<\/p>\n","protected":false},"excerpt":{"rendered":"<p>L&#8217;\u00e9tiquette SLT n&#8217;est attribu\u00e9e qu&#8217;\u00e0 certains de nos meilleurs v\u00e9los. Dans le cas du Nuroad C:62 SLT, il s&#8217;agit d&#8217;une machine tout-terrain exceptionnellement rapide, l\u00e9g\u00e8re&#8230;<\/p>\n","protected":false},"featured_media":11928,"comment_status":"open","ping_status":"closed","template":"","meta":[],"etheme_brands":[],"product_brand":[],"product_cat":[16984],"product_tag":[],"class_list":{"0":"post-12728","1":"product","2":"type-product","3":"status-publish","4":"has-post-thumbnail","6":"product_cat-gravier","7":"pa_brake_system-sram-force-etap-axs-160-160","8":"pa_brand-cube-fr","9":"pa_cassette-sram-xg-1299-eagle-rainbow-10-50t-fr","10":"pa_chain-sram-pc-xx1-eagle-rainbow-fr","11":"pa_class-velos","12":"pa_crankset-sram-force-d1-dub-carbone-40t","13":"pa_filter_frame_style-easyentry","14":"pa_fork-technologie-cube-c62-1-1-8-1-1-4-conique-disque-a-montage-plat-montages-sur-ailes-et-lowrider-cable-declairage-interne-en-option-12x100mm-fr","15":"pa_frame-c62-advanced-twin-mold-passage-interne-des-cables-disque-plat-option-garde-boue-support-et-bequille-12x142mm-axh","16":"pa_handlebar-easton-ec70-ax-gravel-carbon-fr","17":"pa_headset-vp-integre-en-haut-1-1-8-integre-en-bas-1-1-4","18":"pa_lts_display-non","19":"pa_model_year-2023-fr","20":"pa_msrp_product-7699-000000","21":"pa_rear_derailleur-sram-xx1-eagle-axs-12-vitesses","22":"pa_rts_display-non","23":"pa_saddle-natural-fit-nuance-slt-road-carbon-fr","24":"pa_seat_post-newmen-advanced-carbone-27-2mm","25":"pa_seatclamp-cube-semi-integre","26":"pa_ship_weight-11-22","27":"pa_stem-tige-cube-performance-slx-31-8mm","28":"pa_type-route","29":"pa_wheelset-newmen-advanced-sl-x-r-25-carbone","31":"first","32":"outofstock","33":"sale","34":"shipping-taxable","35":"product-type-grouped"},"_links":{"self":[{"href":"https:\/\/cube-bikes.ca\/fr\/wp-json\/wp\/v2\/product\/12728","targetHints":{"allow":["GET"]}}],"collection":[{"href":"https:\/\/cube-bikes.ca\/fr\/wp-json\/wp\/v2\/product"}],"about":[{"href":"https:\/\/cube-bikes.ca\/fr\/wp-json\/wp\/v2\/types\/product"}],"replies":[{"embeddable":true,"href":"https:\/\/cube-bikes.ca\/fr\/wp-json\/wp\/v2\/comments?post=12728"}],"version-history":[{"count":0,"href":"https:\/\/cube-bikes.ca\/fr\/wp-json\/wp\/v2\/product\/12728\/revisions"}],"wp:featuredmedia":[{"embeddable":true,"href":"https:\/\/cube-bikes.ca\/fr\/wp-json\/wp\/v2\/media\/11928"}],"wp:attachment":[{"href":"https:\/\/cube-bikes.ca\/fr\/wp-json\/wp\/v2\/media?parent=12728"}],"wp:term":[{"taxonomy":"brand","embeddable":true,"href":"https:\/\/cube-bikes.ca\/fr\/wp-json\/wp\/v2\/etheme_brands?post=12728"},{"taxonomy":"product_brand","embeddable":true,"href":"https:\/\/cube-bikes.ca\/fr\/wp-json\/wp\/v2\/product_brand?post=12728"},{"taxonomy":"product_cat","embeddable":true,"href":"https:\/\/cube-bikes.ca\/fr\/wp-json\/wp\/v2\/product_cat?post=12728"},{"taxonomy":"product_tag","embeddable":true,"href":"https:\/\/cube-bikes.ca\/fr\/wp-json\/wp\/v2\/product_tag?post=12728"}],"curies":[{"name":"wp","href":"https:\/\/api.w.org\/{rel}","templated":true}]}}