{"id":12713,"date":"2023-07-10T17:03:22","date_gmt":"2023-07-10T17:03:22","guid":{"rendered":"https:\/\/50d306ed0c.nxcli.io\/product\/cube-agree-c62-race-carbonnblack-5\/"},"modified":"2024-05-24T17:42:35","modified_gmt":"2024-05-24T17:42:35","slug":"cube-agree-c62-race-carbonnblack-5","status":"publish","type":"product","link":"https:\/\/cube-bikes.ca\/fr\/produit\/cube-agree-c62-race-carbonnblack-5\/","title":{"rendered":"Cube Agree C:62 Race carbon&#8217;n&#8217;black"},"content":{"rendered":"<p>N&#8217;est-il pas temps de choisir un v\u00e9lo dont les performances sont \u00e0 la hauteur de votre engagement ? L&#8217;Agree C:62 Race allie un faible poids et un superbe confort pour le cycliste \u00e0 un design a\u00e9rodynamique qui coupe le vent, emprunt\u00e9 \u00e0 nos v\u00e9los de contre-la-montre qui ont gagn\u00e9 des courses, afin de construire le v\u00e9lo polyvalent par excellence. Il roule sur des roues Fulcrum Racing 400 l\u00e9g\u00e8res et rapides, associ\u00e9es au nouveau frein \u00e0 disque hydraulique Ultegra de Shimano pour un contr\u00f4le optimal. Enfin, nous avons compl\u00e9t\u00e9 notre v\u00e9lo de course par la pr\u00e9cision et la facilit\u00e9 d&#8217;utilisation in\u00e9gal\u00e9es de la nouvelle transmission Ultegra Di2 2&#215;12 de Shimano. Il est pr\u00eat \u00e0 courir. \u00cates-vous ?<\/p>\n","protected":false},"excerpt":{"rendered":"<p>N&#8217;est-il pas temps de choisir un v\u00e9lo dont les performances sont \u00e0 la hauteur de votre engagement ? L&#8217;Agree C:62 Race allie un faible poids&#8230;<\/p>\n","protected":false},"featured_media":11938,"comment_status":"open","ping_status":"closed","template":"","meta":[],"etheme_brands":[],"product_brand":[],"product_cat":[16474,16960,16983],"product_tag":[],"class_list":{"0":"post-12713","1":"product","2":"type-product","3":"status-publish","4":"has-post-thumbnail","6":"product_cat-route","7":"product_cat-route-fr","8":"product_cat-velos","9":"pa_brake_system-shimano-ultegra-br-r8170-hydr-frein-a-disque-montage-plat-160-160","10":"pa_cassette-shimano-ultegra-cs-r8100-11-34t-fr","11":"pa_chain-shimano-cn-m8100-fr","12":"pa_crankset-shimano-ultegra-fc-r8100-hollowtech-ii-50x34t-fr","13":"pa_filter_frame_style-easyentry","14":"pa_fork-cube-csl-evo-aero-c62-technology-1-1-8-1-1-4-conique-montage-plat-12x100mm-fr","15":"pa_frame-c62-advanced-twin-mold-technology-passage-de-cables-interne-collier-de-serrage-de-tige-de-selle-integre-disque-a-montage-plat-option-boite-de-rangement-axh-12x142mm-fr","16":"pa_frame_style-diamant","17":"pa_front_derailleur-shimano-ultegra-di2-fd-r8150-f","18":"pa_front_tire-conti-grand-sport-race-sl-28-622","19":"pa_handlebar-barre-daile-newmen-advanced-carbone","20":"pa_headset-acros-integre-en-haut-1-1-2-avec-passage-de-cables-integre-integre-en-bas-1-1-4","21":"pa_lts_display-oui","22":"pa_material-c62-technologie-avancee-des-moules-jumeles","23":"pa_model_year-2023-fr","24":"pa_msrp_product-6399-000000","25":"pa_not_available_text-non-disponible-aux-usa","26":"pa_rear_derailleur-shimano-ultegra-di2-rd-8150-dgs-12-vitesses","27":"pa_rear_tire-conti-grand-sport-race-sl-28-622","28":"pa_rts_display-non","29":"pa_saddle-natural-fit-nuance-lite-fr","30":"pa_seat_post-agree-c62-carbon-aero-comfort-flex","31":"pa_shifters-shimano-ultegra-di2-st-r8170","32":"pa_size-58-cm-fr","33":"pa_stem-tige-cube-aero-avec-passage-de-cables","34":"pa_sw_featured-non","35":"pa_tape-acid-bartape-rd-fr","36":"pa_wheelset-fulcrum-racing-400-db","38":"first","39":"outofstock","40":"shipping-taxable","41":"purchasable","42":"product-type-simple"},"_links":{"self":[{"href":"https:\/\/cube-bikes.ca\/fr\/wp-json\/wp\/v2\/product\/12713","targetHints":{"allow":["GET"]}}],"collection":[{"href":"https:\/\/cube-bikes.ca\/fr\/wp-json\/wp\/v2\/product"}],"about":[{"href":"https:\/\/cube-bikes.ca\/fr\/wp-json\/wp\/v2\/types\/product"}],"replies":[{"embeddable":true,"href":"https:\/\/cube-bikes.ca\/fr\/wp-json\/wp\/v2\/comments?post=12713"}],"version-history":[{"count":1,"href":"https:\/\/cube-bikes.ca\/fr\/wp-json\/wp\/v2\/product\/12713\/revisions"}],"predecessor-version":[{"id":12717,"href":"https:\/\/cube-bikes.ca\/fr\/wp-json\/wp\/v2\/product\/12713\/revisions\/12717"}],"wp:featuredmedia":[{"embeddable":true,"href":"https:\/\/cube-bikes.ca\/fr\/wp-json\/wp\/v2\/media\/11938"}],"wp:attachment":[{"href":"https:\/\/cube-bikes.ca\/fr\/wp-json\/wp\/v2\/media?parent=12713"}],"wp:term":[{"taxonomy":"brand","embeddable":true,"href":"https:\/\/cube-bikes.ca\/fr\/wp-json\/wp\/v2\/etheme_brands?post=12713"},{"taxonomy":"product_brand","embeddable":true,"href":"https:\/\/cube-bikes.ca\/fr\/wp-json\/wp\/v2\/product_brand?post=12713"},{"taxonomy":"product_cat","embeddable":true,"href":"https:\/\/cube-bikes.ca\/fr\/wp-json\/wp\/v2\/product_cat?post=12713"},{"taxonomy":"product_tag","embeddable":true,"href":"https:\/\/cube-bikes.ca\/fr\/wp-json\/wp\/v2\/product_tag?post=12713"}],"curies":[{"name":"wp","href":"https:\/\/api.w.org\/{rel}","templated":true}]}}