{"id":12710,"date":"2023-07-10T18:58:58","date_gmt":"2023-07-10T18:58:58","guid":{"rendered":"https:\/\/50d306ed0c.nxcli.io\/product\/cube-nuroad-ex-flashstonenorange\/"},"modified":"2024-05-24T17:42:39","modified_gmt":"2024-05-24T17:42:39","slug":"cube-nuroad-ex-flashstonenorange","status":"publish","type":"product","link":"https:\/\/cube-bikes.ca\/fr\/produit\/cube-nuroad-ex-flashstonenorange\/","title":{"rendered":"Cube Nuroad EX flashstone&#8217;n&#8217;orange"},"content":{"rendered":"<p>Moins peut parfois \u00eatre plus. C&#8217;est l&#8217;id\u00e9e qui sous-tend le Nuroad EX, qui est \u00e9quip\u00e9 des composants GRX de Shimano, sp\u00e9cifiques au gravier, en version 1&#215;11, pour une large gamme de vitesses avec un minimum d&#8217;efforts. Les pneus Riddler 45 mm de WTB, l\u00e9gers, r\u00e9sistants et accrocheurs, sont associ\u00e9s aux freins \u00e0 disque hydrauliques Shimano GRX pour vous permettre de garder le contr\u00f4le, tout le temps. La fourche enti\u00e8rement en carbone, qui filtre les vibrations, assure un confort de conduite tout au long de la journ\u00e9e. De plus, gr\u00e2ce \u00e0 une gamme compl\u00e8te de porte-bagages &#8211; avant et arri\u00e8re &#8211; il est facile d&#8217;\u00e9quiper votre Nuroad EX pour n&#8217;importe quelle aventure, du trajet quotidien \u00e0 la randonn\u00e9e d&#8217;une semaine.<\/p>\n","protected":false},"excerpt":{"rendered":"<p>Moins peut parfois \u00eatre plus. C&#8217;est l&#8217;id\u00e9e qui sous-tend le Nuroad EX, qui est \u00e9quip\u00e9 des composants GRX de Shimano, sp\u00e9cifiques au gravier, en version&#8230;<\/p>\n","protected":false},"featured_media":14460,"comment_status":"open","ping_status":"closed","template":"","meta":[],"etheme_brands":[],"product_brand":[],"product_cat":[16984,16986,16983],"product_tag":[],"class_list":{"0":"post-12710","1":"product","2":"type-product","3":"status-publish","4":"has-post-thumbnail","6":"product_cat-gravier","7":"product_cat-gravier-fr","8":"product_cat-velos","9":"pa_brake_system-shimano-grx-br-rx400-hydr-frein-a-disque-montage-plat-160-160","10":"pa_brand-cube-fr","11":"pa_cassette-shimano-cs-m5100-11-42t-fr","12":"pa_chain-shimano-cn-hg601-11-fr","13":"pa_class-velos","14":"pa_crankset-shimano-grx-fc-rx600-40t-fr","15":"pa_filter_frame_style-easyentry","16":"pa_fork-cube-disque-nuroad-a-montage-plat-tout-carbone-1-1-8-1-1-4-conique-montage-sur-garde-boue-et-lowrider-12x100mm","17":"pa_frame-aluminium-6061-t6-superlite-geometrie-gravel-comfort-disque-plat-garde-boue-et-porte-bagages-en-option-12x142mm-axh","18":"pa_frame_style-diamant","19":"pa_front_tire-wtb-riddler-tcs-light-rolling-fast-kevlar-45-622","20":"pa_handlebar-cube-gravel-race-bar-fr","21":"pa_headset-vp-z-t-sommet-zero-stack-1-1-8-od-44mm-fond-integre-1-1-4","22":"pa_lts_display-non","23":"pa_model_year-2022-fr","24":"pa_rear_derailleur-shimano-grx-rd-rx812-montage-direct-11-vitesses","25":"pa_rear_tire-wtb-riddler-tcs-light-rolling-fast-kevlar-45-622","26":"pa_rts_display-non","27":"pa_saddle-natural-fit-venec-fr-2","28":"pa_seat_post-poteau-cube-performance-27-2mm","29":"pa_size_config-l-fr","30":"pa_size_config-xl-fr","31":"pa_stem-tige-cube-performance-sl-31-8mm","32":"pa_type-route","33":"pa_wheelset-cube-gr-2-3-622x23c-fr","35":"first","36":"outofstock","37":"shipping-taxable","38":"product-type-grouped"},"_links":{"self":[{"href":"https:\/\/cube-bikes.ca\/fr\/wp-json\/wp\/v2\/product\/12710","targetHints":{"allow":["GET"]}}],"collection":[{"href":"https:\/\/cube-bikes.ca\/fr\/wp-json\/wp\/v2\/product"}],"about":[{"href":"https:\/\/cube-bikes.ca\/fr\/wp-json\/wp\/v2\/types\/product"}],"replies":[{"embeddable":true,"href":"https:\/\/cube-bikes.ca\/fr\/wp-json\/wp\/v2\/comments?post=12710"}],"version-history":[{"count":1,"href":"https:\/\/cube-bikes.ca\/fr\/wp-json\/wp\/v2\/product\/12710\/revisions"}],"predecessor-version":[{"id":12723,"href":"https:\/\/cube-bikes.ca\/fr\/wp-json\/wp\/v2\/product\/12710\/revisions\/12723"}],"wp:featuredmedia":[{"embeddable":true,"href":"https:\/\/cube-bikes.ca\/fr\/wp-json\/wp\/v2\/media\/14460"}],"wp:attachment":[{"href":"https:\/\/cube-bikes.ca\/fr\/wp-json\/wp\/v2\/media?parent=12710"}],"wp:term":[{"taxonomy":"brand","embeddable":true,"href":"https:\/\/cube-bikes.ca\/fr\/wp-json\/wp\/v2\/etheme_brands?post=12710"},{"taxonomy":"product_brand","embeddable":true,"href":"https:\/\/cube-bikes.ca\/fr\/wp-json\/wp\/v2\/product_brand?post=12710"},{"taxonomy":"product_cat","embeddable":true,"href":"https:\/\/cube-bikes.ca\/fr\/wp-json\/wp\/v2\/product_cat?post=12710"},{"taxonomy":"product_tag","embeddable":true,"href":"https:\/\/cube-bikes.ca\/fr\/wp-json\/wp\/v2\/product_tag?post=12710"}],"curies":[{"name":"wp","href":"https:\/\/api.w.org\/{rel}","templated":true}]}}