{"id":12709,"date":"2023-07-10T18:06:02","date_gmt":"2023-07-10T18:06:02","guid":{"rendered":"https:\/\/50d306ed0c.nxcli.io\/product\/cube-nuroad-c62-slt-flatprizmblacknblack\/"},"modified":"2024-05-24T17:42:32","modified_gmt":"2024-05-24T17:42:32","slug":"cube-nuroad-c62-slt-flatprizmblacknblack","status":"publish","type":"product","link":"https:\/\/cube-bikes.ca\/fr\/produit\/cube-nuroad-c62-slt-flatprizmblacknblack\/","title":{"rendered":"Cube Nuroad C:62 SLT flatprizmblack&#8217;n&#8217;black"},"content":{"rendered":"<p>Pour le nouveau Nuroad C:62 SLT, nous nous sommes inspir\u00e9s de nos gammes de course sur route et de cyclocross, et nous les avons combin\u00e9es avec les meilleurs composants que nous pouvions trouver pour cr\u00e9er une machine allroad exceptionnellement rapide, l\u00e9g\u00e8re et polyvalente. Les roues Newmen Advanced en carbone, sp\u00e9cifiques au gravier, sont chauss\u00e9es de pneus Schwalbe qui doivent leur d\u00e9veloppement \u00e0 la course de VTT &#8211; vous savez donc qu&#8217;elles sont \u00e0 la fois accrocheuses et r\u00e9sistantes. Les exceptionnelles vitesses Force XPLR 1&#215;12 AXS de Sram ajoutent la pr\u00e9cision du d\u00e9raillage sans fil. Et les freins \u00e0 disque hydrauliques Force correspondants ont la puissance dont vous avez besoin pour garder le contr\u00f4le, quelle que soit la situation. Enti\u00e8rement \u00e9quip\u00e9 pour le tourisme ou d\u00e9pouill\u00e9 pour l&#8217;exploration &#8211; faites-le \u00e0 votre guise.<\/p>\n","protected":false},"excerpt":{"rendered":"<p>Pour le nouveau Nuroad C:62 SLT, nous nous sommes inspir\u00e9s de nos gammes de course sur route et de cyclocross, et nous les avons combin\u00e9es&#8230;<\/p>\n","protected":false},"featured_media":11939,"comment_status":"open","ping_status":"closed","template":"","meta":[],"etheme_brands":[],"product_brand":[],"product_cat":[16984,16986,16983],"product_tag":[],"class_list":{"0":"post-12709","1":"product","2":"type-product","3":"status-publish","4":"has-post-thumbnail","6":"product_cat-gravier","7":"product_cat-gravier-fr","8":"product_cat-velos","9":"pa_brake_system-sram-force-etap-axs-160-160","10":"pa_brand-cube-fr","11":"pa_cassette-sram-xplr-xg-1271-10-44t-fr","12":"pa_chain-sram-force-d1-fr","13":"pa_class-velos","14":"pa_crankset-sram-force-d1-dub-carbone-40t","15":"pa_filter_frame_style-easyentry","16":"pa_fork-technologie-cube-c62-1-1-8-1-1-4-conique-disque-a-montage-plat-montages-sur-ailes-et-lowrider-cable-declairage-interne-en-option-12x100mm","17":"pa_frame-c62-advanced-twin-mold-passage-interne-des-cables-disque-plat-option-garde-boue-support-et-bequille-12x142mm-axh","18":"pa_frame_style-diamant","19":"pa_front_tire-schwalbe-g-one-r-kevlar-40-622","20":"pa_handlebar-easton-ec70-ax-gravel-carbon-fr","21":"pa_headset-vp-integre-en-haut-1-1-8-integre-en-bas-1-1-4","22":"pa_lts_display-non","23":"pa_model_year-2022-fr","24":"pa_rear_derailleur-sram-force-xplr-etap-axs-12-vitesses","25":"pa_rts_display-non","26":"pa_saddle-natural-fit-nuance-slt-road-carbon-fr","27":"pa_seat_post-newmen-advanced-carbone-27-2mm","28":"pa_stem-tige-cube-performance-sl-31-8mm","29":"pa_type-route","30":"pa_wheelset-newmen-advanced-sl-x-r-25-carbone","32":"first","33":"outofstock","34":"sale","35":"shipping-taxable","36":"product-type-grouped"},"_links":{"self":[{"href":"https:\/\/cube-bikes.ca\/fr\/wp-json\/wp\/v2\/product\/12709","targetHints":{"allow":["GET"]}}],"collection":[{"href":"https:\/\/cube-bikes.ca\/fr\/wp-json\/wp\/v2\/product"}],"about":[{"href":"https:\/\/cube-bikes.ca\/fr\/wp-json\/wp\/v2\/types\/product"}],"replies":[{"embeddable":true,"href":"https:\/\/cube-bikes.ca\/fr\/wp-json\/wp\/v2\/comments?post=12709"}],"version-history":[{"count":1,"href":"https:\/\/cube-bikes.ca\/fr\/wp-json\/wp\/v2\/product\/12709\/revisions"}],"predecessor-version":[{"id":12711,"href":"https:\/\/cube-bikes.ca\/fr\/wp-json\/wp\/v2\/product\/12709\/revisions\/12711"}],"wp:featuredmedia":[{"embeddable":true,"href":"https:\/\/cube-bikes.ca\/fr\/wp-json\/wp\/v2\/media\/11939"}],"wp:attachment":[{"href":"https:\/\/cube-bikes.ca\/fr\/wp-json\/wp\/v2\/media?parent=12709"}],"wp:term":[{"taxonomy":"brand","embeddable":true,"href":"https:\/\/cube-bikes.ca\/fr\/wp-json\/wp\/v2\/etheme_brands?post=12709"},{"taxonomy":"product_brand","embeddable":true,"href":"https:\/\/cube-bikes.ca\/fr\/wp-json\/wp\/v2\/product_brand?post=12709"},{"taxonomy":"product_cat","embeddable":true,"href":"https:\/\/cube-bikes.ca\/fr\/wp-json\/wp\/v2\/product_cat?post=12709"},{"taxonomy":"product_tag","embeddable":true,"href":"https:\/\/cube-bikes.ca\/fr\/wp-json\/wp\/v2\/product_tag?post=12709"}],"curies":[{"name":"wp","href":"https:\/\/api.w.org\/{rel}","templated":true}]}}