{"id":12707,"date":"2023-07-27T21:36:51","date_gmt":"2023-07-27T21:36:51","guid":{"rendered":"https:\/\/50d306ed0c.nxcli.io\/product\/bouteille-cube-0-5l-icon-4-couleurs\/"},"modified":"2024-05-24T17:42:37","modified_gmt":"2024-05-24T17:42:37","slug":"bouteille-cube-0-5l-icon-4-couleurs","status":"publish","type":"product","link":"https:\/\/cube-bikes.ca\/fr\/produit\/bouteille-cube-0-5l-icon-4-couleurs\/","title":{"rendered":"Bouteille CUBE 0.5l Icon (4 couleurs)"},"content":{"rendered":"<p>La bouteille CUBE, fabriqu\u00e9e en Europe, est dot\u00e9e d&#8217;un bouchon souple et confortable et de mat\u00e9riaux de haute qualit\u00e9, mais aussi d&#8217;une grande ouverture \u00e0 vis pour faciliter le remplissage et le nettoyage. Disponible en deux tailles (0,5 et 0,75 l). Le design est assorti \u00e0 tous nos autres produits CUBE.<\/p>\n","protected":false},"excerpt":{"rendered":"<p>La bouteille CUBE, fabriqu\u00e9e en Europe, est dot\u00e9e d&#8217;un bouchon souple et confortable et de mat\u00e9riaux de haute qualit\u00e9, mais aussi d&#8217;une grande ouverture \u00e0&#8230;<\/p>\n","protected":false},"featured_media":11960,"comment_status":"open","ping_status":"closed","template":"","meta":[],"etheme_brands":[],"product_brand":[],"product_cat":[16011],"product_tag":[],"class_list":{"0":"post-12707","1":"product","2":"type-product","3":"status-publish","4":"has-post-thumbnail","6":"product_cat-default-category","7":"pa_filter_frame_style-easyentry","8":"pa_lts_display-non","9":"pa_master_pack-12-fr","10":"pa_material-polyethylene-fr","11":"pa_rts_display-non","12":"pa_size-05-litre","14":"first","15":"outofstock","16":"shipping-taxable","17":"product-type-grouped"},"_links":{"self":[{"href":"https:\/\/cube-bikes.ca\/fr\/wp-json\/wp\/v2\/product\/12707","targetHints":{"allow":["GET"]}}],"collection":[{"href":"https:\/\/cube-bikes.ca\/fr\/wp-json\/wp\/v2\/product"}],"about":[{"href":"https:\/\/cube-bikes.ca\/fr\/wp-json\/wp\/v2\/types\/product"}],"replies":[{"embeddable":true,"href":"https:\/\/cube-bikes.ca\/fr\/wp-json\/wp\/v2\/comments?post=12707"}],"version-history":[{"count":1,"href":"https:\/\/cube-bikes.ca\/fr\/wp-json\/wp\/v2\/product\/12707\/revisions"}],"predecessor-version":[{"id":12721,"href":"https:\/\/cube-bikes.ca\/fr\/wp-json\/wp\/v2\/product\/12707\/revisions\/12721"}],"wp:featuredmedia":[{"embeddable":true,"href":"https:\/\/cube-bikes.ca\/fr\/wp-json\/wp\/v2\/media\/11960"}],"wp:attachment":[{"href":"https:\/\/cube-bikes.ca\/fr\/wp-json\/wp\/v2\/media?parent=12707"}],"wp:term":[{"taxonomy":"brand","embeddable":true,"href":"https:\/\/cube-bikes.ca\/fr\/wp-json\/wp\/v2\/etheme_brands?post=12707"},{"taxonomy":"product_brand","embeddable":true,"href":"https:\/\/cube-bikes.ca\/fr\/wp-json\/wp\/v2\/product_brand?post=12707"},{"taxonomy":"product_cat","embeddable":true,"href":"https:\/\/cube-bikes.ca\/fr\/wp-json\/wp\/v2\/product_cat?post=12707"},{"taxonomy":"product_tag","embeddable":true,"href":"https:\/\/cube-bikes.ca\/fr\/wp-json\/wp\/v2\/product_tag?post=12707"}],"curies":[{"name":"wp","href":"https:\/\/api.w.org\/{rel}","templated":true}]}}