{"id":12704,"date":"2023-08-06T20:59:52","date_gmt":"2023-08-06T20:59:52","guid":{"rendered":"https:\/\/50d306ed0c.nxcli.io\/product\/cube-agree-c62-greynblack\/"},"modified":"2023-08-06T20:59:52","modified_gmt":"2023-08-06T20:59:52","slug":"cube-agree-c62-greynblack","status":"publish","type":"product","link":"https:\/\/cube-bikes.ca\/fr\/produit\/cube-agree-c62-greynblack\/","title":{"rendered":"Cube Agree C:62 grey&#8217;n&#8217;black"},"content":{"rendered":"<p>Il n&#8217;est plus n\u00e9cessaire de faire des compromis. Le profil a\u00e9rodynamique de l&#8217;Agree C:62 n&#8217;est pas seulement esth\u00e9tique &#8211; il vous aidera \u00e0 rouler plus vite. La nouvelle transmission 105 Di2 2&#215;12 de Shimano offre des changements de vitesse nets et pr\u00e9cis \u00e0 chaque fois. Il est associ\u00e9 \u00e0 la puissance tout temps des freins \u00e0 disque hydrauliques assortis, ce qui vous permet de toujours garder le contr\u00f4le dans les descentes. Les jantes Newmen Performance R.32 sont l\u00e9g\u00e8res, r\u00e9actives et suffisamment r\u00e9sistantes pour rouler toute l&#8217;ann\u00e9e, ce qui signifie que vous pouvez vous entra\u00eener et courir sur la m\u00eame machine. Que vous faut-il de plus ?<\/p>\n","protected":false},"excerpt":{"rendered":"<p>Il n&#8217;est plus n\u00e9cessaire de faire des compromis. Le profil a\u00e9rodynamique de l&#8217;Agree C:62 n&#8217;est pas seulement esth\u00e9tique &#8211; il vous aidera \u00e0 rouler plus&#8230;<\/p>\n","protected":false},"featured_media":11970,"comment_status":"open","ping_status":"closed","template":"","meta":[],"etheme_brands":[],"product_brand":[],"product_cat":[16960,16474],"product_tag":[],"class_list":{"0":"post-12704","1":"product","2":"type-product","3":"status-publish","4":"has-post-thumbnail","6":"product_cat-route-fr","7":"product_cat-route","8":"pa_brake_system-shimano-105-br-r7170-hydr-frein-a-disque-montage-plat-160-160","9":"pa_brand-cube-fr","10":"pa_cassette-shimano-105-cs-r7100-11-34t-fr","11":"pa_category_2-course-sur-route","12":"pa_chain-shimano-cn-m7100-fr","13":"pa_class-velos","14":"pa_crankset-shimano-105-fc-r7100-hollowtech-ii-50x34t-fr","15":"pa_filter_frame_style-easyentry","16":"pa_fork-cube-csl-evo-aero-c62-technology-1-1-8-1-1-4-conique-montage-plat-12x100mm","17":"pa_frame-c62-advanced-twin-mold-technology-passage-de-cables-interne-collier-de-serrage-de-tige-de-selle-integre-disque-a-montage-plat-option-boite-de-rangement-axh-12x142mm","18":"pa_frame_style-diamant","19":"pa_front_derailleur-shimano-105-di2-fd-r7150f","20":"pa_front_tire-conti-grand-sport-race-sl-28-622","21":"pa_handlebar-newmen-evolution-wing-bar-fr","22":"pa_headset-acros-integre-en-haut-1-1-2-avec-passage-de-cables-integre-integre-en-bas-1-1-4","23":"pa_lts_display-non","24":"pa_model-accepter-c62","25":"pa_model_year-2023-fr","26":"pa_msrp_product-4999-000000","27":"pa_rear_derailleur-shimano-105-di2-rd-r7150-dgs-12-vitesses","28":"pa_rear_tire-conti-grand-sport-race-sl-28-622","29":"pa_rts_display-non","30":"pa_saddle-natural-fit-nuance-fr","31":"pa_seat_post-agree-c62-aero-comfort-flex","32":"pa_shifters-shimano-105-di2-st-r7170-fr","33":"pa_stem-tige-cube-aero-avec-passage-de-cables","34":"pa_tape-acid-bartape-rd-fr","35":"pa_type-route","36":"pa_wheelset-newmen-performance-sl-r-32-fr","38":"first","39":"outofstock","40":"sale","41":"shipping-taxable","42":"product-type-grouped"},"_links":{"self":[{"href":"https:\/\/cube-bikes.ca\/fr\/wp-json\/wp\/v2\/product\/12704","targetHints":{"allow":["GET"]}}],"collection":[{"href":"https:\/\/cube-bikes.ca\/fr\/wp-json\/wp\/v2\/product"}],"about":[{"href":"https:\/\/cube-bikes.ca\/fr\/wp-json\/wp\/v2\/types\/product"}],"replies":[{"embeddable":true,"href":"https:\/\/cube-bikes.ca\/fr\/wp-json\/wp\/v2\/comments?post=12704"}],"version-history":[{"count":0,"href":"https:\/\/cube-bikes.ca\/fr\/wp-json\/wp\/v2\/product\/12704\/revisions"}],"wp:featuredmedia":[{"embeddable":true,"href":"https:\/\/cube-bikes.ca\/fr\/wp-json\/wp\/v2\/media\/11970"}],"wp:attachment":[{"href":"https:\/\/cube-bikes.ca\/fr\/wp-json\/wp\/v2\/media?parent=12704"}],"wp:term":[{"taxonomy":"brand","embeddable":true,"href":"https:\/\/cube-bikes.ca\/fr\/wp-json\/wp\/v2\/etheme_brands?post=12704"},{"taxonomy":"product_brand","embeddable":true,"href":"https:\/\/cube-bikes.ca\/fr\/wp-json\/wp\/v2\/product_brand?post=12704"},{"taxonomy":"product_cat","embeddable":true,"href":"https:\/\/cube-bikes.ca\/fr\/wp-json\/wp\/v2\/product_cat?post=12704"},{"taxonomy":"product_tag","embeddable":true,"href":"https:\/\/cube-bikes.ca\/fr\/wp-json\/wp\/v2\/product_tag?post=12704"}],"curies":[{"name":"wp","href":"https:\/\/api.w.org\/{rel}","templated":true}]}}