{"id":12495,"date":"2023-01-04T18:41:52","date_gmt":"2023-01-04T18:41:52","guid":{"rendered":"https:\/\/50d306ed0c.nxcli.io\/?post_type=product&#038;p=12495"},"modified":"2025-01-10T10:25:17","modified_gmt":"2025-01-10T10:25:17","slug":"acid-sacoches-travlr-front-6-filink","status":"publish","type":"product","link":"https:\/\/cube-bikes.ca\/fr\/produit\/acid-sacoches-travlr-front-6-filink\/","title":{"rendered":"ACID Sacoches TRAVLR FRONT 6 FILINK"},"content":{"rendered":"<p>Sac de voyage frontal fonctionnel et imperm\u00e9able avec syst\u00e8me ACID FILink pour une fixation rapide et facile. Une bandouli\u00e8re pratique permet de le porter \u00e0 l&#8217;\u00e9paule en toute simplicit\u00e9 !<\/p>\n","protected":false},"excerpt":{"rendered":"<p>Sac de voyage frontal fonctionnel et imperm\u00e9able avec syst\u00e8me ACID FILink pour une fixation rapide et facile. Une bandouli\u00e8re pratique permet de le porter \u00e0&#8230;<\/p>\n","protected":false},"featured_media":18118,"comment_status":"open","ping_status":"closed","template":"","meta":[],"etheme_brands":[],"product_brand":[],"product_cat":[16688,16686],"product_tag":[],"class_list":{"0":"post-12495","1":"product","2":"type-product","3":"status-publish","4":"has-post-thumbnail","6":"product_cat-sacs","7":"product_cat-sacs-d","8":"pa_lts_display-non","9":"pa_material-polyester-tpu-fr","10":"pa_msrp_product-127-990000","11":"pa_rts_display-non","12":"pa_size-lxlxh-30-x-17-x-20-cm","14":"first","15":"outofstock","16":"shipping-taxable","17":"product-type-grouped"},"_links":{"self":[{"href":"https:\/\/cube-bikes.ca\/fr\/wp-json\/wp\/v2\/product\/12495","targetHints":{"allow":["GET"]}}],"collection":[{"href":"https:\/\/cube-bikes.ca\/fr\/wp-json\/wp\/v2\/product"}],"about":[{"href":"https:\/\/cube-bikes.ca\/fr\/wp-json\/wp\/v2\/types\/product"}],"replies":[{"embeddable":true,"href":"https:\/\/cube-bikes.ca\/fr\/wp-json\/wp\/v2\/comments?post=12495"}],"version-history":[{"count":1,"href":"https:\/\/cube-bikes.ca\/fr\/wp-json\/wp\/v2\/product\/12495\/revisions"}],"predecessor-version":[{"id":12518,"href":"https:\/\/cube-bikes.ca\/fr\/wp-json\/wp\/v2\/product\/12495\/revisions\/12518"}],"wp:featuredmedia":[{"embeddable":true,"href":"https:\/\/cube-bikes.ca\/fr\/wp-json\/wp\/v2\/media\/18118"}],"wp:attachment":[{"href":"https:\/\/cube-bikes.ca\/fr\/wp-json\/wp\/v2\/media?parent=12495"}],"wp:term":[{"taxonomy":"brand","embeddable":true,"href":"https:\/\/cube-bikes.ca\/fr\/wp-json\/wp\/v2\/etheme_brands?post=12495"},{"taxonomy":"product_brand","embeddable":true,"href":"https:\/\/cube-bikes.ca\/fr\/wp-json\/wp\/v2\/product_brand?post=12495"},{"taxonomy":"product_cat","embeddable":true,"href":"https:\/\/cube-bikes.ca\/fr\/wp-json\/wp\/v2\/product_cat?post=12495"},{"taxonomy":"product_tag","embeddable":true,"href":"https:\/\/cube-bikes.ca\/fr\/wp-json\/wp\/v2\/product_tag?post=12495"}],"curies":[{"name":"wp","href":"https:\/\/api.w.org\/{rel}","templated":true}]}}