{"id":12319,"date":"2024-03-29T11:25:42","date_gmt":"2024-03-29T11:25:42","guid":{"rendered":"https:\/\/50d306ed0c.nxcli.io\/product\/cube-longtail-hybrid-725-bluenreflex-2\/"},"modified":"2025-05-27T13:44:48","modified_gmt":"2025-05-27T13:44:48","slug":"cube-longtail-hybrid-725-bluenreflex-2","status":"publish","type":"product","link":"https:\/\/cube-bikes.ca\/fr\/produit\/cube-longtail-hybrid-725-bluenreflex-2\/","title":{"rendered":"Cube Longtail Hybrid 725 blue&#8217;n&#8217;reflex"},"content":{"rendered":"<p>Le transport de charges de porte \u00e0 porte en ville vient de devenir un peu plus facile, avec le Longtail Hybrid 725. Construit autour de notre robuste cadre longtail, d&#8217;une fourche rigide en alliage et de confortables pneus Schwalbe de 2,6 pouces, il est dot\u00e9 de nombreuses caract\u00e9ristiques pratiques telles que les feux avant et arri\u00e8re inclus et une b\u00e9quille extra robuste \u00e0 deux jambes. Une tige de selle t\u00e9lescopique et une potence Speedlifter r\u00e9glable permettent d&#8217;avoir une taille unique (ou presque), avec des r\u00e9glages rapides et simples sans outil. Le puissant moteur Bosch CX Line de quatri\u00e8me g\u00e9n\u00e9ration et la batterie de 725 Wh fonctionnent avec un syst\u00e8me d&#8217;engrenage \u00e0 moyeu continu facile \u00e0 utiliser pour faire de chaque trajet en ville un jeu d&#8217;enfant, tandis que les freins \u00e0 disque hydrauliques Magura fiables permettent de s&#8217;arr\u00eater en toute s\u00e9curit\u00e9 par tous les temps. Les accessoires optionnels, tels que le porte-bagages arri\u00e8re extensible, le si\u00e8ge enfant avec marchepieds et protection, l&#8217;adaptateur Eurobox et les porte-bagages avant mont\u00e9s sur le ch\u00e2ssis ou sur la fourche, en font une b\u00eate de somme polyvalente et respectueuse de l&#8217;environnement.<\/p>\n","protected":false},"excerpt":{"rendered":"<p>Le transport de charges de porte \u00e0 porte en ville vient de devenir un peu plus facile, avec le Longtail Hybrid 725. Construit autour de&#8230;<\/p>\n","protected":false},"featured_media":14558,"comment_status":"open","ping_status":"closed","template":"","meta":[],"etheme_brands":[],"product_brand":[],"product_cat":[16273],"product_tag":[],"class_list":{"0":"post-12319","1":"product","2":"type-product","3":"status-publish","4":"has-post-thumbnail","6":"product_cat-cube-fr","7":"pa_back_light-herrmans-h-trace-6-12v-dc","8":"pa_battery-bosch-powerpack-725","9":"pa_bell-sonnerie-de-cloche","10":"pa_belt-gates-cdx-151t","11":"pa_brake-magura-mt5-hydr-frein-a-disque-203-203","12":"pa_brand-cube-fr","13":"pa_category_2-transport-fr","14":"pa_charger-bosch-4a-fr","15":"pa_class-velos-electriques","16":"pa_country_of_origin-de-fr","17":"pa_crankset-manivelle-acid-55t-170mm","18":"pa_engine-bosch-drive-unit-performance-cx-generation-4-85nm-cruise-250watt-smart-system","19":"pa_filter_frame_style-easyentry","20":"pa_fork-fourche-longtail-alloy-hd","21":"pa_frame-fonte-daluminium-geometrie-confort-tube-de-direction-surdimensionne-durabilite-et-securite-optimales-support-suspendu-support-de-tube-diagonal","22":"pa_front_hub-shimano-hb-mt400-b-15x110mm-centerlock","23":"pa_front_light-feu-avant-acid-pro-e-110-5-16v-dc","24":"pa_front_tire-schwalbe-pick-up-super-defense-65-559","25":"pa_gear_teeth-gates-cdx-24t","26":"pa_grips-acid-travel-comfort-fr","27":"pa_handlebar-barre-de-traction-cube-comfort-680mm","28":"pa_headset-casque-decoute-acros-a-monture-porteuse","29":"pa_kickstand-ursus-jumbo-80kg","30":"pa_lts_display-non","31":"pa_m_year-17342","32":"pa_max_rider_and_bike_weight-145-kg","33":"pa_max_system_weight-200-kg","34":"pa_model-hybride-longue-traine","35":"pa_msrp_product-7499-000000","36":"pa_mudguard-acide-75","37":"pa_pedals-cube-pp-mtb-fr","38":"pa_rear_hub-enviolo-cargo-380-12x148mm","39":"pa_rear_tire-schwalbe-pick-up-super-defense-65-559","40":"pa_remote-telecommande-led-bosch","41":"pa_rims-cube-ex35-36h-disque-tubeless-ready","42":"pa_rts_display-non","43":"pa_saddle-sequence-dajustement-naturel-confort","44":"pa_seat_post-satori-sorata-349mm-280mm-440mm-tige-de-selle-telescopique","45":"pa_seatclamp-cadre-cube-collier-de-selle-integre","46":"pa_shifters-manuel-enviolo-cargo","47":"pa_ship_weight-36-fr","48":"pa_stem-parschulz-speedlifter-classic","49":"pa_type-mobilite-urbaine","51":"first","52":"outofstock","53":"shipping-taxable","54":"product-type-grouped"},"_links":{"self":[{"href":"https:\/\/cube-bikes.ca\/fr\/wp-json\/wp\/v2\/product\/12319","targetHints":{"allow":["GET"]}}],"collection":[{"href":"https:\/\/cube-bikes.ca\/fr\/wp-json\/wp\/v2\/product"}],"about":[{"href":"https:\/\/cube-bikes.ca\/fr\/wp-json\/wp\/v2\/types\/product"}],"replies":[{"embeddable":true,"href":"https:\/\/cube-bikes.ca\/fr\/wp-json\/wp\/v2\/comments?post=12319"}],"version-history":[{"count":1,"href":"https:\/\/cube-bikes.ca\/fr\/wp-json\/wp\/v2\/product\/12319\/revisions"}],"predecessor-version":[{"id":12324,"href":"https:\/\/cube-bikes.ca\/fr\/wp-json\/wp\/v2\/product\/12319\/revisions\/12324"}],"wp:featuredmedia":[{"embeddable":true,"href":"https:\/\/cube-bikes.ca\/fr\/wp-json\/wp\/v2\/media\/14558"}],"wp:attachment":[{"href":"https:\/\/cube-bikes.ca\/fr\/wp-json\/wp\/v2\/media?parent=12319"}],"wp:term":[{"taxonomy":"brand","embeddable":true,"href":"https:\/\/cube-bikes.ca\/fr\/wp-json\/wp\/v2\/etheme_brands?post=12319"},{"taxonomy":"product_brand","embeddable":true,"href":"https:\/\/cube-bikes.ca\/fr\/wp-json\/wp\/v2\/product_brand?post=12319"},{"taxonomy":"product_cat","embeddable":true,"href":"https:\/\/cube-bikes.ca\/fr\/wp-json\/wp\/v2\/product_cat?post=12319"},{"taxonomy":"product_tag","embeddable":true,"href":"https:\/\/cube-bikes.ca\/fr\/wp-json\/wp\/v2\/product_tag?post=12319"}],"curies":[{"name":"wp","href":"https:\/\/api.w.org\/{rel}","templated":true}]}}