{"id":12142,"date":"2024-05-07T19:21:20","date_gmt":"2024-05-07T19:21:20","guid":{"rendered":"https:\/\/50d306ed0c.nxcli.io\/une-vision-de-la-construction-de-grands-velos\/"},"modified":"2024-06-11T06:32:57","modified_gmt":"2024-06-11T06:32:57","slug":"une-vision-de-la-construction-de-grands-velos","status":"publish","type":"page","link":"https:\/\/cube-bikes.ca\/fr\/une-vision-de-la-construction-de-grands-velos\/","title":{"rendered":"UNE VISION DE LA CONSTRUCTION DE GRANDS V\u00c9LOS"},"content":{"rendered":"\t\t<div data-elementor-type=\"wp-page\" data-elementor-id=\"12142\" class=\"elementor elementor-12142 elementor-9959\">\n\t\t\t\t\t\t<section class=\"elementor-section elementor-top-section elementor-element elementor-element-00a27bb elementor-section-stretched elementor-section-full_width elementor-section-content-middle elementor-section-height-default elementor-section-height-default\" data-id=\"00a27bb\" data-element_type=\"section\" data-settings=\"{&quot;stretch_section&quot;:&quot;section-stretched&quot;}\">\n\t\t\t\t\t\t<div class=\"elementor-container elementor-column-gap-no\">\n\t\t\t\t\t<div class=\"elementor-column elementor-col-50 elementor-top-column elementor-element elementor-element-40589f4\" data-id=\"40589f4\" data-element_type=\"column\">\n\t\t\t<div class=\"elementor-widget-wrap elementor-element-populated\">\n\t\t\t\t\t\t<div class=\"elementor-element elementor-element-ea44715 animated-slow elementor-invisible elementor-widget elementor-widget-heading\" data-id=\"ea44715\" data-element_type=\"widget\" data-settings=\"{&quot;_animation&quot;:&quot;bounceInLeft&quot;}\" data-widget_type=\"heading.default\">\n\t\t\t\t<div class=\"elementor-widget-container\">\n\t\t\t\t\t<h2 class=\"elementor-heading-title elementor-size-default\">NOTRE HISTOIRE<\/h2>\t\t\t\t<\/div>\n\t\t\t\t<\/div>\n\t\t\t\t<div class=\"elementor-element elementor-element-bb65d82 animated-slow elementor-invisible elementor-widget elementor-widget-text-editor\" data-id=\"bb65d82\" data-element_type=\"widget\" data-settings=\"{&quot;_animation&quot;:&quot;bounceInLeft&quot;,&quot;_animation_delay&quot;:50}\" data-widget_type=\"text-editor.default\">\n\t\t\t\t<div class=\"elementor-widget-container\">\n\t\t\t\t\t\t\t\t\t<p>CUBE a \u00e9t\u00e9 fond\u00e9e en 1993 \u00e0 Waldershof, en Bavi\u00e8re, par Marcus Puerner. Ils ont commenc\u00e9 par importer un petit nombre de v\u00e9los pour les vendre dans leur r\u00e9gion, puis ils se sont mis \u00e0 concevoir des cadres et \u00e0 fabriquer des v\u00e9los avec les meilleurs composants du monde entier. Le portefeuille actuel de produits comprend plus de 400 v\u00e9los et v\u00e9los \u00e9lectriques diff\u00e9rents.<\/p>\n\t\t\t\t\t\t\t\t<\/div>\n\t\t\t\t<\/div>\n\t\t\t\t\t<\/div>\n\t\t<\/div>\n\t\t\t\t<div class=\"elementor-column elementor-col-50 elementor-top-column elementor-element elementor-element-63309e6 animated-slow elementor-invisible\" data-id=\"63309e6\" data-element_type=\"column\" data-settings=\"{&quot;animation&quot;:&quot;bounceInRight&quot;}\">\n\t\t\t<div class=\"elementor-widget-wrap elementor-element-populated\">\n\t\t\t\t\t\t<div class=\"elementor-element elementor-element-c535d83 elementor-widget elementor-widget-image\" data-id=\"c535d83\" data-element_type=\"widget\" data-widget_type=\"image.default\">\n\t\t\t\t<div class=\"elementor-widget-container\">\n\t\t\t\t\t\t\t\t\t\t\t\t\t\t\t<img loading=\"lazy\" loading=\"lazy\" decoding=\"async\" width=\"945\" height=\"551\" src=\"https:\/\/cube-bikes.ca\/wp-content\/uploads\/2024\/05\/Marcus-e1638535812812-945x551-1.jpg\" class=\"attachment-full size-full wp-image-9965\" alt=\"\" srcset=\"https:\/\/cube-bikes.ca\/wp-content\/uploads\/2024\/05\/Marcus-e1638535812812-945x551-1.jpg 945w, https:\/\/cube-bikes.ca\/wp-content\/uploads\/2024\/05\/Marcus-e1638535812812-945x551-1-300x175.jpg 300w, https:\/\/cube-bikes.ca\/wp-content\/uploads\/2024\/05\/Marcus-e1638535812812-945x551-1-600x350.jpg 600w, https:\/\/cube-bikes.ca\/wp-content\/uploads\/2024\/05\/Marcus-e1638535812812-945x551-1-768x448.jpg 768w, https:\/\/cube-bikes.ca\/wp-content\/uploads\/2024\/05\/Marcus-e1638535812812-945x551-1-1x1.jpg 1w, https:\/\/cube-bikes.ca\/wp-content\/uploads\/2024\/05\/Marcus-e1638535812812-945x551-1-10x6.jpg 10w\" sizes=\"auto, (max-width: 945px) 100vw, 945px\" \/>\t\t\t\t\t\t\t\t\t\t\t\t\t\t\t<\/div>\n\t\t\t\t<\/div>\n\t\t\t\t\t<\/div>\n\t\t<\/div>\n\t\t\t\t\t<\/div>\n\t\t<\/section>\n\t\t\t\t<section class=\"elementor-section elementor-top-section elementor-element elementor-element-d2dcf5b elementor-section-stretched elementor-section-full_width elementor-section-content-middle elementor-section-height-default elementor-section-height-default\" data-id=\"d2dcf5b\" data-element_type=\"section\" data-settings=\"{&quot;stretch_section&quot;:&quot;section-stretched&quot;}\">\n\t\t\t\t\t\t<div class=\"elementor-container elementor-column-gap-no\">\n\t\t\t\t\t<div class=\"elementor-column elementor-col-50 elementor-top-column elementor-element elementor-element-1970ac0 animated-slow elementor-invisible\" data-id=\"1970ac0\" data-element_type=\"column\" data-settings=\"{&quot;animation&quot;:&quot;bounceInLeft&quot;}\">\n\t\t\t<div class=\"elementor-widget-wrap elementor-element-populated\">\n\t\t\t\t\t\t<div class=\"elementor-element elementor-element-adbff0c elementor-widget elementor-widget-image\" data-id=\"adbff0c\" data-element_type=\"widget\" data-widget_type=\"image.default\">\n\t\t\t\t<div class=\"elementor-widget-container\">\n\t\t\t\t\t\t\t\t\t\t\t\t\t\t\t<img loading=\"lazy\" loading=\"lazy\" decoding=\"async\" width=\"1440\" height=\"960\" src=\"https:\/\/cube-bikes.ca\/wp-content\/uploads\/2024\/05\/Cube-interior-Factory.png\" class=\"attachment-full size-full wp-image-9966\" alt=\"\" srcset=\"https:\/\/cube-bikes.ca\/wp-content\/uploads\/2024\/05\/Cube-interior-Factory.png 1440w, https:\/\/cube-bikes.ca\/wp-content\/uploads\/2024\/05\/Cube-interior-Factory-300x200.png 300w, https:\/\/cube-bikes.ca\/wp-content\/uploads\/2024\/05\/Cube-interior-Factory-600x400.png 600w, https:\/\/cube-bikes.ca\/wp-content\/uploads\/2024\/05\/Cube-interior-Factory-1024x683.png 1024w, https:\/\/cube-bikes.ca\/wp-content\/uploads\/2024\/05\/Cube-interior-Factory-768x512.png 768w, https:\/\/cube-bikes.ca\/wp-content\/uploads\/2024\/05\/Cube-interior-Factory-1x1.png 1w, https:\/\/cube-bikes.ca\/wp-content\/uploads\/2024\/05\/Cube-interior-Factory-10x7.png 10w\" sizes=\"auto, (max-width: 1440px) 100vw, 1440px\" \/>\t\t\t\t\t\t\t\t\t\t\t\t\t\t\t<\/div>\n\t\t\t\t<\/div>\n\t\t\t\t\t<\/div>\n\t\t<\/div>\n\t\t\t\t<div class=\"elementor-column elementor-col-50 elementor-top-column elementor-element elementor-element-78562d9\" data-id=\"78562d9\" data-element_type=\"column\">\n\t\t\t<div class=\"elementor-widget-wrap elementor-element-populated\">\n\t\t\t\t\t\t<div class=\"elementor-element elementor-element-f3a6ba4 animated-slow elementor-invisible elementor-widget elementor-widget-heading\" data-id=\"f3a6ba4\" data-element_type=\"widget\" data-settings=\"{&quot;_animation&quot;:&quot;bounceInRight&quot;}\" data-widget_type=\"heading.default\">\n\t\t\t\t<div class=\"elementor-widget-container\">\n\t\t\t\t\t<h2 class=\"elementor-heading-title elementor-size-default\">CON\u00c7U ET MIS AU POINT\nEN ALLEMAGNE<\/h2>\t\t\t\t<\/div>\n\t\t\t\t<\/div>\n\t\t\t\t<div class=\"elementor-element elementor-element-739b67f animated-slow elementor-invisible elementor-widget elementor-widget-text-editor\" data-id=\"739b67f\" data-element_type=\"widget\" data-settings=\"{&quot;_animation&quot;:&quot;bounceInRight&quot;,&quot;_animation_delay&quot;:100}\" data-widget_type=\"text-editor.default\">\n\t\t\t\t<div class=\"elementor-widget-container\">\n\t\t\t\t\t\t\t\t\t<p>Au si\u00e8ge de CUBE en Allemagne, notre \u00e9quipe d&#8217;ing\u00e9nieurs d\u00e9vou\u00e9s cherche continuellement \u00e0 am\u00e9liorer les conceptions, les mat\u00e9riaux et les processus de fabrication. Le site de production actuel (construit en 2016) a une superficie de plus de 390 000 m\u00b2. Les 500 employ\u00e9s travaillent sur deux lignes d&#8217;assemblage en deux \u00e9quipes pour fabriquer plus de 4 500 v\u00e9los et v\u00e9los \u00e9lectriques par jour.<\/p>\n\t\t\t\t\t\t\t\t<\/div>\n\t\t\t\t<\/div>\n\t\t\t\t<div class=\"elementor-element elementor-element-39dd1f1 animated-slow elementor-invisible elementor-widget elementor-widget-text-editor\" data-id=\"39dd1f1\" data-element_type=\"widget\" data-settings=\"{&quot;_animation&quot;:&quot;bounceInRight&quot;,&quot;_animation_delay&quot;:100}\" data-widget_type=\"text-editor.default\">\n\t\t\t\t<div class=\"elementor-widget-container\">\n\t\t\t\t\t\t\t\t\t<p>CUBE construit activement de nouvelles installations de production et d&#8217;entreposage en Allemagne et dans d&#8217;autres pays europ\u00e9ens afin de r\u00e9pondre \u00e0 la demande croissante et de r\u00e9duire les probl\u00e8mes li\u00e9s \u00e0 la cha\u00eene d&#8217;approvisionnement.<\/p>\n\t\t\t\t\t\t\t\t<\/div>\n\t\t\t\t<\/div>\n\t\t\t\t<div class=\"elementor-element elementor-element-e112e6e elementor-widget elementor-widget-etheme_blockquote\" data-id=\"e112e6e\" data-element_type=\"widget\" data-widget_type=\"etheme_blockquote.default\">\n\t\t\t\t<div class=\"elementor-widget-container\">\n\t\t\t\t\t\t\t\n\t\t<div class=\"etheme-blockquotes-wrapper-grid etheme-blockquotes-wrapper quote-above_content\">\n\t\t\n\t\t                        <blockquote class=\"etheme-blockquote\">\n                        \t\t\t<span class=\"quotes\">\n                <svg width=\"1em\" height=\"1em\" viewBox=\"0 0 20 16\" fill=\"none\" xmlns=\"http:\/\/www.w3.org\/2000\/svg\">\n                    <path d=\"M5.15905 15.084C3.98571 15.084 2.97371 14.6587 2.12305 13.808C1.27238 12.9573 0.847045 11.9453 0.847045 10.772C0.847045 10.508 0.891045 10.2147 0.979045 9.892C1.06705 9.56933 1.16971 9.232 1.28705 8.88L4.49905 0.607998H8.45905L6.12705 6.636C7.06571 6.84133 7.84305 7.32533 8.45905 8.088C9.10438 8.85067 9.42705 9.74533 9.42705 10.772C9.42705 11.9453 9.00171 12.9573 8.15105 13.808C7.32971 14.6587 6.33238 15.084 5.15905 15.084ZM14.883 15.084C13.7097 15.084 12.6977 14.6587 11.847 13.808C11.0257 12.9573 10.615 11.9453 10.615 10.772C10.615 10.508 10.6444 10.244 10.703 9.98C10.7617 9.716 10.835 9.46667 10.923 9.232L14.223 0.607998H18.227L15.851 6.636C16.7897 6.84133 17.567 7.32533 18.183 8.088C18.8284 8.85067 19.151 9.74533 19.151 10.772C19.151 11.9453 18.7404 12.9573 17.919 13.808C17.0977 14.6587 16.0857 15.084 14.883 15.084Z\" fill=\"currentColor\"><\/path>\n                <\/svg>\n            <\/span>\n                                <p class=\"blockquote-content\">\n                            The advantage that we have compared to some big companies, public companies, is that we do not have to look at shareholders\u2019 value. We can think long term.                        <\/p>\n                                            <\/blockquote>\n                            \n            <\/div>\n            \n        \t\t\t\t<\/div>\n\t\t\t\t<\/div>\n\t\t\t\t\t<\/div>\n\t\t<\/div>\n\t\t\t\t\t<\/div>\n\t\t<\/section>\n\t\t\t\t<section class=\"elementor-section elementor-top-section elementor-element elementor-element-1a16953 elementor-section-stretched elementor-section-full_width elementor-section-content-middle elementor-section-height-default elementor-section-height-default\" data-id=\"1a16953\" data-element_type=\"section\" data-settings=\"{&quot;stretch_section&quot;:&quot;section-stretched&quot;}\">\n\t\t\t\t\t\t<div class=\"elementor-container elementor-column-gap-no\">\n\t\t\t\t\t<div class=\"elementor-column elementor-col-50 elementor-top-column elementor-element elementor-element-84c0813\" data-id=\"84c0813\" data-element_type=\"column\">\n\t\t\t<div class=\"elementor-widget-wrap elementor-element-populated\">\n\t\t\t\t\t\t<div class=\"elementor-element elementor-element-4ffd67a animated-slow elementor-invisible elementor-widget elementor-widget-heading\" data-id=\"4ffd67a\" data-element_type=\"widget\" data-settings=\"{&quot;_animation&quot;:&quot;bounceInLeft&quot;}\" data-widget_type=\"heading.default\">\n\t\t\t\t<div class=\"elementor-widget-container\">\n\t\t\t\t\t<h2 class=\"elementor-heading-title elementor-size-default\">TESTS DE R\u00c9SISTANCE EN SITUATION R\u00c9ELLE<\/h2>\t\t\t\t<\/div>\n\t\t\t\t<\/div>\n\t\t\t\t<div class=\"elementor-element elementor-element-bc5aa4e animated-slow elementor-invisible elementor-widget elementor-widget-text-editor\" data-id=\"bc5aa4e\" data-element_type=\"widget\" data-settings=\"{&quot;_animation&quot;:&quot;bounceInLeft&quot;,&quot;_animation_delay&quot;:50}\" data-widget_type=\"text-editor.default\">\n\t\t\t\t<div class=\"elementor-widget-container\">\n\t\t\t\t\t\t\t\t\t<p>Chaque v\u00e9lo CUBE est soumis \u00e0 des tests approfondis dans un laboratoire d&#8217;essai interne afin de v\u00e9rifier qu&#8217;il est parfaitement capable de g\u00e9rer le type d&#8217;utilisation pour lequel il a \u00e9t\u00e9 con\u00e7u. Pour garantir une qualit\u00e9 \u00e9lev\u00e9e, chaque v\u00e9lo est soumis \u00e0 des chocs, \u00e0 des freinages brusques et \u00e0 des contraintes de charge. Chaque composant pertinent est test\u00e9 de mani\u00e8re exhaustive, au-del\u00e0 des minimums l\u00e9gaux.<\/p>\n\t\t\t\t\t\t\t\t<\/div>\n\t\t\t\t<\/div>\n\t\t\t\t<div class=\"elementor-element elementor-element-1a7d0bf animated-slow elementor-invisible elementor-widget elementor-widget-text-editor\" data-id=\"1a7d0bf\" data-element_type=\"widget\" data-settings=\"{&quot;_animation&quot;:&quot;bounceInLeft&quot;,&quot;_animation_delay&quot;:50}\" data-widget_type=\"text-editor.default\">\n\t\t\t\t<div class=\"elementor-widget-container\">\n\t\t\t\t\t\t\t\t\t<p>Le CUBE Test Standard (CTS) assigne chaque v\u00e9lo \u00e0 une cat\u00e9gorie avec une combinaison sp\u00e9cifique de tests pour s&#8217;assurer que nous obtenons la performance maximale de chaque v\u00e9lo. Les cadres en carbone subissent leur propre contr\u00f4le de qualit\u00e9 avant l&#8217;assemblage, afin de v\u00e9rifier que tout est dans les limites de la tol\u00e9rance.<\/p>\n\t\t\t\t\t\t\t\t<\/div>\n\t\t\t\t<\/div>\n\t\t\t\t<div class=\"elementor-element elementor-element-6697192 elementor-widget elementor-widget-etheme_blockquote\" data-id=\"6697192\" data-element_type=\"widget\" data-widget_type=\"etheme_blockquote.default\">\n\t\t\t\t<div class=\"elementor-widget-container\">\n\t\t\t\t\t\t\t\n\t\t<div class=\"etheme-blockquotes-wrapper-grid etheme-blockquotes-wrapper quote-above_content\">\n\t\t\n\t\t                        <blockquote class=\"etheme-blockquote\">\n                        \t\t\t<span class=\"quotes\">\n                <svg width=\"1em\" height=\"1em\" viewBox=\"0 0 20 16\" fill=\"none\" xmlns=\"http:\/\/www.w3.org\/2000\/svg\">\n                    <path d=\"M5.15905 15.084C3.98571 15.084 2.97371 14.6587 2.12305 13.808C1.27238 12.9573 0.847045 11.9453 0.847045 10.772C0.847045 10.508 0.891045 10.2147 0.979045 9.892C1.06705 9.56933 1.16971 9.232 1.28705 8.88L4.49905 0.607998H8.45905L6.12705 6.636C7.06571 6.84133 7.84305 7.32533 8.45905 8.088C9.10438 8.85067 9.42705 9.74533 9.42705 10.772C9.42705 11.9453 9.00171 12.9573 8.15105 13.808C7.32971 14.6587 6.33238 15.084 5.15905 15.084ZM14.883 15.084C13.7097 15.084 12.6977 14.6587 11.847 13.808C11.0257 12.9573 10.615 11.9453 10.615 10.772C10.615 10.508 10.6444 10.244 10.703 9.98C10.7617 9.716 10.835 9.46667 10.923 9.232L14.223 0.607998H18.227L15.851 6.636C16.7897 6.84133 17.567 7.32533 18.183 8.088C18.8284 8.85067 19.151 9.74533 19.151 10.772C19.151 11.9453 18.7404 12.9573 17.919 13.808C17.0977 14.6587 16.0857 15.084 14.883 15.084Z\" fill=\"currentColor\"><\/path>\n                <\/svg>\n            <\/span>\n                                <p class=\"blockquote-content\">\n                            The advantage that we have compared to some big companies, public companies, is that we do not have to look at shareholders\u2019 value. We can think long term.                        <\/p>\n                                            <\/blockquote>\n                            \n            <\/div>\n            \n        \t\t\t\t<\/div>\n\t\t\t\t<\/div>\n\t\t\t\t\t<\/div>\n\t\t<\/div>\n\t\t\t\t<div class=\"elementor-column elementor-col-50 elementor-top-column elementor-element elementor-element-5f05190 animated-slow elementor-invisible\" data-id=\"5f05190\" data-element_type=\"column\" data-settings=\"{&quot;animation&quot;:&quot;bounceInRight&quot;}\">\n\t\t\t<div class=\"elementor-widget-wrap elementor-element-populated\">\n\t\t\t\t\t\t<div class=\"elementor-element elementor-element-2469aa3 elementor-widget elementor-widget-image\" data-id=\"2469aa3\" data-element_type=\"widget\" data-widget_type=\"image.default\">\n\t\t\t\t<div class=\"elementor-widget-container\">\n\t\t\t\t\t\t\t\t\t\t\t\t\t\t\t<img loading=\"lazy\" loading=\"lazy\" decoding=\"async\" width=\"494\" height=\"269\" src=\"https:\/\/cube-bikes.ca\/wp-content\/uploads\/2024\/05\/CUBE-test-lab-2.png\" class=\"attachment-full size-full wp-image-9967\" alt=\"\" srcset=\"https:\/\/cube-bikes.ca\/wp-content\/uploads\/2024\/05\/CUBE-test-lab-2.png 494w, https:\/\/cube-bikes.ca\/wp-content\/uploads\/2024\/05\/CUBE-test-lab-2-300x163.png 300w, https:\/\/cube-bikes.ca\/wp-content\/uploads\/2024\/05\/CUBE-test-lab-2-1x1.png 1w, https:\/\/cube-bikes.ca\/wp-content\/uploads\/2024\/05\/CUBE-test-lab-2-10x5.png 10w\" sizes=\"auto, (max-width: 494px) 100vw, 494px\" \/>\t\t\t\t\t\t\t\t\t\t\t\t\t\t\t<\/div>\n\t\t\t\t<\/div>\n\t\t\t\t\t<\/div>\n\t\t<\/div>\n\t\t\t\t\t<\/div>\n\t\t<\/section>\n\t\t<div class=\"elementor-element elementor-element-d06026a e-flex e-con-boxed e-con e-parent\" data-id=\"d06026a\" data-element_type=\"container\">\n\t\t\t\t\t<div class=\"e-con-inner\">\n\t\t<div class=\"elementor-element elementor-element-a00c13c e-con-full e-flex e-con e-child\" data-id=\"a00c13c\" data-element_type=\"container\">\n\t\t\t\t<div class=\"elementor-element elementor-element-304731b elementor-widget elementor-widget-counter\" data-id=\"304731b\" data-element_type=\"widget\" data-widget_type=\"counter.default\">\n\t\t\t\t<div class=\"elementor-widget-container\">\n\t\t\t\t\t\t\t<div class=\"elementor-counter\">\n\t\t\t<p class=\"elementor-counter-title\">Worldwide country distribution<\/p>\t\t\t<div class=\"elementor-counter-number-wrapper\">\n\t\t\t\t<span class=\"elementor-counter-number-prefix\"><\/span>\n\t\t\t\t<span class=\"elementor-counter-number\" data-duration=\"2000\" data-to-value=\"67\" data-from-value=\"0\" data-delimiter=\",\">0<\/span>\n\t\t\t\t<span class=\"elementor-counter-number-suffix\"><\/span>\n\t\t\t<\/div>\n\t\t<\/div>\n\t\t\t\t\t\t<\/div>\n\t\t\t\t<\/div>\n\t\t\t\t<\/div>\n\t\t<div class=\"elementor-element elementor-element-73e4be0 e-con-full e-flex e-con e-child\" data-id=\"73e4be0\" data-element_type=\"container\">\n\t\t\t\t<div class=\"elementor-element elementor-element-d99ee5c elementor-widget elementor-widget-counter\" data-id=\"d99ee5c\" data-element_type=\"widget\" data-widget_type=\"counter.default\">\n\t\t\t\t<div class=\"elementor-widget-container\">\n\t\t\t\t\t\t\t<div class=\"elementor-counter\">\n\t\t\t<p class=\"elementor-counter-title\">Million bikes and e-bikes sold annually<\/p>\t\t\t<div class=\"elementor-counter-number-wrapper\">\n\t\t\t\t<span class=\"elementor-counter-number-prefix\"><\/span>\n\t\t\t\t<span class=\"elementor-counter-number\" data-duration=\"2000\" data-to-value=\"1.2\" data-from-value=\"0\" data-delimiter=\".\">0<\/span>\n\t\t\t\t<span class=\"elementor-counter-number-suffix\"><\/span>\n\t\t\t<\/div>\n\t\t<\/div>\n\t\t\t\t\t\t<\/div>\n\t\t\t\t<\/div>\n\t\t\t\t<\/div>\n\t\t<div class=\"elementor-element elementor-element-5f35951 e-con-full e-flex e-con e-child\" data-id=\"5f35951\" data-element_type=\"container\">\n\t\t\t\t<div class=\"elementor-element elementor-element-e0497de elementor-widget elementor-widget-counter\" data-id=\"e0497de\" data-element_type=\"widget\" data-widget_type=\"counter.default\">\n\t\t\t\t<div class=\"elementor-widget-container\">\n\t\t\t\t\t\t\t<div class=\"elementor-counter\">\n\t\t\t<p class=\"elementor-counter-title\">Bikes produced per day<\/p>\t\t\t<div class=\"elementor-counter-number-wrapper\">\n\t\t\t\t<span class=\"elementor-counter-number-prefix\"><\/span>\n\t\t\t\t<span class=\"elementor-counter-number\" data-duration=\"2000\" data-to-value=\"4500\" data-from-value=\"0\" data-delimiter=\",\">0<\/span>\n\t\t\t\t<span class=\"elementor-counter-number-suffix\"><\/span>\n\t\t\t<\/div>\n\t\t<\/div>\n\t\t\t\t\t\t<\/div>\n\t\t\t\t<\/div>\n\t\t\t\t<\/div>\n\t\t<div class=\"elementor-element elementor-element-d71f75f e-con-full e-flex e-con e-child\" data-id=\"d71f75f\" data-element_type=\"container\">\n\t\t\t\t<div class=\"elementor-element elementor-element-b1720df elementor-widget elementor-widget-counter\" data-id=\"b1720df\" data-element_type=\"widget\" data-widget_type=\"counter.default\">\n\t\t\t\t<div class=\"elementor-widget-container\">\n\t\t\t\t\t\t\t<div class=\"elementor-counter\">\n\t\t\t<p class=\"elementor-counter-title\">Million components per year<\/p>\t\t\t<div class=\"elementor-counter-number-wrapper\">\n\t\t\t\t<span class=\"elementor-counter-number-prefix\"><\/span>\n\t\t\t\t<span class=\"elementor-counter-number\" data-duration=\"2000\" data-to-value=\"39\" data-from-value=\"0\" data-delimiter=\",\">0<\/span>\n\t\t\t\t<span class=\"elementor-counter-number-suffix\"><\/span>\n\t\t\t<\/div>\n\t\t<\/div>\n\t\t\t\t\t\t<\/div>\n\t\t\t\t<\/div>\n\t\t\t\t<\/div>\n\t\t<div class=\"elementor-element elementor-element-fb01258 e-con-full e-flex e-con e-child\" data-id=\"fb01258\" data-element_type=\"container\">\n\t\t\t\t<div class=\"elementor-element elementor-element-9faa61e elementor-widget elementor-widget-counter\" data-id=\"9faa61e\" data-element_type=\"widget\" data-widget_type=\"counter.default\">\n\t\t\t\t<div class=\"elementor-widget-container\">\n\t\t\t\t\t\t\t<div class=\"elementor-counter\">\n\t\t\t<p class=\"elementor-counter-title\">Bikes and e-bike models<\/p>\t\t\t<div class=\"elementor-counter-number-wrapper\">\n\t\t\t\t<span class=\"elementor-counter-number-prefix\"><\/span>\n\t\t\t\t<span class=\"elementor-counter-number\" data-duration=\"2000\" data-to-value=\"400\" data-from-value=\"0\" data-delimiter=\",\">0<\/span>\n\t\t\t\t<span class=\"elementor-counter-number-suffix\"><\/span>\n\t\t\t<\/div>\n\t\t<\/div>\n\t\t\t\t\t\t<\/div>\n\t\t\t\t<\/div>\n\t\t\t\t<\/div>\n\t\t\t\t\t<\/div>\n\t\t\t\t<\/div>\n\t\t\t\t<\/div>\n\t\t","protected":false},"excerpt":{"rendered":"<p>NOTRE HISTOIRE CUBE a \u00e9t\u00e9 fond\u00e9e en 1993 \u00e0 Waldershof, en Bavi\u00e8re, par Marcus Puerner. Ils ont commenc\u00e9 par importer un petit nombre de v\u00e9los&#8230;<\/p>\n","protected":false},"author":1,"featured_media":0,"parent":0,"menu_order":0,"comment_status":"closed","ping_status":"closed","template":"","meta":{"footnotes":""},"class_list":["post-12142","page","type-page","status-publish","hentry"],"_links":{"self":[{"href":"https:\/\/cube-bikes.ca\/fr\/wp-json\/wp\/v2\/pages\/12142","targetHints":{"allow":["GET"]}}],"collection":[{"href":"https:\/\/cube-bikes.ca\/fr\/wp-json\/wp\/v2\/pages"}],"about":[{"href":"https:\/\/cube-bikes.ca\/fr\/wp-json\/wp\/v2\/types\/page"}],"author":[{"embeddable":true,"href":"https:\/\/cube-bikes.ca\/fr\/wp-json\/wp\/v2\/users\/1"}],"replies":[{"embeddable":true,"href":"https:\/\/cube-bikes.ca\/fr\/wp-json\/wp\/v2\/comments?post=12142"}],"version-history":[{"count":7,"href":"https:\/\/cube-bikes.ca\/fr\/wp-json\/wp\/v2\/pages\/12142\/revisions"}],"predecessor-version":[{"id":13075,"href":"https:\/\/cube-bikes.ca\/fr\/wp-json\/wp\/v2\/pages\/12142\/revisions\/13075"}],"wp:attachment":[{"href":"https:\/\/cube-bikes.ca\/fr\/wp-json\/wp\/v2\/media?parent=12142"}],"curies":[{"name":"wp","href":"https:\/\/api.w.org\/{rel}","templated":true}]}}